{"id":36439,"date":"2025-03-31T16:11:46","date_gmt":"2025-03-31T14:11:46","guid":{"rendered":"https:\/\/compassionate-germain.37-27-136-151.plesk.page\/el-vino-ama-la-comida-el-arte-del-maridaje\/"},"modified":"2026-01-16T19:08:16","modified_gmt":"2026-01-16T18:08:16","slug":"el-vino-ama-la-comida-el-arte-del-maridaje","status":"publish","type":"page","link":"https:\/\/compassionate-germain.37-27-136-151.plesk.page\/es\/experiencias\/el-vino-ama-la-comida-el-arte-del-maridaje\/","title":{"rendered":"El vino ama la comida, el arte del maridaje"},"content":{"rendered":"\t\t<div data-elementor-type=\"wp-page\" data-elementor-id=\"36439\" class=\"elementor elementor-36439 elementor-31194\" data-elementor-post-type=\"page\">\n\t\t\t\t<div class=\"elementor-element elementor-element-2b4da6f e-con-full e-flex e-con e-parent\" data-id=\"2b4da6f\" data-element_type=\"container\" data-e-type=\"container\" data-settings=\"{&quot;jet_parallax_layout_list&quot;:[]}\">\n\t\t\t\t<div class=\"elementor-element elementor-element-f2b2bb5 elementor-widget elementor-widget-image\" data-id=\"f2b2bb5\" data-element_type=\"widget\" data-e-type=\"widget\" data-widget_type=\"image.default\">\n\t\t\t\t<div class=\"elementor-widget-container\">\n\t\t\t\t\t\t\t\t\t\t\t\t\t\t\t<img loading=\"lazy\" decoding=\"async\" width=\"2560\" height=\"1049\" src=\"https:\/\/compassionate-germain.37-27-136-151.plesk.page\/wp-content\/uploads\/2025\/04\/1wine-loves-foodmobile-exper.jpg\" class=\"attachment-full size-full wp-image-36444\" alt=\"\" srcset=\"https:\/\/compassionate-germain.37-27-136-151.plesk.page\/wp-content\/uploads\/2025\/04\/1wine-loves-foodmobile-exper.jpg 2560w, https:\/\/compassionate-germain.37-27-136-151.plesk.page\/wp-content\/uploads\/2025\/04\/1wine-loves-foodmobile-exper-300x123.jpg 300w, https:\/\/compassionate-germain.37-27-136-151.plesk.page\/wp-content\/uploads\/2025\/04\/1wine-loves-foodmobile-exper-1024x420.jpg 1024w, https:\/\/compassionate-germain.37-27-136-151.plesk.page\/wp-content\/uploads\/2025\/04\/1wine-loves-foodmobile-exper-768x315.jpg 768w, https:\/\/compassionate-germain.37-27-136-151.plesk.page\/wp-content\/uploads\/2025\/04\/1wine-loves-foodmobile-exper-1536x629.jpg 1536w, https:\/\/compassionate-germain.37-27-136-151.plesk.page\/wp-content\/uploads\/2025\/04\/1wine-loves-foodmobile-exper-2048x839.jpg 2048w, https:\/\/compassionate-germain.37-27-136-151.plesk.page\/wp-content\/uploads\/2025\/04\/1wine-loves-foodmobile-exper-800x328.jpg 800w\" sizes=\"auto, (max-width: 2560px) 100vw, 2560px\" \/>\t\t\t\t\t\t\t\t\t\t\t\t\t\t\t<\/div>\n\t\t\t\t<\/div>\n\t\t\t\t<\/div>\n\t\t<div class=\"elementor-element elementor-element-5aaa252 elementor-hidden-tablet elementor-hidden-mobile_extra e-flex e-con-boxed e-con e-parent\" data-id=\"5aaa252\" data-element_type=\"container\" data-e-type=\"container\" data-settings=\"{&quot;jet_parallax_layout_list&quot;:[]}\">\n\t\t\t\t\t<div class=\"e-con-inner\">\n\t\t<div class=\"elementor-element elementor-element-530e88f e-con-full e-flex e-con e-child\" data-id=\"530e88f\" data-element_type=\"container\" data-e-type=\"container\" data-settings=\"{&quot;jet_parallax_layout_list&quot;:[]}\">\n\t\t<div class=\"elementor-element elementor-element-4d33ced e-con-full e-flex e-con e-child\" data-id=\"4d33ced\" data-element_type=\"container\" data-e-type=\"container\" data-settings=\"{&quot;jet_parallax_layout_list&quot;:[]}\">\n\t\t\t\t<div class=\"elementor-element elementor-element-a98f976 subtitle-position-above elementor-widget__width-initial elementor-mobile-align-center elementor-widget-mobile__width-inherit elementor-widget-tablet__width-inherit elementor-align-center elementor-widget elementor-widget-hnice-heading\" data-id=\"a98f976\" data-element_type=\"widget\" data-e-type=\"widget\" data-widget_type=\"hnice-heading.default\">\n\t\t\t\t<div class=\"elementor-widget-container\">\n\t\t\t\t\t<div class=\"elementor-heading-wrapper-inner\"><h2 class=\"elementor-heading-title elementor-size-default\">El vino ama la comida: el arte del maridaje<\/h2><div class=\"elementor-sub-title\">CASTELLINA IN CHIANTI<\/div><\/div>\t\t\t\t<\/div>\n\t\t\t\t<\/div>\n\t\t\t\t<div class=\"elementor-element elementor-element-29d0f59 elementor-widget-laptop__width-inherit elementor-widget elementor-widget-text-editor\" data-id=\"29d0f59\" data-element_type=\"widget\" data-e-type=\"widget\" data-widget_type=\"text-editor.default\">\n\t\t\t\t<div class=\"elementor-widget-container\">\n\t\t\t\t\t\t\t\t\t<p>Aprende trucos y secretos para combinar el vino adecuado con los alimentos que m\u00e1s te gustan.<\/p>\t\t\t\t\t\t\t\t<\/div>\n\t\t\t\t<\/div>\n\t\t\t\t<div class=\"elementor-element elementor-element-b393486 elementor-widget-laptop__width-inherit elementor-widget elementor-widget-text-editor\" data-id=\"b393486\" data-element_type=\"widget\" data-e-type=\"widget\" data-widget_type=\"text-editor.default\">\n\t\t\t\t<div class=\"elementor-widget-container\">\n\t\t\t\t\t\t\t\t\t<p><strong>\u00a1Descubre el secreto para elevar cada experiencia gastron\u00f3mica <br>con el maridaje adecuado de vino y comida!  <\/strong><\/p><p>Durante esta experiencia interactiva y atractiva, explorar\u00e1s tres t\u00e9cnicas fundamentales para crear maridajes armoniosos. Degustaremos cinco vinos seleccionados, desde elegantes burbujas toscanas hasta blancos, rosados y tintos con cuerpo, cada uno acompa\u00f1ado de especialidades regionales como quesos, embutidos y otras delicias locales. <\/p><p>Guiado por nuestros expertos, aprender\u00e1s c\u00f3mo se influyen mutuamente los sabores y c\u00f3mo elegir el vino ideal para realzar cada plato. Una experiencia ineludible para los amantes del vino y la buena mesa, donde cada sabor es un viaje sensorial hacia la tradici\u00f3n y el placer. <\/p><p>Degusta una selecci\u00f3n de vinos, aprende t\u00e9cnicas y trucos de maridaje, saborea maridajes perfectos, descubre originales delicias toscanas.<\/p>\t\t\t\t\t\t\t\t<\/div>\n\t\t\t\t<\/div>\n\t\t\t\t<div class=\"elementor-element elementor-element-1bf4d10 elementor-widget-laptop__width-inherit elementor-hidden-tablet elementor-hidden-mobile_extra elementor-widget elementor-widget-text-editor\" data-id=\"1bf4d10\" data-element_type=\"widget\" data-e-type=\"widget\" data-widget_type=\"text-editor.default\">\n\t\t\t\t<div class=\"elementor-widget-container\">\n\t\t\t\t\t\t\t\t\t<p><strong>\u00bfD\u00d3NDE? <\/strong><a href=\"https:\/\/maps.app.goo.gl\/iar315uXa6B5n6re8\">GEOGRAFICO DI CASTELLINA, LOC. PIAZZOLE, CASTELLINA IN CHIANTI<\/a><\/p>\t\t\t\t\t\t\t\t<\/div>\n\t\t\t\t<\/div>\n\t\t\t\t<div class=\"elementor-element elementor-element-8f7fc84 elementor-align-center elementor-button-outline elementor-widget elementor-widget-button\" data-id=\"8f7fc84\" data-element_type=\"widget\" data-e-type=\"widget\" data-widget_type=\"button.default\">\n\t\t\t\t<div class=\"elementor-widget-container\">\n\t\t\t\t\t\t\t\t\t<div class=\"elementor-button-wrapper\">\n\t\t\t\t\t<a class=\"elementor-button elementor-button-link elementor-size-sm\" href=\"https:\/\/fareharbor.com\/embeds\/book\/chiantigeografico\/items\/613544\/?full-items=yes&#038;flow=1348109\">\n\t\t\t\t\t\t<span class=\"elementor-button-content-wrapper\">\n\t\t\t\t\t\t<span class=\"elementor-button-icon\">\n\t\t\t\t<i aria-hidden=\"true\" class=\"hnice-icon- hnice-icon-right-arrow\"><\/i>\t\t\t<\/span>\n\t\t\t\t\t\t\t\t\t<span class=\"elementor-button-text\">EXPERIENCIA DEL LIBRO<\/span>\n\t\t\t\t\t<\/span>\n\t\t\t\t\t<\/a>\n\t\t\t\t<\/div>\n\t\t\t\t\t\t\t\t<\/div>\n\t\t\t\t<\/div>\n\t\t\t\t<div class=\"elementor-element elementor-element-968ec40 elementor-widget-laptop__width-inherit elementor-hidden-tablet_extra elementor-hidden-laptop elementor-widget elementor-widget-text-editor\" data-id=\"968ec40\" data-element_type=\"widget\" data-e-type=\"widget\" data-widget_type=\"text-editor.default\">\n\t\t\t\t<div class=\"elementor-widget-container\">\n\t\t\t\t\t\t\t\t\t<p><strong>DURACI\u00d3N DE LA EXPERIENCIA: <\/strong>1 HORA | <strong> CU\u00c1NDO: <\/strong>DEL 1 DE MAYO DE 2025 AL 31 DE OCTUBRE DE 2025 |<strong> D\u00cdAS Y HORARIOS: <\/strong>DE LUNES A VIERNES A LAS 12.00 HORAS<\/p>\t\t\t\t\t\t\t\t<\/div>\n\t\t\t\t<\/div>\n\t\t\t\t<div class=\"elementor-element elementor-element-e9592fe elementor-widget-laptop__width-inherit elementor-hidden-desktop elementor-hidden-tablet elementor-hidden-mobile_extra elementor-hidden-mobile elementor-widget elementor-widget-text-editor\" data-id=\"e9592fe\" data-element_type=\"widget\" data-e-type=\"widget\" data-widget_type=\"text-editor.default\">\n\t\t\t\t<div class=\"elementor-widget-container\">\n\t\t\t\t\t\t\t\t\t<p><strong>DURACI\u00d3N DE LA EXPERIENCIA: <\/strong>1 HORA | <strong> CU\u00c1NDO: <\/strong>DEL 1 DE MAYO DE 2025 AL 31 DE OCTUBRE DE 2025<\/p><p><strong>D\u00cdAS Y HORARIOS: <\/strong>DE LUNES A VIERNES A LAS 12.00 HORAS<\/p>\t\t\t\t\t\t\t\t<\/div>\n\t\t\t\t<\/div>\n\t\t\t\t<\/div>\n\t\t\t\t<\/div>\n\t\t\t\t\t<\/div>\n\t\t\t\t<\/div>\n\t\t<div class=\"elementor-element elementor-element-1a15c7e elementor-hidden-desktop elementor-hidden-laptop elementor-hidden-tablet_extra elementor-hidden-mobile e-flex e-con-boxed e-con e-parent\" data-id=\"1a15c7e\" data-element_type=\"container\" data-e-type=\"container\" data-settings=\"{&quot;jet_parallax_layout_list&quot;:[]}\">\n\t\t\t\t\t<div class=\"e-con-inner\">\n\t\t<div class=\"elementor-element elementor-element-0e7728a e-con-full e-flex e-con e-child\" data-id=\"0e7728a\" data-element_type=\"container\" data-e-type=\"container\" data-settings=\"{&quot;jet_parallax_layout_list&quot;:[]}\">\n\t\t<div class=\"elementor-element elementor-element-ca4bd5b e-con-full e-flex e-con e-child\" data-id=\"ca4bd5b\" data-element_type=\"container\" data-e-type=\"container\" data-settings=\"{&quot;jet_parallax_layout_list&quot;:[]}\">\n\t\t\t\t<div class=\"elementor-element elementor-element-06060b8 subtitle-position-above elementor-widget__width-initial elementor-mobile-align-center elementor-widget-mobile__width-inherit elementor-widget-tablet__width-inherit elementor-align-center elementor-widget elementor-widget-hnice-heading\" data-id=\"06060b8\" data-element_type=\"widget\" data-e-type=\"widget\" data-widget_type=\"hnice-heading.default\">\n\t\t\t\t<div class=\"elementor-widget-container\">\n\t\t\t\t\t<div class=\"elementor-heading-wrapper-inner\"><h2 class=\"elementor-heading-title elementor-size-default\">El vino ama la comida: el arte del maridaje<\/h2><div class=\"elementor-sub-title\">CASTELLINA IN CHIANTI<\/div><\/div>\t\t\t\t<\/div>\n\t\t\t\t<\/div>\n\t\t\t\t<div class=\"elementor-element elementor-element-a9afdac elementor-widget-laptop__width-inherit elementor-widget elementor-widget-text-editor\" data-id=\"a9afdac\" data-element_type=\"widget\" data-e-type=\"widget\" data-widget_type=\"text-editor.default\">\n\t\t\t\t<div class=\"elementor-widget-container\">\n\t\t\t\t\t\t\t\t\t<p>Aprende trucos y secretos para combinar el vino adecuado con los alimentos que m\u00e1s te gustan.<\/p>\t\t\t\t\t\t\t\t<\/div>\n\t\t\t\t<\/div>\n\t\t\t\t<div class=\"elementor-element elementor-element-4b32a7c elementor-widget-laptop__width-inherit elementor-widget elementor-widget-text-editor\" data-id=\"4b32a7c\" data-element_type=\"widget\" data-e-type=\"widget\" data-widget_type=\"text-editor.default\">\n\t\t\t\t<div class=\"elementor-widget-container\">\n\t\t\t\t\t\t\t\t\t<p><strong>\u00a1Descubre el secreto para elevar cada experiencia gastron\u00f3mica <br>con el maridaje adecuado de vino y comida!  <\/strong><\/p><p>Durante esta experiencia interactiva y atractiva, explorar\u00e1s tres t\u00e9cnicas fundamentales para crear maridajes armoniosos. Degustaremos cinco vinos seleccionados, desde elegantes burbujas toscanas hasta blancos, rosados y tintos con cuerpo, cada uno acompa\u00f1ado de especialidades regionales como quesos, embutidos y otras delicias locales. <\/p><p>Guiado por nuestros expertos, aprender\u00e1s c\u00f3mo se influyen mutuamente los sabores y c\u00f3mo elegir el vino ideal para realzar cada plato. Una experiencia ineludible para los amantes del vino y la buena mesa, donde cada sabor es un viaje sensorial hacia la tradici\u00f3n y el placer. <\/p><p>Degusta una selecci\u00f3n de vinos, aprende t\u00e9cnicas y trucos de maridaje, saborea maridajes perfectos, descubre originales delicias toscanas.<\/p>\t\t\t\t\t\t\t\t<\/div>\n\t\t\t\t<\/div>\n\t\t\t\t<div class=\"elementor-element elementor-element-b01acca elementor-widget-laptop__width-inherit elementor-hidden-mobile elementor-widget elementor-widget-text-editor\" data-id=\"b01acca\" data-element_type=\"widget\" data-e-type=\"widget\" data-widget_type=\"text-editor.default\">\n\t\t\t\t<div class=\"elementor-widget-container\">\n\t\t\t\t\t\t\t\t\t<p><strong>\u00bfD\u00d3NDE? <\/strong><a href=\"https:\/\/maps.app.goo.gl\/iar315uXa6B5n6re8\">GEOGRAFICO DI CASTELLINA, LOC. PIAZZOLE, CASTELLINA IN CHIANTI<\/a><\/p>\t\t\t\t\t\t\t\t<\/div>\n\t\t\t\t<\/div>\n\t\t\t\t<div class=\"elementor-element elementor-element-1c2ddbc elementor-align-center elementor-button-outline elementor-widget elementor-widget-button\" data-id=\"1c2ddbc\" data-element_type=\"widget\" data-e-type=\"widget\" data-widget_type=\"button.default\">\n\t\t\t\t<div class=\"elementor-widget-container\">\n\t\t\t\t\t\t\t\t\t<div class=\"elementor-button-wrapper\">\n\t\t\t\t\t<a class=\"elementor-button elementor-button-link elementor-size-sm\" href=\"https:\/\/fareharbor.com\/embeds\/book\/chiantigeografico\/items\/613544\/?full-items=yes&#038;flow=1348109\">\n\t\t\t\t\t\t<span class=\"elementor-button-content-wrapper\">\n\t\t\t\t\t\t<span class=\"elementor-button-icon\">\n\t\t\t\t<i aria-hidden=\"true\" class=\"hnice-icon- hnice-icon-right-arrow\"><\/i>\t\t\t<\/span>\n\t\t\t\t\t\t\t\t\t<span class=\"elementor-button-text\">EXPERIENCIA DEL LIBRO<\/span>\n\t\t\t\t\t<\/span>\n\t\t\t\t\t<\/a>\n\t\t\t\t<\/div>\n\t\t\t\t\t\t\t\t<\/div>\n\t\t\t\t<\/div>\n\t\t\t\t<div class=\"elementor-element elementor-element-ae3eea0 elementor-widget-laptop__width-inherit elementor-hidden-tablet_extra elementor-hidden-laptop elementor-hidden-tablet elementor-hidden-mobile_extra elementor-widget elementor-widget-text-editor\" data-id=\"ae3eea0\" data-element_type=\"widget\" data-e-type=\"widget\" data-widget_type=\"text-editor.default\">\n\t\t\t\t<div class=\"elementor-widget-container\">\n\t\t\t\t\t\t\t\t\t<p><strong>DURACI\u00d3N DE LA EXPERIENCIA: <\/strong>1 HORA | <strong> CU\u00c1NDO: <\/strong>DEL 1 DE MAYO DE 2025 AL 31 DE OCTUBRE DE 2025 |<strong> D\u00cdAS Y HORARIOS: <\/strong>DE LUNES A VIERNES A LAS 12.00 HORAS<\/p>\t\t\t\t\t\t\t\t<\/div>\n\t\t\t\t<\/div>\n\t\t\t\t<div class=\"elementor-element elementor-element-56e229c elementor-widget-laptop__width-inherit elementor-hidden-desktop elementor-hidden-mobile elementor-widget elementor-widget-text-editor\" data-id=\"56e229c\" data-element_type=\"widget\" data-e-type=\"widget\" data-widget_type=\"text-editor.default\">\n\t\t\t\t<div class=\"elementor-widget-container\">\n\t\t\t\t\t\t\t\t\t<p><strong>DURACI\u00d3N DE LA EXPERIENCIA: <\/strong>1 HORA | <strong> CU\u00c1NDO: <\/strong>DEL 1 DE MAYO DE 2025 AL 31 DE OCTUBRE DE 2025<\/p><p><strong>D\u00cdAS Y HORARIOS: <\/strong>DE LUNES A VIERNES A LAS 12.00 HORAS<\/p>\t\t\t\t\t\t\t\t<\/div>\n\t\t\t\t<\/div>\n\t\t\t\t<\/div>\n\t\t\t\t<\/div>\n\t\t\t\t\t<\/div>\n\t\t\t\t<\/div>\n\t\t<div class=\"elementor-element elementor-element-c299126 e-con-full e-flex e-con e-parent\" data-id=\"c299126\" data-element_type=\"container\" data-e-type=\"container\" data-settings=\"{&quot;jet_parallax_layout_list&quot;:[]}\">\n\t\t<div class=\"elementor-element elementor-element-e74fbc9 e-con-full e-flex e-con e-child\" data-id=\"e74fbc9\" data-element_type=\"container\" data-e-type=\"container\" data-settings=\"{&quot;jet_parallax_layout_list&quot;:[]}\">\n\t\t\t\t<div class=\"elementor-element elementor-element-e58e0f8 elementor-widget elementor-widget-image\" data-id=\"e58e0f8\" data-element_type=\"widget\" data-e-type=\"widget\" data-widget_type=\"image.default\">\n\t\t\t\t<div class=\"elementor-widget-container\">\n\t\t\t\t\t\t\t\t\t\t\t\t\t\t\t<img loading=\"lazy\" decoding=\"async\" width=\"820\" height=\"500\" src=\"https:\/\/compassionate-germain.37-27-136-151.plesk.page\/wp-content\/uploads\/2025\/04\/abbinamenti-1-int.jpg\" class=\"attachment-large size-large wp-image-36441\" alt=\"\" srcset=\"https:\/\/compassionate-germain.37-27-136-151.plesk.page\/wp-content\/uploads\/2025\/04\/abbinamenti-1-int.jpg 820w, https:\/\/compassionate-germain.37-27-136-151.plesk.page\/wp-content\/uploads\/2025\/04\/abbinamenti-1-int-300x183.jpg 300w, https:\/\/compassionate-germain.37-27-136-151.plesk.page\/wp-content\/uploads\/2025\/04\/abbinamenti-1-int-768x468.jpg 768w, https:\/\/compassionate-germain.37-27-136-151.plesk.page\/wp-content\/uploads\/2025\/04\/abbinamenti-1-int-800x488.jpg 800w\" sizes=\"auto, (max-width: 820px) 100vw, 820px\" \/>\t\t\t\t\t\t\t\t\t\t\t\t\t\t\t<\/div>\n\t\t\t\t<\/div>\n\t\t\t\t<\/div>\n\t\t<div class=\"elementor-element elementor-element-684ee6d e-con-full e-flex e-con e-child\" data-id=\"684ee6d\" data-element_type=\"container\" data-e-type=\"container\" data-settings=\"{&quot;jet_parallax_layout_list&quot;:[]}\">\n\t\t\t\t<div class=\"elementor-element elementor-element-52633fb elementor-widget elementor-widget-image\" data-id=\"52633fb\" data-element_type=\"widget\" data-e-type=\"widget\" data-widget_type=\"image.default\">\n\t\t\t\t<div class=\"elementor-widget-container\">\n\t\t\t\t\t\t\t\t\t\t\t\t\t\t\t<img loading=\"lazy\" decoding=\"async\" width=\"820\" height=\"500\" src=\"https:\/\/compassionate-germain.37-27-136-151.plesk.page\/wp-content\/uploads\/2025\/04\/abbinamenti-2-int.jpg\" class=\"attachment-large size-large wp-image-36442\" alt=\"\" srcset=\"https:\/\/compassionate-germain.37-27-136-151.plesk.page\/wp-content\/uploads\/2025\/04\/abbinamenti-2-int.jpg 820w, https:\/\/compassionate-germain.37-27-136-151.plesk.page\/wp-content\/uploads\/2025\/04\/abbinamenti-2-int-300x183.jpg 300w, https:\/\/compassionate-germain.37-27-136-151.plesk.page\/wp-content\/uploads\/2025\/04\/abbinamenti-2-int-768x468.jpg 768w, https:\/\/compassionate-germain.37-27-136-151.plesk.page\/wp-content\/uploads\/2025\/04\/abbinamenti-2-int-800x488.jpg 800w\" sizes=\"auto, (max-width: 820px) 100vw, 820px\" \/>\t\t\t\t\t\t\t\t\t\t\t\t\t\t\t<\/div>\n\t\t\t\t<\/div>\n\t\t\t\t<\/div>\n\t\t<div class=\"elementor-element elementor-element-b776bd1 e-con-full e-flex e-con e-child\" data-id=\"b776bd1\" data-element_type=\"container\" data-e-type=\"container\" data-settings=\"{&quot;jet_parallax_layout_list&quot;:[]}\">\n\t\t\t\t<div class=\"elementor-element elementor-element-de478e7 elementor-widget elementor-widget-image\" data-id=\"de478e7\" data-element_type=\"widget\" data-e-type=\"widget\" data-widget_type=\"image.default\">\n\t\t\t\t<div class=\"elementor-widget-container\">\n\t\t\t\t\t\t\t\t\t\t\t\t\t\t\t<img loading=\"lazy\" decoding=\"async\" width=\"820\" height=\"500\" src=\"https:\/\/compassionate-germain.37-27-136-151.plesk.page\/wp-content\/uploads\/2025\/04\/abbinamenti-3-int.jpg\" class=\"attachment-large size-large wp-image-36443\" alt=\"\" srcset=\"https:\/\/compassionate-germain.37-27-136-151.plesk.page\/wp-content\/uploads\/2025\/04\/abbinamenti-3-int.jpg 820w, https:\/\/compassionate-germain.37-27-136-151.plesk.page\/wp-content\/uploads\/2025\/04\/abbinamenti-3-int-300x183.jpg 300w, https:\/\/compassionate-germain.37-27-136-151.plesk.page\/wp-content\/uploads\/2025\/04\/abbinamenti-3-int-768x468.jpg 768w, https:\/\/compassionate-germain.37-27-136-151.plesk.page\/wp-content\/uploads\/2025\/04\/abbinamenti-3-int-800x488.jpg 800w\" sizes=\"auto, (max-width: 820px) 100vw, 820px\" \/>\t\t\t\t\t\t\t\t\t\t\t\t\t\t\t<\/div>\n\t\t\t\t<\/div>\n\t\t\t\t<\/div>\n\t\t\t\t<\/div>\n\t\t\t\t<\/div>\n\t\t","protected":false},"excerpt":{"rendered":"<p>El vino ama la comida: el arte del maridaje CASTELLINA IN CHIANTI Aprende trucos y secretos para combinar el vino adecuado con los alimentos que m\u00e1s te gustan. \u00a1Descubre el secreto para elevar cada experiencia gastron\u00f3mica con el maridaje adecuado de vino y comida! Durante esta experiencia interactiva y atractiva, explorar\u00e1s tres t\u00e9cnicas fundamentales para [&hellip;]<\/p>\n","protected":false},"author":1,"featured_media":0,"parent":36696,"menu_order":0,"comment_status":"closed","ping_status":"closed","template":"","meta":{"_acf_changed":false,"footnotes":""},"class_list":["post-36439","page","type-page","status-publish","hentry"],"acf":[],"_links":{"self":[{"href":"https:\/\/compassionate-germain.37-27-136-151.plesk.page\/es\/wp-json\/wp\/v2\/pages\/36439","targetHints":{"allow":["GET"]}}],"collection":[{"href":"https:\/\/compassionate-germain.37-27-136-151.plesk.page\/es\/wp-json\/wp\/v2\/pages"}],"about":[{"href":"https:\/\/compassionate-germain.37-27-136-151.plesk.page\/es\/wp-json\/wp\/v2\/types\/page"}],"author":[{"embeddable":true,"href":"https:\/\/compassionate-germain.37-27-136-151.plesk.page\/es\/wp-json\/wp\/v2\/users\/1"}],"replies":[{"embeddable":true,"href":"https:\/\/compassionate-germain.37-27-136-151.plesk.page\/es\/wp-json\/wp\/v2\/comments?post=36439"}],"version-history":[{"count":3,"href":"https:\/\/compassionate-germain.37-27-136-151.plesk.page\/es\/wp-json\/wp\/v2\/pages\/36439\/revisions"}],"predecessor-version":[{"id":36456,"href":"https:\/\/compassionate-germain.37-27-136-151.plesk.page\/es\/wp-json\/wp\/v2\/pages\/36439\/revisions\/36456"}],"up":[{"embeddable":true,"href":"https:\/\/compassionate-germain.37-27-136-151.plesk.page\/es\/wp-json\/wp\/v2\/pages\/36696"}],"wp:attachment":[{"href":"https:\/\/compassionate-germain.37-27-136-151.plesk.page\/es\/wp-json\/wp\/v2\/media?parent=36439"}],"curies":[{"name":"wp","href":"https:\/\/api.w.org\/{rel}","templated":true}]}}