{"id":36588,"date":"2023-10-15T12:13:15","date_gmt":"2023-10-15T10:13:15","guid":{"rendered":"https:\/\/compassionate-germain.37-27-136-151.plesk.page\/etiquetas\/los-terzieri\/"},"modified":"2026-01-22T15:49:23","modified_gmt":"2026-01-22T14:49:23","slug":"i-terzieri","status":"publish","type":"page","link":"https:\/\/compassionate-germain.37-27-136-151.plesk.page\/es\/etiquetas\/i-terzieri\/","title":{"rendered":"I Terzieri"},"content":{"rendered":"\t\t<div data-elementor-type=\"wp-page\" data-elementor-id=\"36588\" class=\"elementor elementor-36588 elementor-20000\" data-elementor-post-type=\"page\">\n\t\t\t\t<div class=\"elementor-element elementor-element-cb1b272 e-con-full e-flex e-con e-parent\" data-id=\"cb1b272\" data-element_type=\"container\" data-e-type=\"container\" data-settings=\"{&quot;jet_parallax_layout_list&quot;:[]}\">\n\t\t<div class=\"elementor-element elementor-element-3ba5d45 e-con-full elementor-hidden-mobile e-flex e-con e-child\" data-id=\"3ba5d45\" data-element_type=\"container\" data-e-type=\"container\" data-settings=\"{&quot;background_background&quot;:&quot;classic&quot;,&quot;jet_parallax_layout_list&quot;:[]}\">\n\t\t\t\t<\/div>\n\t\t<div class=\"elementor-element elementor-element-491ce54 e-con-full elementor-hidden-desktop elementor-hidden-laptop elementor-hidden-tablet_extra elementor-hidden-tablet elementor-hidden-mobile_extra e-flex e-con e-child\" data-id=\"491ce54\" data-element_type=\"container\" data-e-type=\"container\" data-settings=\"{&quot;background_background&quot;:&quot;classic&quot;,&quot;jet_parallax_layout_list&quot;:[]}\">\n\t\t\t\t<\/div>\n\t\t\t\t<\/div>\n\t\t<div class=\"elementor-element elementor-element-b666cb2 e-flex e-con-boxed e-con e-parent\" data-id=\"b666cb2\" data-element_type=\"container\" data-e-type=\"container\" data-settings=\"{&quot;jet_parallax_layout_list&quot;:[]}\">\n\t\t\t\t\t<div class=\"e-con-inner\">\n\t\t<div class=\"elementor-element elementor-element-45b352e e-con-full e-flex e-con e-child\" data-id=\"45b352e\" data-element_type=\"container\" data-e-type=\"container\" data-settings=\"{&quot;jet_parallax_layout_list&quot;:[]}\">\n\t\t\t\t<div class=\"elementor-element elementor-element-2e15680 elementor-widget-divider--view-line elementor-widget elementor-widget-divider\" data-id=\"2e15680\" data-element_type=\"widget\" data-e-type=\"widget\" data-widget_type=\"divider.default\">\n\t\t\t\t<div class=\"elementor-widget-container\">\n\t\t\t\t\t\t\t<div class=\"elementor-divider\">\n\t\t\t<span class=\"elementor-divider-separator\">\n\t\t\t\t\t\t<\/span>\n\t\t<\/div>\n\t\t\t\t\t\t<\/div>\n\t\t\t\t<\/div>\n\t\t\t\t<div class=\"elementor-element elementor-element-032db96 elementor-widget elementor-widget-image\" data-id=\"032db96\" data-element_type=\"widget\" data-e-type=\"widget\" data-widget_type=\"image.default\">\n\t\t\t\t<div class=\"elementor-widget-container\">\n\t\t\t\t\t\t\t\t\t\t\t\t\t\t\t<img loading=\"lazy\" decoding=\"async\" width=\"650\" height=\"135\" src=\"https:\/\/compassionate-germain.37-27-136-151.plesk.page\/wp-content\/uploads\/2024\/09\/Vector-Smart-Object-3.png\" class=\"attachment-large size-large wp-image-37224\" alt=\"\" srcset=\"https:\/\/compassionate-germain.37-27-136-151.plesk.page\/wp-content\/uploads\/2024\/09\/Vector-Smart-Object-3.png 650w, https:\/\/compassionate-germain.37-27-136-151.plesk.page\/wp-content\/uploads\/2024\/09\/Vector-Smart-Object-3-300x62.png 300w\" sizes=\"auto, (max-width: 650px) 100vw, 650px\" \/>\t\t\t\t\t\t\t\t\t\t\t\t\t\t\t<\/div>\n\t\t\t\t<\/div>\n\t\t\t\t<div class=\"elementor-element elementor-element-58ce150 elementor-widget-divider--view-line elementor-widget elementor-widget-divider\" data-id=\"58ce150\" data-element_type=\"widget\" data-e-type=\"widget\" data-widget_type=\"divider.default\">\n\t\t\t\t<div class=\"elementor-widget-container\">\n\t\t\t\t\t\t\t<div class=\"elementor-divider\">\n\t\t\t<span class=\"elementor-divider-separator\">\n\t\t\t\t\t\t<\/span>\n\t\t<\/div>\n\t\t\t\t\t\t<\/div>\n\t\t\t\t<\/div>\n\t\t<div class=\"elementor-element elementor-element-9f6ed66 e-con-full e-flex e-con e-child\" data-id=\"9f6ed66\" data-element_type=\"container\" data-e-type=\"container\" data-settings=\"{&quot;jet_parallax_layout_list&quot;:[]}\">\n\t\t\t\t<div class=\"elementor-element elementor-element-62f5785 subtitle-position-above elementor-widget__width-initial elementor-mobile-align-center elementor-widget-mobile__width-initial elementor-widget-tablet__width-inherit elementor-align-center elementor-widget elementor-widget-hnice-heading\" data-id=\"62f5785\" data-element_type=\"widget\" data-e-type=\"widget\" data-widget_type=\"hnice-heading.default\">\n\t\t\t\t<div class=\"elementor-widget-container\">\n\t\t\t\t\t<div class=\"elementor-heading-wrapper-inner\"><h2 class=\"elementor-heading-title elementor-size-default\">El legado del Gallo Negro<\/h2><div class=\"elementor-sub-title\">TRES VINOS QUE CUENTAN LA HISTORIA DEL SANGIOVESE<\/div><\/div>\t\t\t\t<\/div>\n\t\t\t\t<\/div>\n\t\t<div class=\"elementor-element elementor-element-7e9f92b e-con-full e-flex e-con e-child\" data-id=\"7e9f92b\" data-element_type=\"container\" data-e-type=\"container\" data-settings=\"{&quot;jet_parallax_layout_list&quot;:[]}\">\n\t\t\t\t<div class=\"elementor-element elementor-element-b22f7d5 elementor-widget-laptop__width-inherit elementor-widget-mobile__width-initial elementor-widget elementor-widget-text-editor\" data-id=\"b22f7d5\" data-element_type=\"widget\" data-e-type=\"widget\" data-widget_type=\"text-editor.default\">\n\t\t\t\t<div class=\"elementor-widget-container\">\n\t\t\t\t\t\t\t\t\t<p>Toscana. Siglo XII. En aquella \u00e9poca, el Chianti discurr\u00eda a lo largo de las estribaciones extremas de los condados de Siena y Florencia y fue durante siglos escenario sangriento de disputas y guerras fronterizas. No fue hasta principios del siglo XIII cuando Florencia tom\u00f3 posesi\u00f3n de una amplia zona del Chianti, que fue pacificada y reorganizada mediante la creaci\u00f3n de una instituci\u00f3n especial: la Lega del Chianti. Dividida en los tres Terzieri de Radda, Castellina y Gaiole, la Liga se dot\u00f3 en 1383 de un estatuto y un s\u00edmbolo destinado a surcar los siglos: el Gallo Negro.    <\/p><p>La sede de la Liga se estableci\u00f3 en Radda, donde a\u00fan se conserva el palacio pretoriano como recuerdo de la antigua preeminencia administrativa y jurisdiccional de la ciudad sobre otros lugares del Chianti.<\/p><p>Situada a lo largo del antiguo camino que conduc\u00eda a Siena, Castellina era el basti\u00f3n m\u00e1s avanzado de la comuna florentina hacia el territorio sien\u00e9s. Gracias a este valor estrat\u00e9gico absoluto, a principios del siglo XIV Castellina arrebat\u00f3 a Radda la supremac\u00eda de la Liga, que mantuvo durante varias d\u00e9cadas. <\/p>\t\t\t\t\t\t\t\t<\/div>\n\t\t\t\t<\/div>\n\t\t\t\t<\/div>\n\t\t\t\t<\/div>\n\t\t\t\t<\/div>\n\t\t<div class=\"elementor-element elementor-element-7dad23c e-con-full e-flex e-con e-child\" data-id=\"7dad23c\" data-element_type=\"container\" data-e-type=\"container\" data-settings=\"{&quot;jet_parallax_layout_list&quot;:[]}\">\n\t\t<div class=\"elementor-element elementor-element-440ee46 e-con-full e-flex e-con e-child\" data-id=\"440ee46\" data-element_type=\"container\" data-e-type=\"container\" data-settings=\"{&quot;jet_parallax_layout_list&quot;:[]}\">\n\t\t<div class=\"elementor-element elementor-element-970e1f5 e-con-full e-flex e-con e-child\" data-id=\"970e1f5\" data-element_type=\"container\" data-e-type=\"container\" data-settings=\"{&quot;jet_parallax_layout_list&quot;:[]}\">\n\t\t\t\t<div class=\"elementor-element elementor-element-5117390 elementor-widget elementor-widget-hnice-team-box\" data-id=\"5117390\" data-element_type=\"widget\" data-e-type=\"widget\" data-widget_type=\"hnice-team-box.default\">\n\t\t\t\t<div class=\"elementor-widget-container\">\n\t\t\t\t\t\r\n        <div class=\"elementor-teams-wrapper\">\r\n                            <div class=\"team-image\">\r\n                            <div class=\"team-icon-socials\">\r\n            <ul>\r\n                                                                                                                                                                            <\/ul>\r\n        <\/div>\r\n\r\n                            <img loading=\"lazy\" decoding=\"async\" width=\"1080\" height=\"1350\" src=\"https:\/\/compassionate-germain.37-27-136-151.plesk.page\/wp-content\/uploads\/2024\/08\/GEOGRAFICO-I-Terzieri-Levante.jpg\" class=\"attachment-full size-full wp-image-21906\" alt=\"\" srcset=\"https:\/\/compassionate-germain.37-27-136-151.plesk.page\/wp-content\/uploads\/2024\/08\/GEOGRAFICO-I-Terzieri-Levante.jpg 1080w, https:\/\/compassionate-germain.37-27-136-151.plesk.page\/wp-content\/uploads\/2024\/08\/GEOGRAFICO-I-Terzieri-Levante-240x300.jpg 240w, https:\/\/compassionate-germain.37-27-136-151.plesk.page\/wp-content\/uploads\/2024\/08\/GEOGRAFICO-I-Terzieri-Levante-819x1024.jpg 819w, https:\/\/compassionate-germain.37-27-136-151.plesk.page\/wp-content\/uploads\/2024\/08\/GEOGRAFICO-I-Terzieri-Levante-768x960.jpg 768w, https:\/\/compassionate-germain.37-27-136-151.plesk.page\/wp-content\/uploads\/2024\/08\/GEOGRAFICO-I-Terzieri-Levante-460x575.jpg 460w, https:\/\/compassionate-germain.37-27-136-151.plesk.page\/wp-content\/uploads\/2024\/08\/GEOGRAFICO-I-Terzieri-Levante-800x1000.jpg 800w, https:\/\/compassionate-germain.37-27-136-151.plesk.page\/wp-content\/uploads\/2024\/08\/GEOGRAFICO-I-Terzieri-Levante-100x126.jpg 100w\" sizes=\"auto, (max-width: 1080px) 100vw, 1080px\" \/>                <\/div>\r\n                        <div class=\"team-caption\">\r\n                                    <div class=\"team-name\">I Terzieri<\/div>\r\n                                <div class=\"team-job\">Levante<\/div>\r\n            <\/div>\r\n        <\/div>\r\n        \t\t\t\t<\/div>\n\t\t\t\t<\/div>\n\t\t\t\t<\/div>\n\t\t<div class=\"elementor-element elementor-element-158fdda e-con-full e-flex e-con e-child\" data-id=\"158fdda\" data-element_type=\"container\" data-e-type=\"container\" data-settings=\"{&quot;jet_parallax_layout_list&quot;:[]}\">\n\t\t\t\t<div class=\"elementor-element elementor-element-16a034a elementor-widget elementor-widget-hnice-team-box\" data-id=\"16a034a\" data-element_type=\"widget\" data-e-type=\"widget\" data-widget_type=\"hnice-team-box.default\">\n\t\t\t\t<div class=\"elementor-widget-container\">\n\t\t\t\t\t\r\n        <div class=\"elementor-teams-wrapper\">\r\n                            <div class=\"team-image\">\r\n                            <div class=\"team-icon-socials\">\r\n            <ul>\r\n                                                                                                                                                                            <\/ul>\r\n        <\/div>\r\n\r\n                            <img loading=\"lazy\" decoding=\"async\" width=\"1080\" height=\"1350\" src=\"https:\/\/compassionate-germain.37-27-136-151.plesk.page\/wp-content\/uploads\/2024\/08\/GEOGRAFICO-I-Terzieri-Tramontano.jpg\" class=\"attachment-full size-full wp-image-21904\" alt=\"\" srcset=\"https:\/\/compassionate-germain.37-27-136-151.plesk.page\/wp-content\/uploads\/2024\/08\/GEOGRAFICO-I-Terzieri-Tramontano.jpg 1080w, https:\/\/compassionate-germain.37-27-136-151.plesk.page\/wp-content\/uploads\/2024\/08\/GEOGRAFICO-I-Terzieri-Tramontano-240x300.jpg 240w, https:\/\/compassionate-germain.37-27-136-151.plesk.page\/wp-content\/uploads\/2024\/08\/GEOGRAFICO-I-Terzieri-Tramontano-819x1024.jpg 819w, https:\/\/compassionate-germain.37-27-136-151.plesk.page\/wp-content\/uploads\/2024\/08\/GEOGRAFICO-I-Terzieri-Tramontano-768x960.jpg 768w, https:\/\/compassionate-germain.37-27-136-151.plesk.page\/wp-content\/uploads\/2024\/08\/GEOGRAFICO-I-Terzieri-Tramontano-460x575.jpg 460w, https:\/\/compassionate-germain.37-27-136-151.plesk.page\/wp-content\/uploads\/2024\/08\/GEOGRAFICO-I-Terzieri-Tramontano-800x1000.jpg 800w, https:\/\/compassionate-germain.37-27-136-151.plesk.page\/wp-content\/uploads\/2024\/08\/GEOGRAFICO-I-Terzieri-Tramontano-100x126.jpg 100w\" sizes=\"auto, (max-width: 1080px) 100vw, 1080px\" \/>                <\/div>\r\n                        <div class=\"team-caption\">\r\n                                    <div class=\"team-name\">I Terzieri<\/div>\r\n                                <div class=\"team-job\">Tramontano<\/div>\r\n            <\/div>\r\n        <\/div>\r\n        \t\t\t\t<\/div>\n\t\t\t\t<\/div>\n\t\t\t\t<\/div>\n\t\t<div class=\"elementor-element elementor-element-759c60e e-con-full e-flex e-con e-child\" data-id=\"759c60e\" data-element_type=\"container\" data-e-type=\"container\" data-settings=\"{&quot;jet_parallax_layout_list&quot;:[]}\">\n\t\t\t\t<div class=\"elementor-element elementor-element-d9a0e17 elementor-widget elementor-widget-hnice-team-box\" data-id=\"d9a0e17\" data-element_type=\"widget\" data-e-type=\"widget\" data-widget_type=\"hnice-team-box.default\">\n\t\t\t\t<div class=\"elementor-widget-container\">\n\t\t\t\t\t\r\n        <div class=\"elementor-teams-wrapper\">\r\n                            <div class=\"team-image\">\r\n                            <div class=\"team-icon-socials\">\r\n            <ul>\r\n                                                                                                                                                                            <\/ul>\r\n        <\/div>\r\n\r\n                            <img loading=\"lazy\" decoding=\"async\" width=\"1080\" height=\"1350\" src=\"https:\/\/compassionate-germain.37-27-136-151.plesk.page\/wp-content\/uploads\/2024\/08\/GEOGRAFICO-I-Terzieri-Ponente.jpg\" class=\"attachment-full size-full wp-image-21901\" alt=\"\" srcset=\"https:\/\/compassionate-germain.37-27-136-151.plesk.page\/wp-content\/uploads\/2024\/08\/GEOGRAFICO-I-Terzieri-Ponente.jpg 1080w, https:\/\/compassionate-germain.37-27-136-151.plesk.page\/wp-content\/uploads\/2024\/08\/GEOGRAFICO-I-Terzieri-Ponente-240x300.jpg 240w, https:\/\/compassionate-germain.37-27-136-151.plesk.page\/wp-content\/uploads\/2024\/08\/GEOGRAFICO-I-Terzieri-Ponente-819x1024.jpg 819w, https:\/\/compassionate-germain.37-27-136-151.plesk.page\/wp-content\/uploads\/2024\/08\/GEOGRAFICO-I-Terzieri-Ponente-768x960.jpg 768w, https:\/\/compassionate-germain.37-27-136-151.plesk.page\/wp-content\/uploads\/2024\/08\/GEOGRAFICO-I-Terzieri-Ponente-460x575.jpg 460w, https:\/\/compassionate-germain.37-27-136-151.plesk.page\/wp-content\/uploads\/2024\/08\/GEOGRAFICO-I-Terzieri-Ponente-800x1000.jpg 800w, https:\/\/compassionate-germain.37-27-136-151.plesk.page\/wp-content\/uploads\/2024\/08\/GEOGRAFICO-I-Terzieri-Ponente-100x126.jpg 100w\" sizes=\"auto, (max-width: 1080px) 100vw, 1080px\" \/>                <\/div>\r\n                        <div class=\"team-caption\">\r\n                                    <div class=\"team-name\">I Terzieri<\/div>\r\n                                <div class=\"team-job\">Ponente<\/div>\r\n            <\/div>\r\n        <\/div>\r\n        \t\t\t\t<\/div>\n\t\t\t\t<\/div>\n\t\t\t\t<\/div>\n\t\t\t\t<\/div>\n\t\t<div class=\"elementor-element elementor-element-fff8227 e-con-full e-flex e-con e-child\" data-id=\"fff8227\" data-element_type=\"container\" data-e-type=\"container\" data-settings=\"{&quot;jet_parallax_layout_list&quot;:[]}\">\n\t\t\t\t<div class=\"elementor-element elementor-element-f92377e elementor-widget-laptop__width-inherit elementor-widget-mobile__width-initial elementor-widget elementor-widget-text-editor\" data-id=\"f92377e\" data-element_type=\"widget\" data-e-type=\"widget\" data-widget_type=\"text-editor.default\">\n\t\t\t\t<div class=\"elementor-widget-container\">\n\t\t\t\t\t\t\t\t\t<p>A la cabeza del \u00faltimo Terziere estaba Gaiole, un centro que ya en el siglo XI contaba con un concurrido mercado, en torno al cual creci\u00f3 la ciudad en los siglos siguientes. En los a\u00f1os siguientes, Florencia impuso cada vez m\u00e1s su hegemon\u00eda, reduciendo a su rival Siena. En esta redefinici\u00f3n del orden pol\u00edtico, la Lega del Chianti perdi\u00f3 su papel estrat\u00e9gico y militar, pero sigui\u00f3 operando en el \u00e1mbito civil y, sobre todo, agr\u00edcola. De hecho, la primera menci\u00f3n de un vino llamado \u00abChianti\u00bb se remonta a 1398, aunque indicado s\u00f3lo en su forma de baya blanca.   <\/p><p>Pasaron unos a\u00f1os y documentos de 1427 certificaron el auge indiscutible del vino tinto de Chianti. La Lega del Chianti sigui\u00f3 ejerciendo un control cada vez m\u00e1s estricto sobre \u00abese buen vino que tan bien se vende\u00bb, hasta el punto de que a partir de 1444 se promulg\u00f3 un reglamento que sancionaba los plazos de la vendimia, cuyas operaciones no deb\u00edan comenzar antes de la fiesta de San Miguel, el 29 de septiembre. <\/p><p>El creciente prestigio de este vino aliment\u00f3 un mercado desenfrenado de falsificaciones: muchos vinos ostentaban el nombre autorizado de \u00abChianti\u00bb para poder aspirar a un mayor comercio. En 1716, en un intento de poner fin a los constantes fraudes, el Gran Duque de Toscana Cosme III promulg\u00f3 una proclama que trazaba los l\u00edmites dentro de los cuales era legal producir Chianti, estableciendo de hecho una especie de denominaci\u00f3n de origen controlada ante litteram. Fulcro y centro de este per\u00edmetro restringido eran los tres Terzieri de la antigua Lega del Chianti: Radda, Gaiole y Castellina.  <\/p>\t\t\t\t\t\t\t\t<\/div>\n\t\t\t\t<\/div>\n\t\t\t\t<\/div>\n\t\t\t\t<\/div>\n\t\t\t\t\t<\/div>\n\t\t\t\t<\/div>\n\t\t\t\t<\/div>\n\t\t","protected":false},"excerpt":{"rendered":"<p>El legado del Gallo Negro TRES VINOS QUE CUENTAN LA HISTORIA DEL SANGIOVESE Toscana. Siglo XII. En aquella \u00e9poca, el Chianti discurr\u00eda a lo largo de las estribaciones extremas de los condados de Siena y Florencia y fue durante siglos escenario sangriento de disputas y guerras fronterizas. No fue hasta principios del siglo XIII cuando [&hellip;]<\/p>\n","protected":false},"author":1,"featured_media":0,"parent":36389,"menu_order":0,"comment_status":"closed","ping_status":"closed","template":"","meta":{"_acf_changed":false,"footnotes":""},"class_list":["post-36588","page","type-page","status-publish","hentry"],"acf":[],"_links":{"self":[{"href":"https:\/\/compassionate-germain.37-27-136-151.plesk.page\/es\/wp-json\/wp\/v2\/pages\/36588","targetHints":{"allow":["GET"]}}],"collection":[{"href":"https:\/\/compassionate-germain.37-27-136-151.plesk.page\/es\/wp-json\/wp\/v2\/pages"}],"about":[{"href":"https:\/\/compassionate-germain.37-27-136-151.plesk.page\/es\/wp-json\/wp\/v2\/types\/page"}],"author":[{"embeddable":true,"href":"https:\/\/compassionate-germain.37-27-136-151.plesk.page\/es\/wp-json\/wp\/v2\/users\/1"}],"replies":[{"embeddable":true,"href":"https:\/\/compassionate-germain.37-27-136-151.plesk.page\/es\/wp-json\/wp\/v2\/comments?post=36588"}],"version-history":[{"count":2,"href":"https:\/\/compassionate-germain.37-27-136-151.plesk.page\/es\/wp-json\/wp\/v2\/pages\/36588\/revisions"}],"predecessor-version":[{"id":39191,"href":"https:\/\/compassionate-germain.37-27-136-151.plesk.page\/es\/wp-json\/wp\/v2\/pages\/36588\/revisions\/39191"}],"up":[{"embeddable":true,"href":"https:\/\/compassionate-germain.37-27-136-151.plesk.page\/es\/wp-json\/wp\/v2\/pages\/36389"}],"wp:attachment":[{"href":"https:\/\/compassionate-germain.37-27-136-151.plesk.page\/es\/wp-json\/wp\/v2\/media?parent=36588"}],"curies":[{"name":"wp","href":"https:\/\/api.w.org\/{rel}","templated":true}]}}