{"id":36696,"date":"2025-03-31T15:11:18","date_gmt":"2025-03-31T13:11:18","guid":{"rendered":"https:\/\/compassionate-germain.37-27-136-151.plesk.page\/experiencias\/"},"modified":"2026-01-19T18:03:49","modified_gmt":"2026-01-19T17:03:49","slug":"experiencias","status":"publish","type":"page","link":"https:\/\/compassionate-germain.37-27-136-151.plesk.page\/es\/experiencias\/","title":{"rendered":"Experiencias"},"content":{"rendered":"\t\t<div data-elementor-type=\"wp-page\" data-elementor-id=\"36696\" class=\"elementor elementor-36696 elementor-31178\" data-elementor-post-type=\"page\">\n\t\t\t\t<div class=\"elementor-element elementor-element-3624031 e-con-full e-flex e-con e-parent\" data-id=\"3624031\" data-element_type=\"container\" data-e-type=\"container\" data-settings=\"{&quot;jet_parallax_layout_list&quot;:[]}\">\n\t\t\t\t<div class=\"elementor-element elementor-element-d3a2e17 elementor-hidden-tablet_extra elementor-hidden-tablet elementor-hidden-mobile_extra elementor-hidden-mobile elementor-widget elementor-widget-image\" data-id=\"d3a2e17\" data-element_type=\"widget\" data-e-type=\"widget\" data-widget_type=\"image.default\">\n\t\t\t\t<div class=\"elementor-widget-container\">\n\t\t\t\t\t\t\t\t\t\t\t\t\t\t\t<img loading=\"lazy\" decoding=\"async\" width=\"2560\" height=\"352\" src=\"https:\/\/compassionate-germain.37-27-136-151.plesk.page\/wp-content\/uploads\/2025\/04\/Banner-Podcast-desk-ITA-scale.jpg\" class=\"attachment-full size-full wp-image-36708\" alt=\"\" srcset=\"https:\/\/compassionate-germain.37-27-136-151.plesk.page\/wp-content\/uploads\/2025\/04\/Banner-Podcast-desk-ITA-scale.jpg 2560w, https:\/\/compassionate-germain.37-27-136-151.plesk.page\/wp-content\/uploads\/2025\/04\/Banner-Podcast-desk-ITA-scale-300x41.jpg 300w, https:\/\/compassionate-germain.37-27-136-151.plesk.page\/wp-content\/uploads\/2025\/04\/Banner-Podcast-desk-ITA-scale-1024x141.jpg 1024w, https:\/\/compassionate-germain.37-27-136-151.plesk.page\/wp-content\/uploads\/2025\/04\/Banner-Podcast-desk-ITA-scale-768x106.jpg 768w, https:\/\/compassionate-germain.37-27-136-151.plesk.page\/wp-content\/uploads\/2025\/04\/Banner-Podcast-desk-ITA-scale-1536x211.jpg 1536w, https:\/\/compassionate-germain.37-27-136-151.plesk.page\/wp-content\/uploads\/2025\/04\/Banner-Podcast-desk-ITA-scale-2048x282.jpg 2048w, https:\/\/compassionate-germain.37-27-136-151.plesk.page\/wp-content\/uploads\/2025\/04\/Banner-Podcast-desk-ITA-scale-800x110.jpg 800w\" sizes=\"auto, (max-width: 2560px) 100vw, 2560px\" \/>\t\t\t\t\t\t\t\t\t\t\t\t\t\t\t<\/div>\n\t\t\t\t<\/div>\n\t\t\t\t<div class=\"elementor-element elementor-element-61a8226 elementor-hidden-desktop elementor-hidden-laptop elementor-widget elementor-widget-image\" data-id=\"61a8226\" data-element_type=\"widget\" data-e-type=\"widget\" data-widget_type=\"image.default\">\n\t\t\t\t<div class=\"elementor-widget-container\">\n\t\t\t\t\t\t\t\t\t\t\t\t\t\t\t<img loading=\"lazy\" decoding=\"async\" width=\"2560\" height=\"1049\" src=\"https:\/\/compassionate-germain.37-27-136-151.plesk.page\/wp-content\/uploads\/2025\/04\/Banner-Esperienze-mobile.jpg\" class=\"attachment-full size-full wp-image-36709\" alt=\"\" srcset=\"https:\/\/compassionate-germain.37-27-136-151.plesk.page\/wp-content\/uploads\/2025\/04\/Banner-Esperienze-mobile.jpg 2560w, https:\/\/compassionate-germain.37-27-136-151.plesk.page\/wp-content\/uploads\/2025\/04\/Banner-Esperienze-mobile-300x123.jpg 300w, https:\/\/compassionate-germain.37-27-136-151.plesk.page\/wp-content\/uploads\/2025\/04\/Banner-Esperienze-mobile-1024x420.jpg 1024w, https:\/\/compassionate-germain.37-27-136-151.plesk.page\/wp-content\/uploads\/2025\/04\/Banner-Esperienze-mobile-768x315.jpg 768w, https:\/\/compassionate-germain.37-27-136-151.plesk.page\/wp-content\/uploads\/2025\/04\/Banner-Esperienze-mobile-1536x629.jpg 1536w, https:\/\/compassionate-germain.37-27-136-151.plesk.page\/wp-content\/uploads\/2025\/04\/Banner-Esperienze-mobile-2048x839.jpg 2048w, https:\/\/compassionate-germain.37-27-136-151.plesk.page\/wp-content\/uploads\/2025\/04\/Banner-Esperienze-mobile-800x328.jpg 800w\" sizes=\"auto, (max-width: 2560px) 100vw, 2560px\" \/>\t\t\t\t\t\t\t\t\t\t\t\t\t\t\t<\/div>\n\t\t\t\t<\/div>\n\t\t\t\t<\/div>\n\t\t<div class=\"elementor-element elementor-element-608a849 e-flex e-con-boxed e-con e-parent\" data-id=\"608a849\" data-element_type=\"container\" data-e-type=\"container\" data-settings=\"{&quot;jet_parallax_layout_list&quot;:[]}\">\n\t\t\t\t\t<div class=\"e-con-inner\">\n\t\t<div class=\"elementor-element elementor-element-e4c5eed e-con-full e-flex e-con e-child\" data-id=\"e4c5eed\" data-element_type=\"container\" data-e-type=\"container\" data-settings=\"{&quot;jet_parallax_layout_list&quot;:[]}\">\n\t\t\t\t<div class=\"elementor-element elementor-element-88cc5ed subtitle-position-above elementor-widget__width-initial elementor-mobile-align-center elementor-widget-mobile__width-inherit elementor-widget-tablet__width-inherit elementor-align-center elementor-widget elementor-widget-hnice-heading\" data-id=\"88cc5ed\" data-element_type=\"widget\" data-e-type=\"widget\" data-widget_type=\"hnice-heading.default\">\n\t\t\t\t<div class=\"elementor-widget-container\">\n\t\t\t\t\t<div class=\"elementor-heading-wrapper-inner\"><h2 class=\"elementor-heading-title elementor-size-default\">Ven a descubrir nuestros vinos y emoci\u00f3nate con el sabor de la tradici\u00f3n<\/h2><div class=\"elementor-sub-title\">EXPERIENCIAS<\/div><\/div>\t\t\t\t<\/div>\n\t\t\t\t<\/div>\n\t\t<div class=\"elementor-element elementor-element-7f564fc e-con-full e-flex e-con e-child\" data-id=\"7f564fc\" data-element_type=\"container\" data-e-type=\"container\" data-settings=\"{&quot;jet_parallax_layout_list&quot;:[]}\">\n\t\t\t\t<div class=\"elementor-element elementor-element-a3d3aa5 elementor-widget-laptop__width-inherit elementor-widget elementor-widget-text-editor\" data-id=\"a3d3aa5\" data-element_type=\"widget\" data-e-type=\"widget\" data-widget_type=\"text-editor.default\">\n\t\t\t\t<div class=\"elementor-widget-container\">\n\t\t\t\t\t\t\t\t\t<p>Sum\u00e9rgete en una experiencia vin\u00edcola exclusiva, donde cada sorbo cuenta la historia de una tierra rica en pasi\u00f3n y tradici\u00f3n. Desde paseos entre las hileras de vi\u00f1as ba\u00f1adas por el sol hasta catas guiadas por nuestros expertos, cada momento es un viaje a trav\u00e9s de aromas, sabores e historias aut\u00e9nticas. Descubre el placer de una copa que encierra el alma de la tierra y d\u00e9jate conquistar por emociones inolvidables.  <\/p>\t\t\t\t\t\t\t\t<\/div>\n\t\t\t\t<\/div>\n\t\t\t\t<\/div>\n\t\t\t\t<\/div>\n\t\t\t\t\t<\/div>\n\t\t\t\t<\/div>\n\t\t<div class=\"elementor-element elementor-element-50e91e1 e-flex e-con-boxed e-con e-parent\" data-id=\"50e91e1\" data-element_type=\"container\" data-e-type=\"container\" data-settings=\"{&quot;jet_parallax_layout_list&quot;:[]}\">\n\t\t\t\t\t<div class=\"e-con-inner\">\n\t\t<div class=\"elementor-element elementor-element-6705d3a e-flex e-con-boxed e-con e-child\" data-id=\"6705d3a\" data-element_type=\"container\" data-e-type=\"container\" data-settings=\"{&quot;jet_parallax_layout_list&quot;:[]}\">\n\t\t\t\t\t<div class=\"e-con-inner\">\n\t\t\t\t<div class=\"elementor-element elementor-element-6ec96bb elementor-widget elementor-widget-jet-portfolio\" data-id=\"6ec96bb\" data-element_type=\"widget\" data-e-type=\"widget\" data-settings=\"{&quot;columns&quot;:&quot;3&quot;,&quot;columns_mobile&quot;:&quot;1&quot;}\" data-widget_type=\"jet-portfolio.default\">\n\t\t\t\t<div class=\"elementor-widget-container\">\n\t\t\t\t\t<div class=\"elementor-jet-portfolio jet-elements\">\n<div class=\"jet-portfolio layout-type-grid preset-type-2 layout-desktop-column-3  layout-mobile-column-1\" data-settings=\"{&quot;layoutType&quot;:&quot;grid&quot;,&quot;perPage&quot;:20}\"><div class=\"jet-portfolio__filter\"><div class=\"jet-portfolio__filter-list\"><div class=\"jet-portfolio__filter-item active\" data-slug=\"all\"><span>Todos<\/span><\/div><span class=\"jet-portfolio__filter-item-separator jet-elements-icon\"><i aria-hidden=\"true\" class=\"fas fa-circle\"><\/i><\/span><div class=\"jet-portfolio__filter-item\" data-slug=\"castellina-in-chianti\"><span>Castellina in Chianti<\/span><\/div><span class=\"jet-portfolio__filter-item-separator jet-elements-icon\"><i aria-hidden=\"true\" class=\"fas fa-circle\"><\/i><\/span><div class=\"jet-portfolio__filter-item\" data-slug=\"san-gimignano\"><span>San Gimignano<\/span><\/div><\/div><\/div><div class=\"jet-portfolio__list\"><article class=\"jet-portfolio__item visible-status\" data-slug=\"{&quot;0&quot;:&quot;all&quot;,&quot;1&quot;:&quot;castellina-in-chianti&quot;}\">\n\t<div class=\"jet-portfolio__inner\">\n\t\t<a class=\"jet-portfolio__link \" target=\"_blank\" rel=\"nofollow\" href=\"https:\/\/compassionate-germain.37-27-136-151.plesk.page\/es\/experiencias\/enologo-por-un-dia\/\">\n\t\t\t<div class=\"jet-portfolio__image\">\n\t\t\t\t<img decoding=\"async\" class=\"jet-portfolio__image-instance\" src=\"https:\/\/compassionate-germain.37-27-136-151.plesk.page\/wp-content\/uploads\/2025\/04\/Castellina-1.jpg\" width=\"2560\" height=\"1049\"  alt=\"Castellina-1\" loading=\"lazy\">\t\t\t\t<div class=\"jet-portfolio__image-loader\"><span><\/span><\/div>\n\n\t\t\t\t\t\t\t\t\t<div class=\"jet-portfolio__cover\"><\/div>\n\t\t\t\t\t\t\t<\/div>\n\t\t<\/a>\n\t\t<div class=\"jet-portfolio__content\">\n\t\t\t<div class=\"jet-portfolio__content-inner\"><h4 class=\"jet-portfolio__title\">En\u00f3logo por un d\u00eda  <\/h4><h6 class=\"jet-portfolio__category\">Castellina in Chianti<\/h6><p class=\"jet-portfolio__desc\"><b>DURACI\u00d3N:<\/b> aproximadamente 2 horas<br><br>\u00bfHas imaginado alguna vez firmar un vino que hable de ti? En la nueva sede de Geografico, \u00a1puedes hacer realidad este sue\u00f1o! \n\nDeja que nuestros expertos te lleven de viaje al coraz\u00f3n del Chianti: aprende a distinguir los matices de las variedades de uva, crea tu propia mezcla personalizada y convi\u00e9rtela en una obra maestra \u00fanica.<\/p><a class=\"elementor-button elementor-size-md jet-portfolio__button\" href=\"https:\/\/compassionate-germain.37-27-136-151.plesk.page\/es\/experiencias\/enologo-por-un-dia\/\" target=\"_blank\" rel=\"nofollow\"><span class=\"jet-portfolio__button-text\">Descubre la experiencia<\/span><\/a><\/div> \n\t\t<\/div>\n\t<\/div>\n<\/article><article class=\"jet-portfolio__item visible-status\" data-slug=\"{&quot;0&quot;:&quot;all&quot;,&quot;1&quot;:&quot;castellina-in-chianti&quot;}\">\n\t<div class=\"jet-portfolio__inner\">\n\t\t<a class=\"jet-portfolio__link \" target=\"_blank\" rel=\"nofollow\" href=\"https:\/\/compassionate-germain.37-27-136-151.plesk.page\/es\/experiencias\/el-vino-ama-la-comida-el-arte-del-maridaje\/\">\n\t\t\t<div class=\"jet-portfolio__image\">\n\t\t\t\t<img decoding=\"async\" class=\"jet-portfolio__image-instance\" src=\"https:\/\/compassionate-germain.37-27-136-151.plesk.page\/wp-content\/uploads\/2025\/04\/Castellina-2.jpg\" width=\"2560\" height=\"1049\"  alt=\"Castellina-2\" loading=\"lazy\">\t\t\t\t<div class=\"jet-portfolio__image-loader\"><span><\/span><\/div>\n\n\t\t\t\t\t\t\t\t\t<div class=\"jet-portfolio__cover\"><\/div>\n\t\t\t\t\t\t\t<\/div>\n\t\t<\/a>\n\t\t<div class=\"jet-portfolio__content\">\n\t\t\t<div class=\"jet-portfolio__content-inner\"><h4 class=\"jet-portfolio__title\">El vino ama la comida<\/h4><h6 class=\"jet-portfolio__category\">Castellina in Chianti<\/h6><p class=\"jet-portfolio__desc\"><b>DURACI\u00d3N:<\/b> 1 hora<br><br>\u00a1Descubre el secreto para elevar cualquier experiencia gastron\u00f3mica con el maridaje adecuado de vino y comida! Durante esta experiencia interactiva y atractiva, explorar\u00e1s tres t\u00e9cnicas fundamentales para crear maridajes armoniosos. Degustaremos cinco vinos seleccionados, acompa\u00f1ados de especialidades regionales y delicias locales.  \n<\/p><a class=\"elementor-button elementor-size-md jet-portfolio__button\" href=\"https:\/\/compassionate-germain.37-27-136-151.plesk.page\/es\/experiencias\/el-vino-ama-la-comida-el-arte-del-maridaje\/\" target=\"_blank\" rel=\"nofollow\"><span class=\"jet-portfolio__button-text\">Descubre la experiencia<\/span><\/a><\/div> \n\t\t<\/div>\n\t<\/div>\n<\/article><article class=\"jet-portfolio__item visible-status\" data-slug=\"{&quot;0&quot;:&quot;all&quot;,&quot;1&quot;:&quot;castellina-in-chianti&quot;}\">\n\t<div class=\"jet-portfolio__inner\">\n\t\t<a class=\"jet-portfolio__link \" target=\"_blank\" rel=\"nofollow\" href=\"https:\/\/compassionate-germain.37-27-136-151.plesk.page\/es\/experiencias\/reyes-de-la-toscana-castellina\/\">\n\t\t\t<div class=\"jet-portfolio__image\">\n\t\t\t\t<img decoding=\"async\" class=\"jet-portfolio__image-instance\" src=\"https:\/\/compassionate-germain.37-27-136-151.plesk.page\/wp-content\/uploads\/2025\/04\/king-of-tuscany-copertina.jpg\" width=\"1200\" height=\"447\"  alt=\"king of tuscany copertina\" loading=\"lazy\">\t\t\t\t<div class=\"jet-portfolio__image-loader\"><span><\/span><\/div>\n\n\t\t\t\t\t\t\t\t\t<div class=\"jet-portfolio__cover\"><\/div>\n\t\t\t\t\t\t\t<\/div>\n\t\t<\/a>\n\t\t<div class=\"jet-portfolio__content\">\n\t\t\t<div class=\"jet-portfolio__content-inner\"><h4 class=\"jet-portfolio__title\">Reyes de Toscana  <\/h4><h6 class=\"jet-portfolio__category\">Castellina in Chianti<\/h6><p class=\"jet-portfolio__desc\"><b>DURACI\u00d3N:<\/b> 1 hora<br><br>D\u00e9jate llevar en un viaje regio por los vinos m\u00e1s c\u00e9lebres de la Toscana. Descubre los matices de elegancia y potencia del Chianti Classico, el Vino Nobile di Montepulciano, el Brunello di Montalcino y el Bolgheri: los verdaderos iconos del territorio, cada uno con su propia historia y car\u00e1cter inconfundibles.  Reg\u00e1late una experiencia irrepetible en el coraz\u00f3n del Chianti.<\/p><a class=\"elementor-button elementor-size-md jet-portfolio__button\" href=\"https:\/\/compassionate-germain.37-27-136-151.plesk.page\/es\/experiencias\/reyes-de-la-toscana-castellina\/\" target=\"_blank\" rel=\"nofollow\"><span class=\"jet-portfolio__button-text\">Descubre la experiencia<\/span><\/a><\/div> \n\t\t<\/div>\n\t<\/div>\n<\/article><article class=\"jet-portfolio__item visible-status\" data-slug=\"{&quot;0&quot;:&quot;all&quot;,&quot;1&quot;:&quot;castellina-in-chianti&quot;}\">\n\t<div class=\"jet-portfolio__inner\">\n\t\t<a class=\"jet-portfolio__link \" target=\"_blank\" rel=\"nofollow\" href=\"https:\/\/compassionate-germain.37-27-136-151.plesk.page\/es\/experiencias\/juego-de-la-cata-de-aceite-de-oliva-castellina\/\">\n\t\t\t<div class=\"jet-portfolio__image\">\n\t\t\t\t<img decoding=\"async\" class=\"jet-portfolio__image-instance\" src=\"https:\/\/compassionate-germain.37-27-136-151.plesk.page\/wp-content\/uploads\/2025\/04\/Olio-4-1.jpg\" width=\"2560\" height=\"1049\"  alt=\"Olio-4\" loading=\"lazy\">\t\t\t\t<div class=\"jet-portfolio__image-loader\"><span><\/span><\/div>\n\n\t\t\t\t\t\t\t\t\t<div class=\"jet-portfolio__cover\"><\/div>\n\t\t\t\t\t\t\t<\/div>\n\t\t<\/a>\n\t\t<div class=\"jet-portfolio__content\">\n\t\t\t<div class=\"jet-portfolio__content-inner\"><h4 class=\"jet-portfolio__title\">Juego de cata de aceite de oliva<\/h4><h6 class=\"jet-portfolio__category\">Castellina in chianti<\/h6><p class=\"jet-portfolio__desc\"><b>DURACI\u00d3N:<\/b> 45 minutos  <br><br>\u00bfAlguna vez has querido descubrir los secretos de un gran aceite de oliva virgen extra? Con esta experiencia interactiva, podr\u00e1s aprender a reconocer un aceite de excelente calidad y comprender las opciones de producci\u00f3n que influyen en su sabor y aroma. <\/p><a class=\"elementor-button elementor-size-md jet-portfolio__button\" href=\"https:\/\/compassionate-germain.37-27-136-151.plesk.page\/es\/experiencias\/juego-de-la-cata-de-aceite-de-oliva-castellina\/\" target=\"_blank\" rel=\"nofollow\"><span class=\"jet-portfolio__button-text\">Descubre la experiencia<\/span><\/a><\/div> \n\t\t<\/div>\n\t<\/div>\n<\/article><article class=\"jet-portfolio__item visible-status\" data-slug=\"{&quot;0&quot;:&quot;all&quot;,&quot;1&quot;:&quot;san-gimignano&quot;}\">\n\t<div class=\"jet-portfolio__inner\">\n\t\t<a class=\"jet-portfolio__link \" target=\"_blank\" rel=\"nofollow\" href=\"https:\/\/compassionate-germain.37-27-136-151.plesk.page\/es\/experiencias\/reyes-de-la-toscana-san-gimignano\/\">\n\t\t\t<div class=\"jet-portfolio__image\">\n\t\t\t\t<img decoding=\"async\" class=\"jet-portfolio__image-instance\" src=\"https:\/\/compassionate-germain.37-27-136-151.plesk.page\/wp-content\/uploads\/2025\/04\/Castellina-3.jpg\" width=\"2560\" height=\"1049\"  alt=\"Castellina-3\" loading=\"lazy\">\t\t\t\t<div class=\"jet-portfolio__image-loader\"><span><\/span><\/div>\n\n\t\t\t\t\t\t\t\t\t<div class=\"jet-portfolio__cover\"><\/div>\n\t\t\t\t\t\t\t<\/div>\n\t\t<\/a>\n\t\t<div class=\"jet-portfolio__content\">\n\t\t\t<div class=\"jet-portfolio__content-inner\"><h4 class=\"jet-portfolio__title\">Reyes de Toscana  <\/h4><h6 class=\"jet-portfolio__category\">San Gimignano<\/h6><p class=\"jet-portfolio__desc\"><b>DURACI\u00d3N:<\/b> 1 hora<br><br>D\u00e9jate llevar en un viaje regio por los vinos m\u00e1s c\u00e9lebres de la Toscana. Descubre los matices de elegancia y potencia del Chianti Classico, el Vino Nobile di Montepulciano, el Brunello di Montalcino y el Bolgheri: los verdaderos iconos del territorio, cada uno con su propia historia y car\u00e1cter inconfundibles. <\/p><a class=\"elementor-button elementor-size-md jet-portfolio__button\" href=\"https:\/\/compassionate-germain.37-27-136-151.plesk.page\/es\/experiencias\/reyes-de-la-toscana-san-gimignano\/\" target=\"_blank\" rel=\"nofollow\"><span class=\"jet-portfolio__button-text\">Descubre la experiencia<\/span><\/a><\/div> \n\t\t<\/div>\n\t<\/div>\n<\/article><article class=\"jet-portfolio__item visible-status\" data-slug=\"{&quot;0&quot;:&quot;all&quot;,&quot;1&quot;:&quot;san-gimignano&quot;}\">\n\t<div class=\"jet-portfolio__inner\">\n\t\t<a class=\"jet-portfolio__link \" target=\"_blank\" rel=\"nofollow\" href=\"https:\/\/compassionate-germain.37-27-136-151.plesk.page\/es\/experiencias\/juego-de-cata-de-aceite-de-oliva-san-gimignano\/\">\n\t\t\t<div class=\"jet-portfolio__image\">\n\t\t\t\t<img decoding=\"async\" class=\"jet-portfolio__image-instance\" src=\"https:\/\/compassionate-germain.37-27-136-151.plesk.page\/wp-content\/uploads\/2025\/04\/Olio-3-1.jpg\" width=\"2560\" height=\"1049\"  alt=\"Olio-3\" loading=\"lazy\">\t\t\t\t<div class=\"jet-portfolio__image-loader\"><span><\/span><\/div>\n\n\t\t\t\t\t\t\t\t\t<div class=\"jet-portfolio__cover\"><\/div>\n\t\t\t\t\t\t\t<\/div>\n\t\t<\/a>\n\t\t<div class=\"jet-portfolio__content\">\n\t\t\t<div class=\"jet-portfolio__content-inner\"><h4 class=\"jet-portfolio__title\">Juego de cata de aceite de oliva<\/h4><h6 class=\"jet-portfolio__category\">San Gimignano<\/h6><p class=\"jet-portfolio__desc\"><b>DURACI\u00d3N:<\/b> 45 minutos  <br><br>\u00bfAlguna vez has querido descubrir los secretos de un gran aceite de oliva virgen extra? Con esta experiencia interactiva, podr\u00e1s aprender a reconocer un aceite de excelente calidad y comprender las opciones de producci\u00f3n que influyen en su sabor y aroma. <\/p><a class=\"elementor-button elementor-size-md jet-portfolio__button\" href=\"https:\/\/compassionate-germain.37-27-136-151.plesk.page\/es\/experiencias\/juego-de-cata-de-aceite-de-oliva-san-gimignano\/\" target=\"_blank\" rel=\"nofollow\"><span class=\"jet-portfolio__button-text\">Descubre la experiencia<\/span><\/a><\/div> \n\t\t<\/div>\n\t<\/div>\n<\/article><article class=\"jet-portfolio__item visible-status\" data-slug=\"{&quot;0&quot;:&quot;all&quot;,&quot;1&quot;:&quot;san-gimignano&quot;}\">\n\t<div class=\"jet-portfolio__inner\">\n\t\t<a class=\"jet-portfolio__link \" target=\"_blank\" rel=\"nofollow\" href=\"https:\/\/compassionate-germain.37-27-136-151.plesk.page\/es\/experiencias\/los-colores-de-la-toscana\/\">\n\t\t\t<div class=\"jet-portfolio__image\">\n\t\t\t\t<img decoding=\"async\" class=\"jet-portfolio__image-instance\" src=\"https:\/\/compassionate-germain.37-27-136-151.plesk.page\/wp-content\/uploads\/2025\/04\/Castellina-6.jpg\" width=\"2560\" height=\"1049\"  alt=\"Castellina-6\" loading=\"lazy\">\t\t\t\t<div class=\"jet-portfolio__image-loader\"><span><\/span><\/div>\n\n\t\t\t\t\t\t\t\t\t<div class=\"jet-portfolio__cover\"><\/div>\n\t\t\t\t\t\t\t<\/div>\n\t\t<\/a>\n\t\t<div class=\"jet-portfolio__content\">\n\t\t\t<div class=\"jet-portfolio__content-inner\"><h4 class=\"jet-portfolio__title\">Los colores de la Toscana<\/h4><h6 class=\"jet-portfolio__category\">San Gimignano<\/h6><p class=\"jet-portfolio__desc\"><b>DURACI\u00d3N:<\/b> 1 hora<br><br>Una experiencia \u00fanica para sumergirte en la variedad y la tradici\u00f3n de nuestra regi\u00f3n. Cada copa cuenta una historia de pasi\u00f3n, terru\u00f1o e innovaci\u00f3n. Una experiencia perfecta para quienes desean descubrir el alma aut\u00e9ntica de la Toscana.  <\/p><a class=\"elementor-button elementor-size-md jet-portfolio__button\" href=\"https:\/\/compassionate-germain.37-27-136-151.plesk.page\/es\/experiencias\/los-colores-de-la-toscana\/\" target=\"_blank\" rel=\"nofollow\"><span class=\"jet-portfolio__button-text\">Descubre la experiencia<\/span><\/a><\/div> \n\t\t<\/div>\n\t<\/div>\n<\/article><\/div><div class=\"jet-portfolio__view-more hidden-status\"><div class=\"elementor-button elementor-size-md jet-portfolio__view-more-button\">Subir m\u00e1s<\/div><\/div><\/div>\n<\/div>\t\t\t\t<\/div>\n\t\t\t\t<\/div>\n\t\t\t\t\t<\/div>\n\t\t\t\t<\/div>\n\t\t\t\t\t<\/div>\n\t\t\t\t<\/div>\n\t\t\t\t<\/div>\n\t\t","protected":false},"excerpt":{"rendered":"<p>Ven a descubrir nuestros vinos y emoci\u00f3nate con el sabor de la tradici\u00f3n EXPERIENCIAS Sum\u00e9rgete en una experiencia vin\u00edcola exclusiva, donde cada sorbo cuenta la historia de una tierra rica en pasi\u00f3n y tradici\u00f3n. Desde paseos entre las hileras de vi\u00f1as ba\u00f1adas por el sol hasta catas guiadas por nuestros expertos, cada momento es un [&hellip;]<\/p>\n","protected":false},"author":1,"featured_media":0,"parent":0,"menu_order":0,"comment_status":"closed","ping_status":"closed","template":"template-homepage.php","meta":{"_acf_changed":false,"footnotes":""},"class_list":["post-36696","page","type-page","status-publish","hentry"],"acf":[],"_links":{"self":[{"href":"https:\/\/compassionate-germain.37-27-136-151.plesk.page\/es\/wp-json\/wp\/v2\/pages\/36696","targetHints":{"allow":["GET"]}}],"collection":[{"href":"https:\/\/compassionate-germain.37-27-136-151.plesk.page\/es\/wp-json\/wp\/v2\/pages"}],"about":[{"href":"https:\/\/compassionate-germain.37-27-136-151.plesk.page\/es\/wp-json\/wp\/v2\/types\/page"}],"author":[{"embeddable":true,"href":"https:\/\/compassionate-germain.37-27-136-151.plesk.page\/es\/wp-json\/wp\/v2\/users\/1"}],"replies":[{"embeddable":true,"href":"https:\/\/compassionate-germain.37-27-136-151.plesk.page\/es\/wp-json\/wp\/v2\/comments?post=36696"}],"version-history":[{"count":8,"href":"https:\/\/compassionate-germain.37-27-136-151.plesk.page\/es\/wp-json\/wp\/v2\/pages\/36696\/revisions"}],"predecessor-version":[{"id":37817,"href":"https:\/\/compassionate-germain.37-27-136-151.plesk.page\/es\/wp-json\/wp\/v2\/pages\/36696\/revisions\/37817"}],"wp:attachment":[{"href":"https:\/\/compassionate-germain.37-27-136-151.plesk.page\/es\/wp-json\/wp\/v2\/media?parent=36696"}],"curies":[{"name":"wp","href":"https:\/\/api.w.org\/{rel}","templated":true}]}}