{"id":37024,"date":"2024-09-25T13:11:59","date_gmt":"2024-09-25T11:11:59","guid":{"rendered":"https:\/\/compassionate-germain.37-27-136-151.plesk.page\/etiquetas\/tribunal-pazzi\/"},"modified":"2026-01-22T15:45:24","modified_gmt":"2026-01-22T14:45:24","slug":"corte-dei-pazzi","status":"publish","type":"page","link":"https:\/\/compassionate-germain.37-27-136-151.plesk.page\/es\/etiquetas\/corte-dei-pazzi\/","title":{"rendered":"Corte Dei Pazzi"},"content":{"rendered":"\t\t<div data-elementor-type=\"wp-page\" data-elementor-id=\"37024\" class=\"elementor elementor-37024 elementor-22945\" data-elementor-post-type=\"page\">\n\t\t\t\t<div class=\"elementor-element elementor-element-a21aaa8 elementor-hidden-mobile e-flex e-con-boxed e-con e-parent\" data-id=\"a21aaa8\" data-element_type=\"container\" data-e-type=\"container\" data-settings=\"{&quot;background_background&quot;:&quot;classic&quot;,&quot;jet_parallax_layout_list&quot;:[]}\">\n\t\t\t\t\t<div class=\"e-con-inner\">\n\t\t\t\t\t<\/div>\n\t\t\t\t<\/div>\n\t\t<div class=\"elementor-element elementor-element-98ac7f4 elementor-hidden-desktop elementor-hidden-laptop elementor-hidden-tablet_extra elementor-hidden-tablet elementor-hidden-mobile_extra e-flex e-con-boxed e-con e-parent\" data-id=\"98ac7f4\" data-element_type=\"container\" data-e-type=\"container\" data-settings=\"{&quot;background_background&quot;:&quot;classic&quot;,&quot;jet_parallax_layout_list&quot;:[]}\">\n\t\t\t\t\t<div class=\"e-con-inner\">\n\t\t\t\t\t<\/div>\n\t\t\t\t<\/div>\n\t\t<div class=\"elementor-element elementor-element-20dbf1e e-flex e-con-boxed e-con e-parent\" data-id=\"20dbf1e\" data-element_type=\"container\" data-e-type=\"container\" data-settings=\"{&quot;jet_parallax_layout_list&quot;:[]}\">\n\t\t\t\t\t<div class=\"e-con-inner\">\n\t\t<div class=\"elementor-element elementor-element-86f5c4e e-con-full e-flex e-con e-child\" data-id=\"86f5c4e\" data-element_type=\"container\" data-e-type=\"container\" data-settings=\"{&quot;jet_parallax_layout_list&quot;:[]}\">\n\t\t\t\t<div class=\"elementor-element elementor-element-8cf213b elementor-widget-divider--view-line elementor-widget elementor-widget-divider\" data-id=\"8cf213b\" data-element_type=\"widget\" data-e-type=\"widget\" data-widget_type=\"divider.default\">\n\t\t\t\t<div class=\"elementor-widget-container\">\n\t\t\t\t\t\t\t<div class=\"elementor-divider\">\n\t\t\t<span class=\"elementor-divider-separator\">\n\t\t\t\t\t\t<\/span>\n\t\t<\/div>\n\t\t\t\t\t\t<\/div>\n\t\t\t\t<\/div>\n\t\t\t\t<div class=\"elementor-element elementor-element-b514bf7 elementor-widget elementor-widget-image\" data-id=\"b514bf7\" data-element_type=\"widget\" data-e-type=\"widget\" data-widget_type=\"image.default\">\n\t\t\t\t<div class=\"elementor-widget-container\">\n\t\t\t\t\t\t\t\t\t\t\t\t\t\t\t<img loading=\"lazy\" decoding=\"async\" width=\"600\" height=\"188\" src=\"https:\/\/compassionate-germain.37-27-136-151.plesk.page\/wp-content\/uploads\/2025\/11\/corte-dei-pazzi.webp\" class=\"attachment-large size-large wp-image-37031\" alt=\"\" srcset=\"https:\/\/compassionate-germain.37-27-136-151.plesk.page\/wp-content\/uploads\/2025\/11\/corte-dei-pazzi.webp 600w, https:\/\/compassionate-germain.37-27-136-151.plesk.page\/wp-content\/uploads\/2025\/11\/corte-dei-pazzi-300x94.webp 300w\" sizes=\"auto, (max-width: 600px) 100vw, 600px\" \/>\t\t\t\t\t\t\t\t\t\t\t\t\t\t\t<\/div>\n\t\t\t\t<\/div>\n\t\t\t\t<div class=\"elementor-element elementor-element-1161b25 elementor-widget-divider--view-line elementor-widget elementor-widget-divider\" data-id=\"1161b25\" data-element_type=\"widget\" data-e-type=\"widget\" data-widget_type=\"divider.default\">\n\t\t\t\t<div class=\"elementor-widget-container\">\n\t\t\t\t\t\t\t<div class=\"elementor-divider\">\n\t\t\t<span class=\"elementor-divider-separator\">\n\t\t\t\t\t\t<\/span>\n\t\t<\/div>\n\t\t\t\t\t\t<\/div>\n\t\t\t\t<\/div>\n\t\t<div class=\"elementor-element elementor-element-9387c26 e-con-full e-flex e-con e-child\" data-id=\"9387c26\" data-element_type=\"container\" data-e-type=\"container\" data-settings=\"{&quot;jet_parallax_layout_list&quot;:[]}\">\n\t\t\t\t<div class=\"elementor-element elementor-element-af798c5 subtitle-position-above elementor-widget__width-initial elementor-mobile-align-center elementor-widget-mobile__width-initial elementor-widget-tablet__width-inherit elementor-align-center elementor-widget elementor-widget-hnice-heading\" data-id=\"af798c5\" data-element_type=\"widget\" data-e-type=\"widget\" data-widget_type=\"hnice-heading.default\">\n\t\t\t\t<div class=\"elementor-widget-container\">\n\t\t\t\t\t<div class=\"elementor-heading-wrapper-inner\"><h2 class=\"elementor-heading-title elementor-size-default\">Un viaje por los vi\u00f1edos m\u00e1s emblem\u00e1ticos de la Toscana<\/h2><div class=\"elementor-sub-title\">M\u00e1s all\u00e1 de las fronteras del Chianti<\/div><\/div>\t\t\t\t<\/div>\n\t\t\t\t<\/div>\n\t\t<div class=\"elementor-element elementor-element-ead259a e-con-full e-flex e-con e-child\" data-id=\"ead259a\" data-element_type=\"container\" data-e-type=\"container\" data-settings=\"{&quot;jet_parallax_layout_list&quot;:[]}\">\n\t\t\t\t<div class=\"elementor-element elementor-element-29588ed elementor-widget-laptop__width-inherit elementor-widget-mobile__width-initial elementor-widget elementor-widget-text-editor\" data-id=\"29588ed\" data-element_type=\"widget\" data-e-type=\"widget\" data-widget_type=\"text-editor.default\">\n\t\t\t\t<div class=\"elementor-widget-container\">\n\t\t\t\t\t\t\t\t\t<p>Si las colinas del Chianti Classico representan la cuna del vino toscano, la grandeza enol\u00f3gica de esta regi\u00f3n pasa tambi\u00e9n y sobre todo por los vi\u00f1edos de Montalcino, las hileras de vides de Scansano, las brisas de Bolgheri y las tierras de Montepulciano.<\/p><p>La l\u00ednea Corte dei Pazzi explora el inmenso patrimonio vin\u00edcola de la Toscana, desplazando el horizonte m\u00e1s all\u00e1 de las hist\u00f3ricas zonas de producci\u00f3n del Geografico.<\/p><p>Gracias a la larga colaboraci\u00f3n con varios viticultores toscanos, Geografico sigue expresando la singularidad de esta tierra.<\/p>\t\t\t\t\t\t\t\t<\/div>\n\t\t\t\t<\/div>\n\t\t\t\t<\/div>\n\t\t\t\t<\/div>\n\t\t\t\t<\/div>\n\t\t\t\t\t<\/div>\n\t\t\t\t<\/div>\n\t\t<div class=\"elementor-element elementor-element-584f867 e-con-full e-flex e-con e-parent\" data-id=\"584f867\" data-element_type=\"container\" data-e-type=\"container\" data-settings=\"{&quot;jet_parallax_layout_list&quot;:[]}\">\n\t\t<div class=\"elementor-element elementor-element-5854636 e-con-full e-flex e-con e-child\" data-id=\"5854636\" data-element_type=\"container\" data-e-type=\"container\" data-settings=\"{&quot;jet_parallax_layout_list&quot;:[]}\">\n\t\t<div class=\"elementor-element elementor-element-e1cd7ac e-con-full e-flex e-con e-child\" data-id=\"e1cd7ac\" data-element_type=\"container\" data-e-type=\"container\" data-settings=\"{&quot;jet_parallax_layout_list&quot;:[]}\">\n\t\t\t\t<div class=\"elementor-element elementor-element-d375cad elementor-widget elementor-widget-hnice-team-box\" data-id=\"d375cad\" data-element_type=\"widget\" data-e-type=\"widget\" data-widget_type=\"hnice-team-box.default\">\n\t\t\t\t<div class=\"elementor-widget-container\">\n\t\t\t\t\t\r\n        <div class=\"elementor-teams-wrapper\">\r\n                            <div class=\"team-image\">\r\n                            <div class=\"team-icon-socials\">\r\n            <ul>\r\n                                                                                                                                                                            <\/ul>\r\n        <\/div>\r\n\r\n                            <img loading=\"lazy\" decoding=\"async\" width=\"1080\" height=\"1350\" src=\"https:\/\/compassionate-germain.37-27-136-151.plesk.page\/wp-content\/uploads\/2024\/08\/Corte-dei-pazzi-Campo-vernino-Vernaccia.jpg\" class=\"attachment-full size-full wp-image-23953\" alt=\"\" srcset=\"https:\/\/compassionate-germain.37-27-136-151.plesk.page\/wp-content\/uploads\/2024\/08\/Corte-dei-pazzi-Campo-vernino-Vernaccia.jpg 1080w, https:\/\/compassionate-germain.37-27-136-151.plesk.page\/wp-content\/uploads\/2024\/08\/Corte-dei-pazzi-Campo-vernino-Vernaccia-240x300.jpg 240w, https:\/\/compassionate-germain.37-27-136-151.plesk.page\/wp-content\/uploads\/2024\/08\/Corte-dei-pazzi-Campo-vernino-Vernaccia-819x1024.jpg 819w, https:\/\/compassionate-germain.37-27-136-151.plesk.page\/wp-content\/uploads\/2024\/08\/Corte-dei-pazzi-Campo-vernino-Vernaccia-768x960.jpg 768w, https:\/\/compassionate-germain.37-27-136-151.plesk.page\/wp-content\/uploads\/2024\/08\/Corte-dei-pazzi-Campo-vernino-Vernaccia-460x575.jpg 460w, https:\/\/compassionate-germain.37-27-136-151.plesk.page\/wp-content\/uploads\/2024\/08\/Corte-dei-pazzi-Campo-vernino-Vernaccia-800x1000.jpg 800w, https:\/\/compassionate-germain.37-27-136-151.plesk.page\/wp-content\/uploads\/2024\/08\/Corte-dei-pazzi-Campo-vernino-Vernaccia-100x126.jpg 100w\" sizes=\"auto, (max-width: 1080px) 100vw, 1080px\" \/>                <\/div>\r\n                        <div class=\"team-caption\">\r\n                                    <div class=\"team-name\">Corte dei Pazzi<\/div>\r\n                                <div class=\"team-job\">Campo Vernino Vernaccia<\/div>\r\n            <\/div>\r\n        <\/div>\r\n        \t\t\t\t<\/div>\n\t\t\t\t<\/div>\n\t\t\t\t<\/div>\n\t\t<div class=\"elementor-element elementor-element-1c53c25 e-con-full e-flex e-con e-child\" data-id=\"1c53c25\" data-element_type=\"container\" data-e-type=\"container\" data-settings=\"{&quot;jet_parallax_layout_list&quot;:[]}\">\n\t\t\t\t<div class=\"elementor-element elementor-element-b02674f elementor-widget elementor-widget-hnice-team-box\" data-id=\"b02674f\" data-element_type=\"widget\" data-e-type=\"widget\" data-widget_type=\"hnice-team-box.default\">\n\t\t\t\t<div class=\"elementor-widget-container\">\n\t\t\t\t\t\r\n        <div class=\"elementor-teams-wrapper\">\r\n                            <div class=\"team-image\">\r\n                            <div class=\"team-icon-socials\">\r\n            <ul>\r\n                                                                                                                                                                            <\/ul>\r\n        <\/div>\r\n\r\n                            <img loading=\"lazy\" decoding=\"async\" width=\"1080\" height=\"1350\" src=\"https:\/\/compassionate-germain.37-27-136-151.plesk.page\/wp-content\/uploads\/2024\/12\/Geografico-Corte-dei-pazzi-Sodero.jpg\" class=\"attachment-full size-full wp-image-23945\" alt=\"\" srcset=\"https:\/\/compassionate-germain.37-27-136-151.plesk.page\/wp-content\/uploads\/2024\/12\/Geografico-Corte-dei-pazzi-Sodero.jpg 1080w, https:\/\/compassionate-germain.37-27-136-151.plesk.page\/wp-content\/uploads\/2024\/12\/Geografico-Corte-dei-pazzi-Sodero-240x300.jpg 240w, https:\/\/compassionate-germain.37-27-136-151.plesk.page\/wp-content\/uploads\/2024\/12\/Geografico-Corte-dei-pazzi-Sodero-819x1024.jpg 819w, https:\/\/compassionate-germain.37-27-136-151.plesk.page\/wp-content\/uploads\/2024\/12\/Geografico-Corte-dei-pazzi-Sodero-768x960.jpg 768w, https:\/\/compassionate-germain.37-27-136-151.plesk.page\/wp-content\/uploads\/2024\/12\/Geografico-Corte-dei-pazzi-Sodero-460x575.jpg 460w, https:\/\/compassionate-germain.37-27-136-151.plesk.page\/wp-content\/uploads\/2024\/12\/Geografico-Corte-dei-pazzi-Sodero-800x1000.jpg 800w, https:\/\/compassionate-germain.37-27-136-151.plesk.page\/wp-content\/uploads\/2024\/12\/Geografico-Corte-dei-pazzi-Sodero-100x126.jpg 100w\" sizes=\"auto, (max-width: 1080px) 100vw, 1080px\" \/>                <\/div>\r\n                        <div class=\"team-caption\">\r\n                                    <div class=\"team-name\">Corte dei Pazzi<\/div>\r\n                                <div class=\"team-job\">Sodero<\/div>\r\n            <\/div>\r\n        <\/div>\r\n        \t\t\t\t<\/div>\n\t\t\t\t<\/div>\n\t\t\t\t<\/div>\n\t\t<div class=\"elementor-element elementor-element-7c8333a e-con-full e-flex e-con e-child\" data-id=\"7c8333a\" data-element_type=\"container\" data-e-type=\"container\" data-settings=\"{&quot;jet_parallax_layout_list&quot;:[]}\">\n\t\t\t\t<div class=\"elementor-element elementor-element-4f588b0 elementor-widget elementor-widget-hnice-team-box\" data-id=\"4f588b0\" data-element_type=\"widget\" data-e-type=\"widget\" data-widget_type=\"hnice-team-box.default\">\n\t\t\t\t<div class=\"elementor-widget-container\">\n\t\t\t\t\t\r\n        <div class=\"elementor-teams-wrapper\">\r\n                            <div class=\"team-image\">\r\n                            <div class=\"team-icon-socials\">\r\n            <ul>\r\n                                                                                                                                                                            <\/ul>\r\n        <\/div>\r\n\r\n                            <img loading=\"lazy\" decoding=\"async\" width=\"1080\" height=\"1350\" src=\"https:\/\/compassionate-germain.37-27-136-151.plesk.page\/wp-content\/uploads\/2024\/12\/Geografico-Corte-dei-pazzi-Sellaio.jpg\" class=\"attachment-full size-full wp-image-23944\" alt=\"\" srcset=\"https:\/\/compassionate-germain.37-27-136-151.plesk.page\/wp-content\/uploads\/2024\/12\/Geografico-Corte-dei-pazzi-Sellaio.jpg 1080w, https:\/\/compassionate-germain.37-27-136-151.plesk.page\/wp-content\/uploads\/2024\/12\/Geografico-Corte-dei-pazzi-Sellaio-240x300.jpg 240w, https:\/\/compassionate-germain.37-27-136-151.plesk.page\/wp-content\/uploads\/2024\/12\/Geografico-Corte-dei-pazzi-Sellaio-819x1024.jpg 819w, https:\/\/compassionate-germain.37-27-136-151.plesk.page\/wp-content\/uploads\/2024\/12\/Geografico-Corte-dei-pazzi-Sellaio-768x960.jpg 768w, https:\/\/compassionate-germain.37-27-136-151.plesk.page\/wp-content\/uploads\/2024\/12\/Geografico-Corte-dei-pazzi-Sellaio-460x575.jpg 460w, https:\/\/compassionate-germain.37-27-136-151.plesk.page\/wp-content\/uploads\/2024\/12\/Geografico-Corte-dei-pazzi-Sellaio-800x1000.jpg 800w, https:\/\/compassionate-germain.37-27-136-151.plesk.page\/wp-content\/uploads\/2024\/12\/Geografico-Corte-dei-pazzi-Sellaio-100x126.jpg 100w\" sizes=\"auto, (max-width: 1080px) 100vw, 1080px\" \/>                <\/div>\r\n                        <div class=\"team-caption\">\r\n                                    <div class=\"team-name\">Corte dei Pazzi<\/div>\r\n                                <div class=\"team-job\">Sellaio<\/div>\r\n            <\/div>\r\n        <\/div>\r\n        \t\t\t\t<\/div>\n\t\t\t\t<\/div>\n\t\t\t\t<\/div>\n\t\t<div class=\"elementor-element elementor-element-ad119f3 e-con-full e-flex e-con e-child\" data-id=\"ad119f3\" data-element_type=\"container\" data-e-type=\"container\" data-settings=\"{&quot;jet_parallax_layout_list&quot;:[]}\">\n\t\t\t\t<div class=\"elementor-element elementor-element-00770fc elementor-widget elementor-widget-hnice-team-box\" data-id=\"00770fc\" data-element_type=\"widget\" data-e-type=\"widget\" data-widget_type=\"hnice-team-box.default\">\n\t\t\t\t<div class=\"elementor-widget-container\">\n\t\t\t\t\t\r\n        <div class=\"elementor-teams-wrapper\">\r\n                            <div class=\"team-image\">\r\n                            <div class=\"team-icon-socials\">\r\n            <ul>\r\n                                                                                                                                                                            <\/ul>\r\n        <\/div>\r\n\r\n                            <img loading=\"lazy\" decoding=\"async\" width=\"1080\" height=\"1350\" src=\"https:\/\/compassionate-germain.37-27-136-151.plesk.page\/wp-content\/uploads\/2024\/12\/Geografico-Corte-dei-pazzi-Saccente.jpg\" class=\"attachment-full size-full wp-image-23943\" alt=\"\" srcset=\"https:\/\/compassionate-germain.37-27-136-151.plesk.page\/wp-content\/uploads\/2024\/12\/Geografico-Corte-dei-pazzi-Saccente.jpg 1080w, https:\/\/compassionate-germain.37-27-136-151.plesk.page\/wp-content\/uploads\/2024\/12\/Geografico-Corte-dei-pazzi-Saccente-240x300.jpg 240w, https:\/\/compassionate-germain.37-27-136-151.plesk.page\/wp-content\/uploads\/2024\/12\/Geografico-Corte-dei-pazzi-Saccente-819x1024.jpg 819w, https:\/\/compassionate-germain.37-27-136-151.plesk.page\/wp-content\/uploads\/2024\/12\/Geografico-Corte-dei-pazzi-Saccente-768x960.jpg 768w, https:\/\/compassionate-germain.37-27-136-151.plesk.page\/wp-content\/uploads\/2024\/12\/Geografico-Corte-dei-pazzi-Saccente-460x575.jpg 460w, https:\/\/compassionate-germain.37-27-136-151.plesk.page\/wp-content\/uploads\/2024\/12\/Geografico-Corte-dei-pazzi-Saccente-800x1000.jpg 800w, https:\/\/compassionate-germain.37-27-136-151.plesk.page\/wp-content\/uploads\/2024\/12\/Geografico-Corte-dei-pazzi-Saccente-100x126.jpg 100w\" sizes=\"auto, (max-width: 1080px) 100vw, 1080px\" \/>                <\/div>\r\n                        <div class=\"team-caption\">\r\n                                    <div class=\"team-name\">Corte dei Pazzi<\/div>\r\n                                <div class=\"team-job\">Saccente<\/div>\r\n            <\/div>\r\n        <\/div>\r\n        \t\t\t\t<\/div>\n\t\t\t\t<\/div>\n\t\t\t\t<\/div>\n\t\t<div class=\"elementor-element elementor-element-231d10d e-con-full e-flex e-con e-child\" data-id=\"231d10d\" data-element_type=\"container\" data-e-type=\"container\" data-settings=\"{&quot;jet_parallax_layout_list&quot;:[]}\">\n\t\t\t\t<div class=\"elementor-element elementor-element-bcd4f9c elementor-widget elementor-widget-hnice-team-box\" data-id=\"bcd4f9c\" data-element_type=\"widget\" data-e-type=\"widget\" data-widget_type=\"hnice-team-box.default\">\n\t\t\t\t<div class=\"elementor-widget-container\">\n\t\t\t\t\t\r\n        <div class=\"elementor-teams-wrapper\">\r\n                            <div class=\"team-image\">\r\n                            <div class=\"team-icon-socials\">\r\n            <ul>\r\n                                                                                                                                                                            <\/ul>\r\n        <\/div>\r\n\r\n                            <img loading=\"lazy\" decoding=\"async\" width=\"1080\" height=\"1350\" src=\"https:\/\/compassionate-germain.37-27-136-151.plesk.page\/wp-content\/uploads\/2024\/12\/Geografico-Corte-dei-pazzi-Cerraia.jpg\" class=\"attachment-full size-full wp-image-23942\" alt=\"\" srcset=\"https:\/\/compassionate-germain.37-27-136-151.plesk.page\/wp-content\/uploads\/2024\/12\/Geografico-Corte-dei-pazzi-Cerraia.jpg 1080w, https:\/\/compassionate-germain.37-27-136-151.plesk.page\/wp-content\/uploads\/2024\/12\/Geografico-Corte-dei-pazzi-Cerraia-240x300.jpg 240w, https:\/\/compassionate-germain.37-27-136-151.plesk.page\/wp-content\/uploads\/2024\/12\/Geografico-Corte-dei-pazzi-Cerraia-819x1024.jpg 819w, https:\/\/compassionate-germain.37-27-136-151.plesk.page\/wp-content\/uploads\/2024\/12\/Geografico-Corte-dei-pazzi-Cerraia-768x960.jpg 768w, https:\/\/compassionate-germain.37-27-136-151.plesk.page\/wp-content\/uploads\/2024\/12\/Geografico-Corte-dei-pazzi-Cerraia-460x575.jpg 460w, https:\/\/compassionate-germain.37-27-136-151.plesk.page\/wp-content\/uploads\/2024\/12\/Geografico-Corte-dei-pazzi-Cerraia-800x1000.jpg 800w, https:\/\/compassionate-germain.37-27-136-151.plesk.page\/wp-content\/uploads\/2024\/12\/Geografico-Corte-dei-pazzi-Cerraia-100x126.jpg 100w\" sizes=\"auto, (max-width: 1080px) 100vw, 1080px\" \/>                <\/div>\r\n                        <div class=\"team-caption\">\r\n                                    <div class=\"team-name\">Corte dei Pazzi<\/div>\r\n                                <div class=\"team-job\">Cerraia<\/div>\r\n            <\/div>\r\n        <\/div>\r\n        \t\t\t\t<\/div>\n\t\t\t\t<\/div>\n\t\t\t\t<\/div>\n\t\t\t\t<\/div>\n\t\t\t\t<\/div>\n\t\t\t\t<\/div>\n\t\t","protected":false},"excerpt":{"rendered":"<p>Un viaje por los vi\u00f1edos m\u00e1s emblem\u00e1ticos de la Toscana M\u00e1s all\u00e1 de las fronteras del Chianti Si las colinas del Chianti Classico representan la cuna del vino toscano, la grandeza enol\u00f3gica de esta regi\u00f3n pasa tambi\u00e9n y sobre todo por los vi\u00f1edos de Montalcino, las hileras de vides de Scansano, las brisas de Bolgheri [&hellip;]<\/p>\n","protected":false},"author":1,"featured_media":0,"parent":36389,"menu_order":0,"comment_status":"closed","ping_status":"closed","template":"","meta":{"_acf_changed":false,"footnotes":""},"class_list":["post-37024","page","type-page","status-publish","hentry"],"acf":[],"_links":{"self":[{"href":"https:\/\/compassionate-germain.37-27-136-151.plesk.page\/es\/wp-json\/wp\/v2\/pages\/37024","targetHints":{"allow":["GET"]}}],"collection":[{"href":"https:\/\/compassionate-germain.37-27-136-151.plesk.page\/es\/wp-json\/wp\/v2\/pages"}],"about":[{"href":"https:\/\/compassionate-germain.37-27-136-151.plesk.page\/es\/wp-json\/wp\/v2\/types\/page"}],"author":[{"embeddable":true,"href":"https:\/\/compassionate-germain.37-27-136-151.plesk.page\/es\/wp-json\/wp\/v2\/users\/1"}],"replies":[{"embeddable":true,"href":"https:\/\/compassionate-germain.37-27-136-151.plesk.page\/es\/wp-json\/wp\/v2\/comments?post=37024"}],"version-history":[{"count":2,"href":"https:\/\/compassionate-germain.37-27-136-151.plesk.page\/es\/wp-json\/wp\/v2\/pages\/37024\/revisions"}],"predecessor-version":[{"id":39185,"href":"https:\/\/compassionate-germain.37-27-136-151.plesk.page\/es\/wp-json\/wp\/v2\/pages\/37024\/revisions\/39185"}],"up":[{"embeddable":true,"href":"https:\/\/compassionate-germain.37-27-136-151.plesk.page\/es\/wp-json\/wp\/v2\/pages\/36389"}],"wp:attachment":[{"href":"https:\/\/compassionate-germain.37-27-136-151.plesk.page\/es\/wp-json\/wp\/v2\/media?parent=37024"}],"curies":[{"name":"wp","href":"https:\/\/api.w.org\/{rel}","templated":true}]}}