{"id":37148,"date":"2025-02-06T19:52:35","date_gmt":"2025-02-06T18:52:35","guid":{"rendered":"https:\/\/compassionate-germain.37-27-136-151.plesk.page\/politica-de-cookies\/"},"modified":"2026-01-16T19:12:00","modified_gmt":"2026-01-16T18:12:00","slug":"politica-de-cookies","status":"publish","type":"page","link":"https:\/\/compassionate-germain.37-27-136-151.plesk.page\/es\/politica-de-cookies\/","title":{"rendered":"Pol\u00edtica de cookies"},"content":{"rendered":"\t\t<div data-elementor-type=\"wp-page\" data-elementor-id=\"37148\" class=\"elementor elementor-37148 elementor-25105\" data-elementor-post-type=\"page\">\n\t\t\t\t<div class=\"elementor-element elementor-element-3624031 e-con-full e-flex e-con e-parent\" data-id=\"3624031\" data-element_type=\"container\" data-e-type=\"container\" data-settings=\"{&quot;jet_parallax_layout_list&quot;:[]}\">\n\t\t\t\t<div class=\"elementor-element elementor-element-d3a2e17 elementor-widget elementor-widget-image\" data-id=\"d3a2e17\" data-element_type=\"widget\" data-e-type=\"widget\" data-widget_type=\"image.default\">\n\t\t\t\t<div class=\"elementor-widget-container\">\n\t\t\t\t\t\t\t\t\t\t\t\t\t\t\t<img loading=\"lazy\" decoding=\"async\" width=\"2560\" height=\"352\" src=\"https:\/\/compassionate-germain.37-27-136-151.plesk.page\/wp-content\/uploads\/2024\/01\/Banner-Podcast-desk-ITA-scaled-3.jpg\" class=\"attachment-full size-full wp-image-36887\" alt=\"\" srcset=\"https:\/\/compassionate-germain.37-27-136-151.plesk.page\/wp-content\/uploads\/2024\/01\/Banner-Podcast-desk-ITA-scaled-3.jpg 2560w, https:\/\/compassionate-germain.37-27-136-151.plesk.page\/wp-content\/uploads\/2024\/01\/Banner-Podcast-desk-ITA-scaled-3-300x41.jpg 300w, https:\/\/compassionate-germain.37-27-136-151.plesk.page\/wp-content\/uploads\/2024\/01\/Banner-Podcast-desk-ITA-scaled-3-1024x141.jpg 1024w, https:\/\/compassionate-germain.37-27-136-151.plesk.page\/wp-content\/uploads\/2024\/01\/Banner-Podcast-desk-ITA-scaled-3-768x106.jpg 768w, https:\/\/compassionate-germain.37-27-136-151.plesk.page\/wp-content\/uploads\/2024\/01\/Banner-Podcast-desk-ITA-scaled-3-1536x211.jpg 1536w, https:\/\/compassionate-germain.37-27-136-151.plesk.page\/wp-content\/uploads\/2024\/01\/Banner-Podcast-desk-ITA-scaled-3-2048x282.jpg 2048w, https:\/\/compassionate-germain.37-27-136-151.plesk.page\/wp-content\/uploads\/2024\/01\/Banner-Podcast-desk-ITA-scaled-3-800x110.jpg 800w\" sizes=\"auto, (max-width: 2560px) 100vw, 2560px\" \/>\t\t\t\t\t\t\t\t\t\t\t\t\t\t\t<\/div>\n\t\t\t\t<\/div>\n\t\t\t\t<\/div>\n\t\t<div class=\"elementor-element elementor-element-608a849 e-flex e-con-boxed e-con e-parent\" data-id=\"608a849\" data-element_type=\"container\" data-e-type=\"container\" data-settings=\"{&quot;jet_parallax_layout_list&quot;:[]}\">\n\t\t\t\t\t<div class=\"e-con-inner\">\n\t\t<div class=\"elementor-element elementor-element-68f9440 e-flex e-con-boxed e-con e-child\" data-id=\"68f9440\" data-element_type=\"container\" data-e-type=\"container\" data-settings=\"{&quot;jet_parallax_layout_list&quot;:[]}\">\n\t\t\t\t\t<div class=\"e-con-inner\">\n\t\t<div class=\"elementor-element elementor-element-734502f e-con-full e-flex e-con e-child\" data-id=\"734502f\" data-element_type=\"container\" data-e-type=\"container\" data-settings=\"{&quot;jet_parallax_layout_list&quot;:[]}\">\n\t\t\t\t<div class=\"elementor-element elementor-element-a386b57 subtitle-position-above elementor-widget__width-initial elementor-mobile-align-center elementor-widget-mobile__width-inherit elementor-widget-tablet__width-inherit elementor-align-center elementor-widget elementor-widget-hnice-heading\" data-id=\"a386b57\" data-element_type=\"widget\" data-e-type=\"widget\" data-widget_type=\"hnice-heading.default\">\n\t\t\t\t<div class=\"elementor-widget-container\">\n\t\t\t\t\t<div class=\"elementor-heading-wrapper-inner\"><h2 class=\"elementor-heading-title elementor-size-default\">Pol\u00edtica de cookies<\/h2><div class=\"elementor-sub-title\">PICCINI 1882<\/div><\/div>\t\t\t\t<\/div>\n\t\t\t\t<\/div>\n\t\t<div class=\"elementor-element elementor-element-806582a e-con-full e-flex e-con e-child\" data-id=\"806582a\" data-element_type=\"container\" data-e-type=\"container\" data-settings=\"{&quot;jet_parallax_layout_list&quot;:[]}\">\n\t\t<div class=\"elementor-element elementor-element-9544f95 e-con-full e-flex e-con e-child\" data-id=\"9544f95\" data-element_type=\"container\" data-e-type=\"container\" data-settings=\"{&quot;jet_parallax_layout_list&quot;:[]}\">\n\t\t<div class=\"elementor-element elementor-element-7fa2be8 e-flex e-con-boxed e-con e-child\" data-id=\"7fa2be8\" data-element_type=\"container\" data-e-type=\"container\" data-settings=\"{&quot;jet_parallax_layout_list&quot;:[]}\">\n\t\t\t\t\t<div class=\"e-con-inner\">\n\t\t\t\t<div class=\"elementor-element elementor-element-96d7d8f elementor-widget elementor-widget-jet-portfolio\" data-id=\"96d7d8f\" data-element_type=\"widget\" data-e-type=\"widget\" data-settings=\"{&quot;columns&quot;:&quot;3&quot;,&quot;columns_mobile&quot;:&quot;1&quot;}\" data-widget_type=\"jet-portfolio.default\">\n\t\t\t\t<div class=\"elementor-widget-container\">\n\t\t\t\t\t<div class=\"elementor-jet-portfolio jet-elements\">\n<div class=\"jet-portfolio layout-type-grid preset-type-2 layout-desktop-column-3  layout-mobile-column-1\" data-settings=\"{&quot;layoutType&quot;:&quot;grid&quot;,&quot;perPage&quot;:10}\"><div class=\"jet-portfolio__filter\"><div class=\"jet-portfolio__filter-list\"><div class=\"jet-portfolio__filter-item active\" data-slug=\"all\"><span>Todos<\/span><\/div><span class=\"jet-portfolio__filter-item-separator jet-elements-icon\"><i aria-hidden=\"true\" class=\"fas fa-circle\"><\/i><\/span><div class=\"jet-portfolio__filter-item\" data-slug=\"politica-de-cookies-piccini1882-it\"><span>POL\u00cdTICA DE COOKIES PICCINI1882.IT<\/span><\/div><\/div><\/div><div class=\"jet-portfolio__list\"><article class=\"jet-portfolio__item visible-status\" data-slug=\"{&quot;0&quot;:&quot;all&quot;,&quot;1&quot;:&quot;politica-de-cookies-piccini1882-it&quot;}\">\n\t<div class=\"jet-portfolio__inner\">\n\t\t<a class=\"jet-portfolio__link \" target=\"_blank\" rel=\"nofollow\" href=\"https:\/\/compassionate-germain.37-27-136-151.plesk.page\/wp-content\/uploads\/2025\/02\/Informativa-Cookie-Piccini-1.pdf\">\n\t\t\t<div class=\"jet-portfolio__image\">\n\t\t\t\t<img decoding=\"async\" class=\"jet-portfolio__image-instance\" src=\"https:\/\/compassionate-germain.37-27-136-151.plesk.page\/wp-content\/uploads\/2023\/10\/3-3.jpg\" width=\"1095\" height=\"621\"  alt=\"3\" loading=\"lazy\">\t\t\t\t<div class=\"jet-portfolio__image-loader\"><span><\/span><\/div>\n\n\t\t\t\t\t\t\t\t\t<div class=\"jet-portfolio__cover\"><\/div>\n\t\t\t\t\t\t\t<\/div>\n\t\t<\/a>\n\t\t<div class=\"jet-portfolio__content\">\n\t\t\t<div class=\"jet-portfolio__content-inner\"><h6 class=\"jet-portfolio__category\">POL\u00cdTICA DE COOKIES PICCINI1882.IT<\/h6><p class=\"jet-portfolio__desc\">\n<\/p><a class=\"elementor-button elementor-size-md jet-portfolio__button\" href=\"https:\/\/compassionate-germain.37-27-136-151.plesk.page\/wp-content\/uploads\/2025\/02\/Informativa-Cookie-Piccini-1.pdf\" target=\"_blank\" rel=\"nofollow\"><span class=\"jet-portfolio__button-text\">Descargar PDF<\/span><\/a><\/div> \n\t\t<\/div>\n\t<\/div>\n<\/article><\/div><div class=\"jet-portfolio__view-more hidden-status\"><div class=\"elementor-button elementor-size-md jet-portfolio__view-more-button\">Subir m\u00e1s<\/div><\/div><\/div>\n<\/div>\t\t\t\t<\/div>\n\t\t\t\t<\/div>\n\t\t\t\t\t<\/div>\n\t\t\t\t<\/div>\n\t\t\t\t<\/div>\n\t\t\t\t<\/div>\n\t\t\t\t<\/div>\n\t\t\t\t\t<\/div>\n\t\t\t\t<\/div>\n\t\t\t\t\t<\/div>\n\t\t\t\t<\/div>\n\t\t\t\t<\/div>\n\t\t","protected":false},"excerpt":{"rendered":"<p>Pol\u00edtica de cookies PICCINI 1882 TodosPOL\u00cdTICA DE COOKIES PICCINI1882.IT POL\u00cdTICA DE COOKIES PICCINI1882.IT Descargar PDF Subir m\u00e1s<\/p>\n","protected":false},"author":2,"featured_media":0,"parent":0,"menu_order":0,"comment_status":"closed","ping_status":"closed","template":"template-homepage.php","meta":{"_acf_changed":false,"footnotes":""},"class_list":["post-37148","page","type-page","status-publish","hentry"],"acf":[],"_links":{"self":[{"href":"https:\/\/compassionate-germain.37-27-136-151.plesk.page\/es\/wp-json\/wp\/v2\/pages\/37148","targetHints":{"allow":["GET"]}}],"collection":[{"href":"https:\/\/compassionate-germain.37-27-136-151.plesk.page\/es\/wp-json\/wp\/v2\/pages"}],"about":[{"href":"https:\/\/compassionate-germain.37-27-136-151.plesk.page\/es\/wp-json\/wp\/v2\/types\/page"}],"author":[{"embeddable":true,"href":"https:\/\/compassionate-germain.37-27-136-151.plesk.page\/es\/wp-json\/wp\/v2\/users\/2"}],"replies":[{"embeddable":true,"href":"https:\/\/compassionate-germain.37-27-136-151.plesk.page\/es\/wp-json\/wp\/v2\/comments?post=37148"}],"version-history":[{"count":1,"href":"https:\/\/compassionate-germain.37-27-136-151.plesk.page\/es\/wp-json\/wp\/v2\/pages\/37148\/revisions"}],"predecessor-version":[{"id":37149,"href":"https:\/\/compassionate-germain.37-27-136-151.plesk.page\/es\/wp-json\/wp\/v2\/pages\/37148\/revisions\/37149"}],"wp:attachment":[{"href":"https:\/\/compassionate-germain.37-27-136-151.plesk.page\/es\/wp-json\/wp\/v2\/media?parent=37148"}],"curies":[{"name":"wp","href":"https:\/\/api.w.org\/{rel}","templated":true}]}}