{"id":37151,"date":"2023-10-18T12:26:18","date_gmt":"2023-10-18T10:26:18","guid":{"rendered":"https:\/\/compassionate-germain.37-27-136-151.plesk.page\/area-de-descargas\/"},"modified":"2026-03-12T16:30:06","modified_gmt":"2026-03-12T15:30:06","slug":"area-de-descargas","status":"publish","type":"page","link":"https:\/\/compassionate-germain.37-27-136-151.plesk.page\/es\/area-de-descargas\/","title":{"rendered":"\u00c1rea de descargas"},"content":{"rendered":"\t\t<div data-elementor-type=\"wp-page\" data-elementor-id=\"37151\" class=\"elementor elementor-37151 elementor-20496\" data-elementor-post-type=\"page\">\n\t\t\t\t<div class=\"elementor-element elementor-element-868dedd e-flex e-con-boxed e-con e-parent\" data-id=\"868dedd\" data-element_type=\"container\" data-e-type=\"container\" data-settings=\"{&quot;jet_parallax_layout_list&quot;:[]}\">\n\t\t\t\t\t<div class=\"e-con-inner\">\n\t\t\t\t<div class=\"elementor-element elementor-element-f8fa30f elementor-widget elementor-widget-jet-portfolio\" data-id=\"f8fa30f\" data-element_type=\"widget\" data-e-type=\"widget\" data-settings=\"{&quot;columns&quot;:&quot;3&quot;}\" data-widget_type=\"jet-portfolio.default\">\n\t\t\t\t<div class=\"elementor-widget-container\">\n\t\t\t\t\t<div class=\"elementor-jet-portfolio jet-elements\">\n<div class=\"jet-portfolio layout-type-grid preset-type-2 layout-desktop-column-3  \" data-settings=\"{&quot;layoutType&quot;:&quot;grid&quot;,&quot;perPage&quot;:6}\"><div class=\"jet-portfolio__filter\"><div class=\"jet-portfolio__filter-list\"><div class=\"jet-portfolio__filter-item active\" data-slug=\"all\"><span>Todos<\/span><\/div><span class=\"jet-portfolio__filter-item-separator jet-elements-icon\"><i aria-hidden=\"true\" class=\"fas fa-circle\"><\/i><\/span><div class=\"jet-portfolio__filter-item\" data-slug=\"folleto-2025\"><span>Folleto 2025<\/span><\/div><\/div><\/div><div class=\"jet-portfolio__list\"><article class=\"jet-portfolio__item visible-status\" data-slug=\"{&quot;0&quot;:&quot;all&quot;,&quot;1&quot;:&quot;folleto-2025&quot;}\">\n\t<div class=\"jet-portfolio__inner\">\n\t\t<a class=\"jet-portfolio__link \" target=\"\" rel=\"\" href=\"https:\/\/compassionate-germain.37-27-136-151.plesk.page\/wp-content\/uploads\/2025\/03\/Geografico-Catalogo-ITA.pdf\">\n\t\t\t<div class=\"jet-portfolio__image\">\n\t\t\t\t<img decoding=\"async\" class=\"jet-portfolio__image-instance\" src=\"https:\/\/compassionate-germain.37-27-136-151.plesk.page\/wp-content\/uploads\/2025\/03\/Brochure-GEOGRAFICO.jpg\" width=\"820\" height=\"500\"  alt=\"Brochure - GEOGRAFICO\" loading=\"lazy\">\t\t\t\t<div class=\"jet-portfolio__image-loader\"><span><\/span><\/div>\n\n\t\t\t\t\t\t\t\t\t<div class=\"jet-portfolio__cover\"><span class=\"jet-elements-icon\"><i aria-hidden=\"true\" class=\"fas fa-search\"><\/i><\/span><\/div>\n\t\t\t\t\t\t\t<\/div>\n\t\t<\/a>\n\t\t<div class=\"jet-portfolio__content\">\n\t\t\t<div class=\"jet-portfolio__content-inner\"><h4 class=\"jet-portfolio__title\">GEOGR\u00c1FICO<\/h4><h6 class=\"jet-portfolio__category\">Folleto 2025<\/h6><p class=\"jet-portfolio__desc\">En las colinas del Chianti, en los albores de la d\u00e9cada de 1960, 17 agricultores se unieron para dar voz al campo toscano y reactivar la econom\u00eda local.\n<\/p><a class=\"elementor-button elementor-size-md jet-portfolio__button\" href=\"https:\/\/compassionate-germain.37-27-136-151.plesk.page\/wp-content\/uploads\/2025\/03\/Geografico-Catalogo-ITA.pdf\"><span class=\"jet-portfolio__button-text\">Descarga<\/span><\/a><\/div> \n\t\t<\/div>\n\t<\/div>\n<\/article><\/div><\/div>\n<\/div>\t\t\t\t<\/div>\n\t\t\t\t<\/div>\n\t\t\t\t\t<\/div>\n\t\t\t\t<\/div>\n\t\t\t\t<\/div>\n\t\t","protected":false},"excerpt":{"rendered":"<p>TodosFolleto 2025 GEOGR\u00c1FICO Folleto 2025 En las colinas del Chianti, en los albores de la d\u00e9cada de 1960, 17 agricultores se unieron para dar voz al campo toscano y reactivar la econom\u00eda local. Descarga<\/p>\n","protected":false},"author":1,"featured_media":36643,"parent":0,"menu_order":0,"comment_status":"closed","ping_status":"closed","template":"","meta":{"_acf_changed":false,"footnotes":""},"class_list":["post-37151","page","type-page","status-publish","has-post-thumbnail","hentry"],"acf":[],"_links":{"self":[{"href":"https:\/\/compassionate-germain.37-27-136-151.plesk.page\/es\/wp-json\/wp\/v2\/pages\/37151","targetHints":{"allow":["GET"]}}],"collection":[{"href":"https:\/\/compassionate-germain.37-27-136-151.plesk.page\/es\/wp-json\/wp\/v2\/pages"}],"about":[{"href":"https:\/\/compassionate-germain.37-27-136-151.plesk.page\/es\/wp-json\/wp\/v2\/types\/page"}],"author":[{"embeddable":true,"href":"https:\/\/compassionate-germain.37-27-136-151.plesk.page\/es\/wp-json\/wp\/v2\/users\/1"}],"replies":[{"embeddable":true,"href":"https:\/\/compassionate-germain.37-27-136-151.plesk.page\/es\/wp-json\/wp\/v2\/comments?post=37151"}],"version-history":[{"count":2,"href":"https:\/\/compassionate-germain.37-27-136-151.plesk.page\/es\/wp-json\/wp\/v2\/pages\/37151\/revisions"}],"predecessor-version":[{"id":39701,"href":"https:\/\/compassionate-germain.37-27-136-151.plesk.page\/es\/wp-json\/wp\/v2\/pages\/37151\/revisions\/39701"}],"wp:featuredmedia":[{"embeddable":true,"href":"https:\/\/compassionate-germain.37-27-136-151.plesk.page\/es\/wp-json\/wp\/v2\/media\/36643"}],"wp:attachment":[{"href":"https:\/\/compassionate-germain.37-27-136-151.plesk.page\/es\/wp-json\/wp\/v2\/media?parent=37151"}],"curies":[{"name":"wp","href":"https:\/\/api.w.org\/{rel}","templated":true}]}}