{"id":37204,"date":"2023-10-15T12:13:16","date_gmt":"2023-10-15T10:13:16","guid":{"rendered":"https:\/\/compassionate-germain.37-27-136-151.plesk.page\/etiquetas\/borgo-alla-terra\/"},"modified":"2026-03-11T11:51:16","modified_gmt":"2026-03-11T10:51:16","slug":"borgo-alla-terra","status":"publish","type":"page","link":"https:\/\/compassionate-germain.37-27-136-151.plesk.page\/es\/etiquetas\/borgo-alla-terra\/","title":{"rendered":"Borgo alla Terra"},"content":{"rendered":"\t\t<div data-elementor-type=\"wp-page\" data-elementor-id=\"37204\" class=\"elementor elementor-37204 elementor-20001\" data-elementor-post-type=\"page\">\n\t\t\t\t<div class=\"elementor-element elementor-element-01731f3 elementor-hidden-mobile e-con-full e-flex e-con e-parent\" data-id=\"01731f3\" data-element_type=\"container\" data-e-type=\"container\" data-settings=\"{&quot;background_background&quot;:&quot;classic&quot;,&quot;jet_parallax_layout_list&quot;:[]}\">\n\t\t\t\t<\/div>\n\t\t<div class=\"elementor-element elementor-element-2a6fac4 elementor-hidden-desktop elementor-hidden-laptop elementor-hidden-tablet_extra elementor-hidden-tablet elementor-hidden-mobile_extra e-con-full e-flex e-con e-parent\" data-id=\"2a6fac4\" data-element_type=\"container\" data-e-type=\"container\" data-settings=\"{&quot;background_background&quot;:&quot;classic&quot;,&quot;jet_parallax_layout_list&quot;:[]}\">\n\t\t\t\t<\/div>\n\t\t<div class=\"elementor-element elementor-element-ec5f471 e-flex e-con-boxed e-con e-parent\" data-id=\"ec5f471\" data-element_type=\"container\" data-e-type=\"container\" data-settings=\"{&quot;jet_parallax_layout_list&quot;:[]}\">\n\t\t\t\t\t<div class=\"e-con-inner\">\n\t\t<div class=\"elementor-element elementor-element-eb95424 e-con-full e-flex e-con e-child\" data-id=\"eb95424\" data-element_type=\"container\" data-e-type=\"container\" data-settings=\"{&quot;jet_parallax_layout_list&quot;:[]}\">\n\t\t\t\t<div class=\"elementor-element elementor-element-754122e elementor-widget-divider--view-line elementor-widget elementor-widget-divider\" data-id=\"754122e\" data-element_type=\"widget\" data-e-type=\"widget\" data-widget_type=\"divider.default\">\n\t\t\t\t<div class=\"elementor-widget-container\">\n\t\t\t\t\t\t\t<div class=\"elementor-divider\">\n\t\t\t<span class=\"elementor-divider-separator\">\n\t\t\t\t\t\t<\/span>\n\t\t<\/div>\n\t\t\t\t\t\t<\/div>\n\t\t\t\t<\/div>\n\t\t\t\t<div class=\"elementor-element elementor-element-96b1241 elementor-widget elementor-widget-image\" data-id=\"96b1241\" data-element_type=\"widget\" data-e-type=\"widget\" data-widget_type=\"image.default\">\n\t\t\t\t<div class=\"elementor-widget-container\">\n\t\t\t\t\t\t\t\t\t\t\t\t\t\t\t<img loading=\"lazy\" decoding=\"async\" width=\"800\" height=\"100\" src=\"https:\/\/compassionate-germain.37-27-136-151.plesk.page\/wp-content\/uploads\/2024\/09\/Vector-Smart-Object-1.png\" class=\"attachment-large size-large wp-image-37212\" alt=\"\" srcset=\"https:\/\/compassionate-germain.37-27-136-151.plesk.page\/wp-content\/uploads\/2024\/09\/Vector-Smart-Object-1.png 800w, https:\/\/compassionate-germain.37-27-136-151.plesk.page\/wp-content\/uploads\/2024\/09\/Vector-Smart-Object-1-300x38.png 300w, https:\/\/compassionate-germain.37-27-136-151.plesk.page\/wp-content\/uploads\/2024\/09\/Vector-Smart-Object-1-768x96.png 768w\" sizes=\"auto, (max-width: 800px) 100vw, 800px\" \/>\t\t\t\t\t\t\t\t\t\t\t\t\t\t\t<\/div>\n\t\t\t\t<\/div>\n\t\t\t\t<div class=\"elementor-element elementor-element-4a3b435 elementor-widget-divider--view-line elementor-widget elementor-widget-divider\" data-id=\"4a3b435\" data-element_type=\"widget\" data-e-type=\"widget\" data-widget_type=\"divider.default\">\n\t\t\t\t<div class=\"elementor-widget-container\">\n\t\t\t\t\t\t\t<div class=\"elementor-divider\">\n\t\t\t<span class=\"elementor-divider-separator\">\n\t\t\t\t\t\t<\/span>\n\t\t<\/div>\n\t\t\t\t\t\t<\/div>\n\t\t\t\t<\/div>\n\t\t\t\t<\/div>\n\t\t<div class=\"elementor-element elementor-element-75644a0 e-con-full e-flex e-con e-child\" data-id=\"75644a0\" data-element_type=\"container\" data-e-type=\"container\" data-settings=\"{&quot;jet_parallax_layout_list&quot;:[]}\">\n\t\t\t\t<div class=\"elementor-element elementor-element-5330000 subtitle-position-above elementor-widget__width-initial elementor-mobile-align-center elementor-widget-mobile__width-initial elementor-widget-tablet__width-inherit elementor-align-center elementor-widget elementor-widget-hnice-heading\" data-id=\"5330000\" data-element_type=\"widget\" data-e-type=\"widget\" data-widget_type=\"hnice-heading.default\">\n\t\t\t\t<div class=\"elementor-widget-container\">\n\t\t\t\t\t<div class=\"elementor-heading-wrapper-inner\"><h2 class=\"elementor-heading-title elementor-size-default\">De las colinas toscanas a la magia de la Vernaccia<\/h2><div class=\"elementor-sub-title\">El alma de San Gimignano<\/div><\/div>\t\t\t\t<\/div>\n\t\t\t\t<\/div>\n\t\t<div class=\"elementor-element elementor-element-c27371c e-con-full e-flex e-con e-child\" data-id=\"c27371c\" data-element_type=\"container\" data-e-type=\"container\" data-settings=\"{&quot;jet_parallax_layout_list&quot;:[]}\">\n\t\t\t\t<div class=\"elementor-element elementor-element-b431de4 elementor-widget-laptop__width-inherit elementor-widget-mobile__width-initial elementor-widget elementor-widget-text-editor\" data-id=\"b431de4\" data-element_type=\"widget\" data-e-type=\"widget\" data-widget_type=\"text-editor.default\">\n\t\t\t\t<div class=\"elementor-widget-container\">\n\t\t\t\t\t\t\t\t\t<p>Geografico tiene dos almas, repartidas entre la bodega hist\u00f3rica de Gaiole y la bodega de San Gimignano. En Gaiole, donde los viticultores de Geografico tienen sus ra\u00edces, la producci\u00f3n gira en torno al pr\u00edncipe de los vinos toscanos: el Chianti Classico.<\/p><p>La otra realidad que anima al Geografico se basa en la bodega de San Gimignano, situada a los pies de la famosa ciudad torreada. Entre estas tierras, vocadas a la producci\u00f3n de la Vernaccia y Chianti Colli Senesi, naci\u00f3 la l\u00ednea premium \u00abBorgo alla Terra\u00bb, con el objetivo\u00a0de elevar y dar a conocer al gran p\u00fablico uno de los territorios m\u00e1s vocacionados del panorama vin\u00edcola. De hecho, a la sombra de las torres de San Gimignano se extiende un mar de colinas que regalan vinos emblem\u00e1ticos.<\/p><p>Las botellas de \u00abBorgo alla Terra\u00bb privilegian la inmediatez y la agradabilidad, uniendo una facilidad de beber capaz de implicar y acercar a este trozo de Toscana a un n\u00famero cada vez mayor de aficionados.<\/p>\t\t\t\t\t\t\t\t<\/div>\n\t\t\t\t<\/div>\n\t\t\t\t<\/div>\n\t\t\t\t<\/div>\n\t\t\t\t\t<\/div>\n\t\t\t\t<\/div>\n\t\t<div class=\"elementor-element elementor-element-3a7eb60 e-con-full e-flex e-con e-parent\" data-id=\"3a7eb60\" data-element_type=\"container\" data-e-type=\"container\" data-settings=\"{&quot;jet_parallax_layout_list&quot;:[]}\">\n\t\t<div class=\"elementor-element elementor-element-f9e62d1 e-con-full e-flex e-con e-child\" data-id=\"f9e62d1\" data-element_type=\"container\" data-e-type=\"container\" data-settings=\"{&quot;jet_parallax_layout_list&quot;:[]}\">\n\t\t<div class=\"elementor-element elementor-element-dc4dbb5 e-con-full e-flex e-con e-child\" data-id=\"dc4dbb5\" data-element_type=\"container\" data-e-type=\"container\" data-settings=\"{&quot;jet_parallax_layout_list&quot;:[]}\">\n\t\t\t\t<div class=\"elementor-element elementor-element-ad3e691 elementor-widget elementor-widget-hnice-team-box\" data-id=\"ad3e691\" data-element_type=\"widget\" data-e-type=\"widget\" data-widget_type=\"hnice-team-box.default\">\n\t\t\t\t<div class=\"elementor-widget-container\">\n\t\t\t\t\t\r\n        <div class=\"elementor-teams-wrapper\">\r\n                            <div class=\"team-image\">\r\n                            <div class=\"team-icon-socials\">\r\n            <ul>\r\n                                                                                                                                                                            <\/ul>\r\n        <\/div>\r\n\r\n                            <img loading=\"lazy\" decoding=\"async\" width=\"1080\" height=\"1350\" src=\"https:\/\/compassionate-germain.37-27-136-151.plesk.page\/wp-content\/uploads\/2025\/11\/Borgo-Alla-Terra-Chianti.jpg\" class=\"attachment-full size-full wp-image-35131\" alt=\"\" srcset=\"https:\/\/compassionate-germain.37-27-136-151.plesk.page\/wp-content\/uploads\/2025\/11\/Borgo-Alla-Terra-Chianti.jpg 1080w, https:\/\/compassionate-germain.37-27-136-151.plesk.page\/wp-content\/uploads\/2025\/11\/Borgo-Alla-Terra-Chianti-240x300.jpg 240w, https:\/\/compassionate-germain.37-27-136-151.plesk.page\/wp-content\/uploads\/2025\/11\/Borgo-Alla-Terra-Chianti-819x1024.jpg 819w, https:\/\/compassionate-germain.37-27-136-151.plesk.page\/wp-content\/uploads\/2025\/11\/Borgo-Alla-Terra-Chianti-768x960.jpg 768w, https:\/\/compassionate-germain.37-27-136-151.plesk.page\/wp-content\/uploads\/2025\/11\/Borgo-Alla-Terra-Chianti-460x575.jpg 460w, https:\/\/compassionate-germain.37-27-136-151.plesk.page\/wp-content\/uploads\/2025\/11\/Borgo-Alla-Terra-Chianti-800x1000.jpg 800w, https:\/\/compassionate-germain.37-27-136-151.plesk.page\/wp-content\/uploads\/2025\/11\/Borgo-Alla-Terra-Chianti-100x126.jpg 100w\" sizes=\"auto, (max-width: 1080px) 100vw, 1080px\" \/>                <\/div>\r\n                        <div class=\"team-caption\">\r\n                                    <div class=\"team-name\">Borgo alla Terra<\/div>\r\n                                <div class=\"team-job\">Chianti<\/div>\r\n            <\/div>\r\n        <\/div>\r\n        \t\t\t\t<\/div>\n\t\t\t\t<\/div>\n\t\t\t\t<\/div>\n\t\t<div class=\"elementor-element elementor-element-ba26139 e-con-full e-flex e-con e-child\" data-id=\"ba26139\" data-element_type=\"container\" data-e-type=\"container\" data-settings=\"{&quot;jet_parallax_layout_list&quot;:[]}\">\n\t\t\t\t<div class=\"elementor-element elementor-element-613eeee elementor-widget elementor-widget-hnice-team-box\" data-id=\"613eeee\" data-element_type=\"widget\" data-e-type=\"widget\" data-widget_type=\"hnice-team-box.default\">\n\t\t\t\t<div class=\"elementor-widget-container\">\n\t\t\t\t\t\r\n        <div class=\"elementor-teams-wrapper\">\r\n                            <div class=\"team-image\">\r\n                            <div class=\"team-icon-socials\">\r\n            <ul>\r\n                                                                                                                                                                            <\/ul>\r\n        <\/div>\r\n\r\n                            <img loading=\"lazy\" decoding=\"async\" width=\"1080\" height=\"1350\" src=\"https:\/\/compassionate-germain.37-27-136-151.plesk.page\/wp-content\/uploads\/2025\/11\/Geografico-Borgo-alla-terra-Vernaccia.jpg\" class=\"attachment-full size-full wp-image-35127\" alt=\"\" srcset=\"https:\/\/compassionate-germain.37-27-136-151.plesk.page\/wp-content\/uploads\/2025\/11\/Geografico-Borgo-alla-terra-Vernaccia.jpg 1080w, https:\/\/compassionate-germain.37-27-136-151.plesk.page\/wp-content\/uploads\/2025\/11\/Geografico-Borgo-alla-terra-Vernaccia-240x300.jpg 240w, https:\/\/compassionate-germain.37-27-136-151.plesk.page\/wp-content\/uploads\/2025\/11\/Geografico-Borgo-alla-terra-Vernaccia-819x1024.jpg 819w, https:\/\/compassionate-germain.37-27-136-151.plesk.page\/wp-content\/uploads\/2025\/11\/Geografico-Borgo-alla-terra-Vernaccia-768x960.jpg 768w, https:\/\/compassionate-germain.37-27-136-151.plesk.page\/wp-content\/uploads\/2025\/11\/Geografico-Borgo-alla-terra-Vernaccia-460x575.jpg 460w, https:\/\/compassionate-germain.37-27-136-151.plesk.page\/wp-content\/uploads\/2025\/11\/Geografico-Borgo-alla-terra-Vernaccia-800x1000.jpg 800w, https:\/\/compassionate-germain.37-27-136-151.plesk.page\/wp-content\/uploads\/2025\/11\/Geografico-Borgo-alla-terra-Vernaccia-100x126.jpg 100w\" sizes=\"auto, (max-width: 1080px) 100vw, 1080px\" \/>                <\/div>\r\n                        <div class=\"team-caption\">\r\n                                    <div class=\"team-name\">Borgo alla Terra<\/div>\r\n                                <div class=\"team-job\">Vernaccia San Gimignano<\/div>\r\n            <\/div>\r\n        <\/div>\r\n        \t\t\t\t<\/div>\n\t\t\t\t<\/div>\n\t\t\t\t<\/div>\n\t\t<div class=\"elementor-element elementor-element-d911500 e-con-full e-flex e-con e-child\" data-id=\"d911500\" data-element_type=\"container\" data-e-type=\"container\" data-settings=\"{&quot;jet_parallax_layout_list&quot;:[]}\">\n\t\t\t\t<div class=\"elementor-element elementor-element-702da59 elementor-widget elementor-widget-hnice-team-box\" data-id=\"702da59\" data-element_type=\"widget\" data-e-type=\"widget\" data-widget_type=\"hnice-team-box.default\">\n\t\t\t\t<div class=\"elementor-widget-container\">\n\t\t\t\t\t\r\n        <div class=\"elementor-teams-wrapper\">\r\n                            <div class=\"team-image\">\r\n                            <div class=\"team-icon-socials\">\r\n            <ul>\r\n                                                                                                                                                                            <\/ul>\r\n        <\/div>\r\n\r\n                            <img loading=\"lazy\" decoding=\"async\" width=\"1080\" height=\"1350\" src=\"https:\/\/compassionate-germain.37-27-136-151.plesk.page\/wp-content\/uploads\/2025\/11\/Geografico-Borgo-alla-terra-Chianti-Riserva.jpg\" class=\"attachment-full size-full wp-image-35123\" alt=\"\" srcset=\"https:\/\/compassionate-germain.37-27-136-151.plesk.page\/wp-content\/uploads\/2025\/11\/Geografico-Borgo-alla-terra-Chianti-Riserva.jpg 1080w, https:\/\/compassionate-germain.37-27-136-151.plesk.page\/wp-content\/uploads\/2025\/11\/Geografico-Borgo-alla-terra-Chianti-Riserva-240x300.jpg 240w, https:\/\/compassionate-germain.37-27-136-151.plesk.page\/wp-content\/uploads\/2025\/11\/Geografico-Borgo-alla-terra-Chianti-Riserva-819x1024.jpg 819w, https:\/\/compassionate-germain.37-27-136-151.plesk.page\/wp-content\/uploads\/2025\/11\/Geografico-Borgo-alla-terra-Chianti-Riserva-768x960.jpg 768w, https:\/\/compassionate-germain.37-27-136-151.plesk.page\/wp-content\/uploads\/2025\/11\/Geografico-Borgo-alla-terra-Chianti-Riserva-460x575.jpg 460w, https:\/\/compassionate-germain.37-27-136-151.plesk.page\/wp-content\/uploads\/2025\/11\/Geografico-Borgo-alla-terra-Chianti-Riserva-800x1000.jpg 800w, https:\/\/compassionate-germain.37-27-136-151.plesk.page\/wp-content\/uploads\/2025\/11\/Geografico-Borgo-alla-terra-Chianti-Riserva-100x126.jpg 100w\" sizes=\"auto, (max-width: 1080px) 100vw, 1080px\" \/>                <\/div>\r\n                        <div class=\"team-caption\">\r\n                                    <div class=\"team-name\">Borgo alla Terra<\/div>\r\n                                <div class=\"team-job\">Chianti Riserva<\/div>\r\n            <\/div>\r\n        <\/div>\r\n        \t\t\t\t<\/div>\n\t\t\t\t<\/div>\n\t\t\t\t<\/div>\n\t\t<div class=\"elementor-element elementor-element-d77d438 e-con-full e-flex e-con e-child\" data-id=\"d77d438\" data-element_type=\"container\" data-e-type=\"container\" data-settings=\"{&quot;jet_parallax_layout_list&quot;:[]}\">\n\t\t\t\t<div class=\"elementor-element elementor-element-ed75fd2 elementor-widget elementor-widget-hnice-team-box\" data-id=\"ed75fd2\" data-element_type=\"widget\" data-e-type=\"widget\" data-widget_type=\"hnice-team-box.default\">\n\t\t\t\t<div class=\"elementor-widget-container\">\n\t\t\t\t\t\r\n        <div class=\"elementor-teams-wrapper\">\r\n                            <div class=\"team-image\">\r\n                            <div class=\"team-icon-socials\">\r\n            <ul>\r\n                                                                                                                                                                            <\/ul>\r\n        <\/div>\r\n\r\n                            <img loading=\"lazy\" decoding=\"async\" width=\"1080\" height=\"1350\" src=\"https:\/\/compassionate-germain.37-27-136-151.plesk.page\/wp-content\/uploads\/2025\/11\/GEOGRAFICO-Borgo-alla-terra-Chianti-colli-Senesi.jpg\" class=\"attachment-full size-full wp-image-35141\" alt=\"\" srcset=\"https:\/\/compassionate-germain.37-27-136-151.plesk.page\/wp-content\/uploads\/2025\/11\/GEOGRAFICO-Borgo-alla-terra-Chianti-colli-Senesi.jpg 1080w, https:\/\/compassionate-germain.37-27-136-151.plesk.page\/wp-content\/uploads\/2025\/11\/GEOGRAFICO-Borgo-alla-terra-Chianti-colli-Senesi-240x300.jpg 240w, https:\/\/compassionate-germain.37-27-136-151.plesk.page\/wp-content\/uploads\/2025\/11\/GEOGRAFICO-Borgo-alla-terra-Chianti-colli-Senesi-819x1024.jpg 819w, https:\/\/compassionate-germain.37-27-136-151.plesk.page\/wp-content\/uploads\/2025\/11\/GEOGRAFICO-Borgo-alla-terra-Chianti-colli-Senesi-768x960.jpg 768w, https:\/\/compassionate-germain.37-27-136-151.plesk.page\/wp-content\/uploads\/2025\/11\/GEOGRAFICO-Borgo-alla-terra-Chianti-colli-Senesi-460x575.jpg 460w, https:\/\/compassionate-germain.37-27-136-151.plesk.page\/wp-content\/uploads\/2025\/11\/GEOGRAFICO-Borgo-alla-terra-Chianti-colli-Senesi-800x1000.jpg 800w, https:\/\/compassionate-germain.37-27-136-151.plesk.page\/wp-content\/uploads\/2025\/11\/GEOGRAFICO-Borgo-alla-terra-Chianti-colli-Senesi-100x126.jpg 100w\" sizes=\"auto, (max-width: 1080px) 100vw, 1080px\" \/>                <\/div>\r\n                        <div class=\"team-caption\">\r\n                                    <div class=\"team-name\">Borgo alla Terra<\/div>\r\n                                <div class=\"team-job\">Chianti Colli Senesi<\/div>\r\n            <\/div>\r\n        <\/div>\r\n        \t\t\t\t<\/div>\n\t\t\t\t<\/div>\n\t\t\t\t<\/div>\n\t\t<div class=\"elementor-element elementor-element-6b09d78 e-con-full e-flex e-con e-child\" data-id=\"6b09d78\" data-element_type=\"container\" data-e-type=\"container\" data-settings=\"{&quot;jet_parallax_layout_list&quot;:[]}\">\n\t\t\t\t<div class=\"elementor-element elementor-element-dab4938 elementor-widget elementor-widget-hnice-team-box\" data-id=\"dab4938\" data-element_type=\"widget\" data-e-type=\"widget\" data-widget_type=\"hnice-team-box.default\">\n\t\t\t\t<div class=\"elementor-widget-container\">\n\t\t\t\t\t\r\n        <div class=\"elementor-teams-wrapper\">\r\n                            <div class=\"team-image\">\r\n                            <div class=\"team-icon-socials\">\r\n            <ul>\r\n                                                                                                                                                                            <\/ul>\r\n        <\/div>\r\n\r\n                            <img loading=\"lazy\" decoding=\"async\" width=\"1080\" height=\"1350\" src=\"https:\/\/compassionate-germain.37-27-136-151.plesk.page\/wp-content\/uploads\/2025\/11\/Geografico-Borgo-lla-terra-Toscana.jpg\" class=\"attachment-full size-full wp-image-35119\" alt=\"\" srcset=\"https:\/\/compassionate-germain.37-27-136-151.plesk.page\/wp-content\/uploads\/2025\/11\/Geografico-Borgo-lla-terra-Toscana.jpg 1080w, https:\/\/compassionate-germain.37-27-136-151.plesk.page\/wp-content\/uploads\/2025\/11\/Geografico-Borgo-lla-terra-Toscana-240x300.jpg 240w, https:\/\/compassionate-germain.37-27-136-151.plesk.page\/wp-content\/uploads\/2025\/11\/Geografico-Borgo-lla-terra-Toscana-819x1024.jpg 819w, https:\/\/compassionate-germain.37-27-136-151.plesk.page\/wp-content\/uploads\/2025\/11\/Geografico-Borgo-lla-terra-Toscana-768x960.jpg 768w, https:\/\/compassionate-germain.37-27-136-151.plesk.page\/wp-content\/uploads\/2025\/11\/Geografico-Borgo-lla-terra-Toscana-460x575.jpg 460w, https:\/\/compassionate-germain.37-27-136-151.plesk.page\/wp-content\/uploads\/2025\/11\/Geografico-Borgo-lla-terra-Toscana-800x1000.jpg 800w, https:\/\/compassionate-germain.37-27-136-151.plesk.page\/wp-content\/uploads\/2025\/11\/Geografico-Borgo-lla-terra-Toscana-100x126.jpg 100w\" sizes=\"auto, (max-width: 1080px) 100vw, 1080px\" \/>                <\/div>\r\n                        <div class=\"team-caption\">\r\n                                    <div class=\"team-name\">Borgo alla Terra<\/div>\r\n                                <div class=\"team-job\">Governo all&#039;uso Toscano<\/div>\r\n            <\/div>\r\n        <\/div>\r\n        \t\t\t\t<\/div>\n\t\t\t\t<\/div>\n\t\t\t\t<\/div>\n\t\t\t\t<\/div>\n\t\t\t\t<\/div>\n\t\t\t\t<\/div>\n\t\t","protected":false},"excerpt":{"rendered":"<p>De las colinas toscanas a la magia de la Vernaccia El alma de San Gimignano Geografico tiene dos almas, repartidas entre la bodega hist\u00f3rica de Gaiole y la bodega de San Gimignano. En Gaiole, donde los viticultores de Geografico tienen sus ra\u00edces, la producci\u00f3n gira en torno al pr\u00edncipe de los vinos toscanos: el Chianti [&hellip;]<\/p>\n","protected":false},"author":1,"featured_media":0,"parent":36389,"menu_order":0,"comment_status":"closed","ping_status":"closed","template":"","meta":{"_acf_changed":false,"footnotes":""},"class_list":["post-37204","page","type-page","status-publish","hentry"],"acf":[],"_links":{"self":[{"href":"https:\/\/compassionate-germain.37-27-136-151.plesk.page\/es\/wp-json\/wp\/v2\/pages\/37204","targetHints":{"allow":["GET"]}}],"collection":[{"href":"https:\/\/compassionate-germain.37-27-136-151.plesk.page\/es\/wp-json\/wp\/v2\/pages"}],"about":[{"href":"https:\/\/compassionate-germain.37-27-136-151.plesk.page\/es\/wp-json\/wp\/v2\/types\/page"}],"author":[{"embeddable":true,"href":"https:\/\/compassionate-germain.37-27-136-151.plesk.page\/es\/wp-json\/wp\/v2\/users\/1"}],"replies":[{"embeddable":true,"href":"https:\/\/compassionate-germain.37-27-136-151.plesk.page\/es\/wp-json\/wp\/v2\/comments?post=37204"}],"version-history":[{"count":28,"href":"https:\/\/compassionate-germain.37-27-136-151.plesk.page\/es\/wp-json\/wp\/v2\/pages\/37204\/revisions"}],"predecessor-version":[{"id":39577,"href":"https:\/\/compassionate-germain.37-27-136-151.plesk.page\/es\/wp-json\/wp\/v2\/pages\/37204\/revisions\/39577"}],"up":[{"embeddable":true,"href":"https:\/\/compassionate-germain.37-27-136-151.plesk.page\/es\/wp-json\/wp\/v2\/pages\/36389"}],"wp:attachment":[{"href":"https:\/\/compassionate-germain.37-27-136-151.plesk.page\/es\/wp-json\/wp\/v2\/media?parent=37204"}],"curies":[{"name":"wp","href":"https:\/\/api.w.org\/{rel}","templated":true}]}}