{"id":37208,"date":"2023-10-15T12:13:15","date_gmt":"2023-10-15T10:13:15","guid":{"rendered":"https:\/\/compassionate-germain.37-27-136-151.plesk.page\/etiquetas\/condesa-de-radda\/"},"modified":"2026-03-11T11:54:07","modified_gmt":"2026-03-11T10:54:07","slug":"condesa-de-radda","status":"publish","type":"page","link":"https:\/\/compassionate-germain.37-27-136-151.plesk.page\/es\/etiquetas\/condesa-de-radda\/","title":{"rendered":"Condesa de Radda"},"content":{"rendered":"\t\t<div data-elementor-type=\"wp-page\" data-elementor-id=\"37208\" class=\"elementor elementor-37208 elementor-19999\" data-elementor-post-type=\"page\">\n\t\t\t\t<div class=\"elementor-element elementor-element-23d4856 e-con-full e-flex e-con e-parent\" data-id=\"23d4856\" data-element_type=\"container\" data-e-type=\"container\" data-settings=\"{&quot;jet_parallax_layout_list&quot;:[]}\">\n\t\t<div class=\"elementor-element elementor-element-fd6000e e-con-full e-flex e-con e-child\" data-id=\"fd6000e\" data-element_type=\"container\" data-e-type=\"container\" data-settings=\"{&quot;background_background&quot;:&quot;classic&quot;,&quot;jet_parallax_layout_list&quot;:[]}\">\n\t\t\t\t<\/div>\n\t\t\t\t<\/div>\n\t\t<div class=\"elementor-element elementor-element-ece4bd4 e-flex e-con-boxed e-con e-parent\" data-id=\"ece4bd4\" data-element_type=\"container\" data-e-type=\"container\" data-settings=\"{&quot;jet_parallax_layout_list&quot;:[]}\">\n\t\t\t\t\t<div class=\"e-con-inner\">\n\t\t\t\t<div class=\"elementor-element elementor-element-3d49d3e elementor-widget-divider--view-line elementor-widget elementor-widget-divider\" data-id=\"3d49d3e\" data-element_type=\"widget\" data-e-type=\"widget\" data-widget_type=\"divider.default\">\n\t\t\t\t<div class=\"elementor-widget-container\">\n\t\t\t\t\t\t\t<div class=\"elementor-divider\">\n\t\t\t<span class=\"elementor-divider-separator\">\n\t\t\t\t\t\t<\/span>\n\t\t<\/div>\n\t\t\t\t\t\t<\/div>\n\t\t\t\t<\/div>\n\t\t\t\t<div class=\"elementor-element elementor-element-ddaecb3 elementor-widget elementor-widget-image\" data-id=\"ddaecb3\" data-element_type=\"widget\" data-e-type=\"widget\" data-widget_type=\"image.default\">\n\t\t\t\t<div class=\"elementor-widget-container\">\n\t\t\t\t\t\t\t\t\t\t\t\t\t\t\t<img loading=\"lazy\" decoding=\"async\" width=\"800\" height=\"100\" src=\"https:\/\/compassionate-germain.37-27-136-151.plesk.page\/wp-content\/uploads\/2024\/09\/Vector-Smart-Object.png\" class=\"attachment-large size-large wp-image-37214\" alt=\"\" srcset=\"https:\/\/compassionate-germain.37-27-136-151.plesk.page\/wp-content\/uploads\/2024\/09\/Vector-Smart-Object.png 800w, https:\/\/compassionate-germain.37-27-136-151.plesk.page\/wp-content\/uploads\/2024\/09\/Vector-Smart-Object-300x38.png 300w, https:\/\/compassionate-germain.37-27-136-151.plesk.page\/wp-content\/uploads\/2024\/09\/Vector-Smart-Object-768x96.png 768w\" sizes=\"auto, (max-width: 800px) 100vw, 800px\" \/>\t\t\t\t\t\t\t\t\t\t\t\t\t\t\t<\/div>\n\t\t\t\t<\/div>\n\t\t\t\t<div class=\"elementor-element elementor-element-49eef0b elementor-widget-divider--view-line elementor-widget elementor-widget-divider\" data-id=\"49eef0b\" data-element_type=\"widget\" data-e-type=\"widget\" data-widget_type=\"divider.default\">\n\t\t\t\t<div class=\"elementor-widget-container\">\n\t\t\t\t\t\t\t<div class=\"elementor-divider\">\n\t\t\t<span class=\"elementor-divider-separator\">\n\t\t\t\t\t\t<\/span>\n\t\t<\/div>\n\t\t\t\t\t\t<\/div>\n\t\t\t\t<\/div>\n\t\t<div class=\"elementor-element elementor-element-e2aaa14 e-con-full e-flex e-con e-child\" data-id=\"e2aaa14\" data-element_type=\"container\" data-e-type=\"container\" data-settings=\"{&quot;jet_parallax_layout_list&quot;:[]}\">\n\t\t\t\t<div class=\"elementor-element elementor-element-b86f74d subtitle-position-above elementor-widget__width-initial elementor-mobile-align-center elementor-widget-mobile__width-inherit elementor-widget-tablet__width-inherit elementor-align-center elementor-widget elementor-widget-hnice-heading\" data-id=\"b86f74d\" data-element_type=\"widget\" data-e-type=\"widget\" data-widget_type=\"hnice-heading.default\">\n\t\t\t\t<div class=\"elementor-widget-container\">\n\t\t\t\t\t<div class=\"elementor-heading-wrapper-inner\"><h2 class=\"elementor-heading-title elementor-size-default\">Un homenaje a la nobleza toscana<\/h2><div class=\"elementor-sub-title\">La elegancia del Chianti Classico<\/div><\/div>\t\t\t\t<\/div>\n\t\t\t\t<\/div>\n\t\t<div class=\"elementor-element elementor-element-05eb2a3 e-con-full e-flex e-con e-child\" data-id=\"05eb2a3\" data-element_type=\"container\" data-e-type=\"container\" data-settings=\"{&quot;jet_parallax_layout_list&quot;:[]}\">\n\t\t\t\t<div class=\"elementor-element elementor-element-e7d5d14 elementor-widget-laptop__width-inherit elementor-widget-mobile__width-initial elementor-widget elementor-widget-text-editor\" data-id=\"e7d5d14\" data-element_type=\"widget\" data-e-type=\"widget\" data-widget_type=\"text-editor.default\">\n\t\t\t\t<div class=\"elementor-widget-container\">\n\t\t\t\t\t\t\t\t\t<p>El buque insignia de Geografico, la l\u00ednea \u00abContessa di Radda\u00bb, presume de una tradici\u00f3n antigua y gloriosa. Su nombre celebra los mil a\u00f1os de historia del Chianti Classico, rindiendo homenaje a la ilustre Willa de Toscana. Mujer fuerte y valiente, Willa llev\u00f3 el tim\u00f3n de la Toscana durante los dif\u00edciles a\u00f1os del siglo X, junto con su hijo Ugo, recordado por Dante en la Divina Comedia como \u00abGran Bar\u00f3n\u00bb.<\/p><p>En 968, Ugo escribi\u00f3 una p\u00e1gina fundamental de la historia de Toscana, al decidir trasladar la capital pol\u00edtica de la regi\u00f3n de Lucca a Florencia, marcando el auge de la ciudad a orillas del Arno. Para sellar el traslado de su hijo, Willa fund\u00f3 en 978 la Badia Fiorentina, el monasterio benedictino m\u00e1s antiguo de Florencia, dotando a la ciudad de un centro religioso y cultural de absoluta importancia. Para expresar su munificencia, la noble don\u00f3 al monasterio varios territorios del Chianti, entre ellos Radda, forjando la leyenda de la \u00abCondesa de Radda\u00bb.<\/p><p>Cada gota de esta preciosa selecci\u00f3n de vinos recuerda el profundo v\u00ednculo con el territorio, preservando la antigua tradici\u00f3n vin\u00edcola transmitida celosamente por los viticultores locales. S\u00f3lo las mejores uvas pueden aspirar a la prestigiosa etiqueta de \u00abContessa di Radda\u00bb, que acompa\u00f1a la historia del Geografico desde 1978, a\u00f1o de su primera cosecha hist\u00f3rica, enarbolando el estandarte de las tierras del Chianti Classico. Con sus elegantes aromas, \u00abContessa di Radda\u00bb es un poema de amor dedicado a la tradici\u00f3n y a la belleza que nos rodean desde hace siglos.<\/p>\t\t\t\t\t\t\t\t<\/div>\n\t\t\t\t<\/div>\n\t\t\t\t<\/div>\n\t\t\t\t<\/div>\n\t\t\t\t\t<\/div>\n\t\t\t\t<\/div>\n\t\t<div class=\"elementor-element elementor-element-75f62a3 e-con-full e-flex e-con e-parent\" data-id=\"75f62a3\" data-element_type=\"container\" data-e-type=\"container\" data-settings=\"{&quot;jet_parallax_layout_list&quot;:[]}\">\n\t\t<div class=\"elementor-element elementor-element-907ddac e-con-full e-flex e-con e-child\" data-id=\"907ddac\" data-element_type=\"container\" data-e-type=\"container\" data-settings=\"{&quot;jet_parallax_layout_list&quot;:[]}\">\n\t\t<div class=\"elementor-element elementor-element-3fc6567 e-con-full e-flex e-con e-child\" data-id=\"3fc6567\" data-element_type=\"container\" data-e-type=\"container\" data-settings=\"{&quot;jet_parallax_layout_list&quot;:[]}\">\n\t\t\t\t<div class=\"elementor-element elementor-element-6e79078 elementor-widget elementor-widget-hnice-team-box\" data-id=\"6e79078\" data-element_type=\"widget\" data-e-type=\"widget\" data-widget_type=\"hnice-team-box.default\">\n\t\t\t\t<div class=\"elementor-widget-container\">\n\t\t\t\t\t\r\n        <div class=\"elementor-teams-wrapper\">\r\n                            <div class=\"team-image\">\r\n                            <div class=\"team-icon-socials\">\r\n            <ul>\r\n                                                                                                                                                                            <\/ul>\r\n        <\/div>\r\n\r\n                            <img loading=\"lazy\" decoding=\"async\" width=\"1080\" height=\"1350\" src=\"https:\/\/compassionate-germain.37-27-136-151.plesk.page\/wp-content\/uploads\/2024\/08\/GEOGRAFICO-Contessa-di-Radda-Toscana.jpg\" class=\"attachment-full size-full wp-image-21915\" alt=\"\" srcset=\"https:\/\/compassionate-germain.37-27-136-151.plesk.page\/wp-content\/uploads\/2024\/08\/GEOGRAFICO-Contessa-di-Radda-Toscana.jpg 1080w, https:\/\/compassionate-germain.37-27-136-151.plesk.page\/wp-content\/uploads\/2024\/08\/GEOGRAFICO-Contessa-di-Radda-Toscana-240x300.jpg 240w, https:\/\/compassionate-germain.37-27-136-151.plesk.page\/wp-content\/uploads\/2024\/08\/GEOGRAFICO-Contessa-di-Radda-Toscana-819x1024.jpg 819w, https:\/\/compassionate-germain.37-27-136-151.plesk.page\/wp-content\/uploads\/2024\/08\/GEOGRAFICO-Contessa-di-Radda-Toscana-768x960.jpg 768w, https:\/\/compassionate-germain.37-27-136-151.plesk.page\/wp-content\/uploads\/2024\/08\/GEOGRAFICO-Contessa-di-Radda-Toscana-460x575.jpg 460w, https:\/\/compassionate-germain.37-27-136-151.plesk.page\/wp-content\/uploads\/2024\/08\/GEOGRAFICO-Contessa-di-Radda-Toscana-800x1000.jpg 800w, https:\/\/compassionate-germain.37-27-136-151.plesk.page\/wp-content\/uploads\/2024\/08\/GEOGRAFICO-Contessa-di-Radda-Toscana-100x126.jpg 100w\" sizes=\"auto, (max-width: 1080px) 100vw, 1080px\" \/>                <\/div>\r\n                        <div class=\"team-caption\">\r\n                                    <div class=\"team-name\">Contessa di Radda<\/div>\r\n                                <div class=\"team-job\">Merlot Toscana<\/div>\r\n            <\/div>\r\n        <\/div>\r\n        \t\t\t\t<\/div>\n\t\t\t\t<\/div>\n\t\t\t\t<\/div>\n\t\t<div class=\"elementor-element elementor-element-35cd9ec e-con-full e-flex e-con e-child\" data-id=\"35cd9ec\" data-element_type=\"container\" data-e-type=\"container\" data-settings=\"{&quot;jet_parallax_layout_list&quot;:[]}\">\n\t\t\t\t<div class=\"elementor-element elementor-element-febc9b4 elementor-widget elementor-widget-hnice-team-box\" data-id=\"febc9b4\" data-element_type=\"widget\" data-e-type=\"widget\" data-widget_type=\"hnice-team-box.default\">\n\t\t\t\t<div class=\"elementor-widget-container\">\n\t\t\t\t\t\r\n        <div class=\"elementor-teams-wrapper\">\r\n                            <div class=\"team-image\">\r\n                            <div class=\"team-icon-socials\">\r\n            <ul>\r\n                                                                                                                                                                            <\/ul>\r\n        <\/div>\r\n\r\n                            <img loading=\"lazy\" decoding=\"async\" width=\"1080\" height=\"1350\" src=\"https:\/\/compassionate-germain.37-27-136-151.plesk.page\/wp-content\/uploads\/2024\/08\/Contessa-Rosso-ok.jpg\" class=\"attachment-full size-full wp-image-21916\" alt=\"\" srcset=\"https:\/\/compassionate-germain.37-27-136-151.plesk.page\/wp-content\/uploads\/2024\/08\/Contessa-Rosso-ok.jpg 1080w, https:\/\/compassionate-germain.37-27-136-151.plesk.page\/wp-content\/uploads\/2024\/08\/Contessa-Rosso-ok-240x300.jpg 240w, https:\/\/compassionate-germain.37-27-136-151.plesk.page\/wp-content\/uploads\/2024\/08\/Contessa-Rosso-ok-819x1024.jpg 819w, https:\/\/compassionate-germain.37-27-136-151.plesk.page\/wp-content\/uploads\/2024\/08\/Contessa-Rosso-ok-768x960.jpg 768w, https:\/\/compassionate-germain.37-27-136-151.plesk.page\/wp-content\/uploads\/2024\/08\/Contessa-Rosso-ok-460x575.jpg 460w, https:\/\/compassionate-germain.37-27-136-151.plesk.page\/wp-content\/uploads\/2024\/08\/Contessa-Rosso-ok-800x1000.jpg 800w, https:\/\/compassionate-germain.37-27-136-151.plesk.page\/wp-content\/uploads\/2024\/08\/Contessa-Rosso-ok-100x126.jpg 100w\" sizes=\"auto, (max-width: 1080px) 100vw, 1080px\" \/>                <\/div>\r\n                        <div class=\"team-caption\">\r\n                                    <div class=\"team-name\">Contessa di radda<\/div>\r\n                                <div class=\"team-job\">Chianti Classico<\/div>\r\n            <\/div>\r\n        <\/div>\r\n        \t\t\t\t<\/div>\n\t\t\t\t<\/div>\n\t\t\t\t<\/div>\n\t\t<div class=\"elementor-element elementor-element-d19eba3 e-con-full e-flex e-con e-child\" data-id=\"d19eba3\" data-element_type=\"container\" data-e-type=\"container\" data-settings=\"{&quot;jet_parallax_layout_list&quot;:[]}\">\n\t\t\t\t<div class=\"elementor-element elementor-element-447562d elementor-widget elementor-widget-hnice-team-box\" data-id=\"447562d\" data-element_type=\"widget\" data-e-type=\"widget\" data-widget_type=\"hnice-team-box.default\">\n\t\t\t\t<div class=\"elementor-widget-container\">\n\t\t\t\t\t\r\n        <div class=\"elementor-teams-wrapper\">\r\n                            <div class=\"team-image\">\r\n                            <div class=\"team-icon-socials\">\r\n            <ul>\r\n                                                                                                                                                                            <\/ul>\r\n        <\/div>\r\n\r\n                            <img loading=\"lazy\" decoding=\"async\" width=\"1080\" height=\"1350\" src=\"https:\/\/compassionate-germain.37-27-136-151.plesk.page\/wp-content\/uploads\/2024\/08\/Contessa-bianco-ok.jpg\" class=\"attachment-full size-full wp-image-21919\" alt=\"\" srcset=\"https:\/\/compassionate-germain.37-27-136-151.plesk.page\/wp-content\/uploads\/2024\/08\/Contessa-bianco-ok.jpg 1080w, https:\/\/compassionate-germain.37-27-136-151.plesk.page\/wp-content\/uploads\/2024\/08\/Contessa-bianco-ok-240x300.jpg 240w, https:\/\/compassionate-germain.37-27-136-151.plesk.page\/wp-content\/uploads\/2024\/08\/Contessa-bianco-ok-819x1024.jpg 819w, https:\/\/compassionate-germain.37-27-136-151.plesk.page\/wp-content\/uploads\/2024\/08\/Contessa-bianco-ok-768x960.jpg 768w, https:\/\/compassionate-germain.37-27-136-151.plesk.page\/wp-content\/uploads\/2024\/08\/Contessa-bianco-ok-460x575.jpg 460w, https:\/\/compassionate-germain.37-27-136-151.plesk.page\/wp-content\/uploads\/2024\/08\/Contessa-bianco-ok-800x1000.jpg 800w, https:\/\/compassionate-germain.37-27-136-151.plesk.page\/wp-content\/uploads\/2024\/08\/Contessa-bianco-ok-100x126.jpg 100w\" sizes=\"auto, (max-width: 1080px) 100vw, 1080px\" \/>                <\/div>\r\n                        <div class=\"team-caption\">\r\n                                    <div class=\"team-name\">Contessa di radda<\/div>\r\n                                <div class=\"team-job\">Chardonnay Toscana<\/div>\r\n            <\/div>\r\n        <\/div>\r\n        \t\t\t\t<\/div>\n\t\t\t\t<\/div>\n\t\t\t\t<\/div>\n\t\t<div class=\"elementor-element elementor-element-51ef718 e-con-full e-flex e-con e-child\" data-id=\"51ef718\" data-element_type=\"container\" data-e-type=\"container\" data-settings=\"{&quot;jet_parallax_layout_list&quot;:[]}\">\n\t\t\t\t<div class=\"elementor-element elementor-element-f52421c elementor-widget elementor-widget-hnice-team-box\" data-id=\"f52421c\" data-element_type=\"widget\" data-e-type=\"widget\" data-widget_type=\"hnice-team-box.default\">\n\t\t\t\t<div class=\"elementor-widget-container\">\n\t\t\t\t\t\r\n        <div class=\"elementor-teams-wrapper\">\r\n                            <div class=\"team-image\">\r\n                            <div class=\"team-icon-socials\">\r\n            <ul>\r\n                                                                                                                                                                            <\/ul>\r\n        <\/div>\r\n\r\n                            <img loading=\"lazy\" decoding=\"async\" width=\"1080\" height=\"1350\" src=\"https:\/\/compassionate-germain.37-27-136-151.plesk.page\/wp-content\/uploads\/2024\/08\/GEOGRAFICO-Contessa-di-Radda-Riserva.jpg\" class=\"attachment-full size-full wp-image-21909\" alt=\"\" srcset=\"https:\/\/compassionate-germain.37-27-136-151.plesk.page\/wp-content\/uploads\/2024\/08\/GEOGRAFICO-Contessa-di-Radda-Riserva.jpg 1080w, https:\/\/compassionate-germain.37-27-136-151.plesk.page\/wp-content\/uploads\/2024\/08\/GEOGRAFICO-Contessa-di-Radda-Riserva-240x300.jpg 240w, https:\/\/compassionate-germain.37-27-136-151.plesk.page\/wp-content\/uploads\/2024\/08\/GEOGRAFICO-Contessa-di-Radda-Riserva-819x1024.jpg 819w, https:\/\/compassionate-germain.37-27-136-151.plesk.page\/wp-content\/uploads\/2024\/08\/GEOGRAFICO-Contessa-di-Radda-Riserva-768x960.jpg 768w, https:\/\/compassionate-germain.37-27-136-151.plesk.page\/wp-content\/uploads\/2024\/08\/GEOGRAFICO-Contessa-di-Radda-Riserva-460x575.jpg 460w, https:\/\/compassionate-germain.37-27-136-151.plesk.page\/wp-content\/uploads\/2024\/08\/GEOGRAFICO-Contessa-di-Radda-Riserva-800x1000.jpg 800w, https:\/\/compassionate-germain.37-27-136-151.plesk.page\/wp-content\/uploads\/2024\/08\/GEOGRAFICO-Contessa-di-Radda-Riserva-100x126.jpg 100w\" sizes=\"auto, (max-width: 1080px) 100vw, 1080px\" \/>                <\/div>\r\n                        <div class=\"team-caption\">\r\n                                    <div class=\"team-name\">Contessa di radda<\/div>\r\n                                <div class=\"team-job\">Chianti Classico Riserva<\/div>\r\n            <\/div>\r\n        <\/div>\r\n        \t\t\t\t<\/div>\n\t\t\t\t<\/div>\n\t\t\t\t<\/div>\n\t\t\t\t<\/div>\n\t\t\t\t<\/div>\n\t\t\t\t<\/div>\n\t\t","protected":false},"excerpt":{"rendered":"<p>Un homenaje a la nobleza toscana La elegancia del Chianti Classico El buque insignia de Geografico, la l\u00ednea \u00abContessa di Radda\u00bb, presume de una tradici\u00f3n antigua y gloriosa. Su nombre celebra los mil a\u00f1os de historia del Chianti Classico, rindiendo homenaje a la ilustre Willa de Toscana. Mujer fuerte y valiente, Willa llev\u00f3 el tim\u00f3n [&hellip;]<\/p>\n","protected":false},"author":1,"featured_media":0,"parent":36389,"menu_order":0,"comment_status":"closed","ping_status":"closed","template":"","meta":{"_acf_changed":false,"footnotes":""},"class_list":["post-37208","page","type-page","status-publish","hentry"],"acf":[],"_links":{"self":[{"href":"https:\/\/compassionate-germain.37-27-136-151.plesk.page\/es\/wp-json\/wp\/v2\/pages\/37208","targetHints":{"allow":["GET"]}}],"collection":[{"href":"https:\/\/compassionate-germain.37-27-136-151.plesk.page\/es\/wp-json\/wp\/v2\/pages"}],"about":[{"href":"https:\/\/compassionate-germain.37-27-136-151.plesk.page\/es\/wp-json\/wp\/v2\/types\/page"}],"author":[{"embeddable":true,"href":"https:\/\/compassionate-germain.37-27-136-151.plesk.page\/es\/wp-json\/wp\/v2\/users\/1"}],"replies":[{"embeddable":true,"href":"https:\/\/compassionate-germain.37-27-136-151.plesk.page\/es\/wp-json\/wp\/v2\/comments?post=37208"}],"version-history":[{"count":10,"href":"https:\/\/compassionate-germain.37-27-136-151.plesk.page\/es\/wp-json\/wp\/v2\/pages\/37208\/revisions"}],"predecessor-version":[{"id":39586,"href":"https:\/\/compassionate-germain.37-27-136-151.plesk.page\/es\/wp-json\/wp\/v2\/pages\/37208\/revisions\/39586"}],"up":[{"embeddable":true,"href":"https:\/\/compassionate-germain.37-27-136-151.plesk.page\/es\/wp-json\/wp\/v2\/pages\/36389"}],"wp:attachment":[{"href":"https:\/\/compassionate-germain.37-27-136-151.plesk.page\/es\/wp-json\/wp\/v2\/media?parent=37208"}],"curies":[{"name":"wp","href":"https:\/\/api.w.org\/{rel}","templated":true}]}}