{"id":37242,"date":"2023-10-15T12:13:15","date_gmt":"2023-10-15T10:13:15","guid":{"rendered":"https:\/\/compassionate-germain.37-27-136-151.plesk.page\/etiquetas\/la-pevera\/"},"modified":"2026-03-11T12:10:20","modified_gmt":"2026-03-11T11:10:20","slug":"la-pevera","status":"publish","type":"page","link":"https:\/\/compassionate-germain.37-27-136-151.plesk.page\/es\/etiquetas\/la-pevera\/","title":{"rendered":"La Pevera"},"content":{"rendered":"\t\t<div data-elementor-type=\"wp-page\" data-elementor-id=\"37242\" class=\"elementor elementor-37242 elementor-19998\" data-elementor-post-type=\"page\">\n\t\t\t\t<div class=\"elementor-element elementor-element-a21aaa8 e-flex e-con-boxed e-con e-parent\" data-id=\"a21aaa8\" data-element_type=\"container\" data-e-type=\"container\" data-settings=\"{&quot;background_background&quot;:&quot;classic&quot;,&quot;jet_parallax_layout_list&quot;:[]}\">\n\t\t\t\t\t<div class=\"e-con-inner\">\n\t\t<div class=\"elementor-element elementor-element-aa5eb19 e-con-full e-flex e-con e-child\" data-id=\"aa5eb19\" data-element_type=\"container\" data-e-type=\"container\" data-settings=\"{&quot;jet_parallax_layout_list&quot;:[]}\">\n\t\t\t\t<\/div>\n\t\t\t\t\t<\/div>\n\t\t\t\t<\/div>\n\t\t<div class=\"elementor-element elementor-element-5fc1b50 e-flex e-con-boxed e-con e-parent\" data-id=\"5fc1b50\" data-element_type=\"container\" data-e-type=\"container\" data-settings=\"{&quot;jet_parallax_layout_list&quot;:[]}\">\n\t\t\t\t\t<div class=\"e-con-inner\">\n\t\t<div class=\"elementor-element elementor-element-61e3999 e-con-full e-flex e-con e-child\" data-id=\"61e3999\" data-element_type=\"container\" data-e-type=\"container\" data-settings=\"{&quot;jet_parallax_layout_list&quot;:[]}\">\n\t\t\t\t<div class=\"elementor-element elementor-element-058a699 elementor-widget-divider--view-line elementor-widget elementor-widget-divider\" data-id=\"058a699\" data-element_type=\"widget\" data-e-type=\"widget\" data-widget_type=\"divider.default\">\n\t\t\t\t<div class=\"elementor-widget-container\">\n\t\t\t\t\t\t\t<div class=\"elementor-divider\">\n\t\t\t<span class=\"elementor-divider-separator\">\n\t\t\t\t\t\t<\/span>\n\t\t<\/div>\n\t\t\t\t\t\t<\/div>\n\t\t\t\t<\/div>\n\t\t\t\t<div class=\"elementor-element elementor-element-68b89c1 elementor-widget elementor-widget-image\" data-id=\"68b89c1\" data-element_type=\"widget\" data-e-type=\"widget\" data-widget_type=\"image.default\">\n\t\t\t\t<div class=\"elementor-widget-container\">\n\t\t\t\t\t\t\t\t\t\t\t\t\t\t\t<img loading=\"lazy\" decoding=\"async\" width=\"600\" height=\"85\" src=\"https:\/\/compassionate-germain.37-27-136-151.plesk.page\/wp-content\/uploads\/2025\/11\/pevera-1.webp\" class=\"attachment-large size-large wp-image-39620\" alt=\"\" srcset=\"https:\/\/compassionate-germain.37-27-136-151.plesk.page\/wp-content\/uploads\/2025\/11\/pevera-1.webp 600w, https:\/\/compassionate-germain.37-27-136-151.plesk.page\/wp-content\/uploads\/2025\/11\/pevera-1-300x43.webp 300w\" sizes=\"auto, (max-width: 600px) 100vw, 600px\" \/>\t\t\t\t\t\t\t\t\t\t\t\t\t\t\t<\/div>\n\t\t\t\t<\/div>\n\t\t\t\t<div class=\"elementor-element elementor-element-c2d8eb5 elementor-widget-divider--view-line elementor-widget elementor-widget-divider\" data-id=\"c2d8eb5\" data-element_type=\"widget\" data-e-type=\"widget\" data-widget_type=\"divider.default\">\n\t\t\t\t<div class=\"elementor-widget-container\">\n\t\t\t\t\t\t\t<div class=\"elementor-divider\">\n\t\t\t<span class=\"elementor-divider-separator\">\n\t\t\t\t\t\t<\/span>\n\t\t<\/div>\n\t\t\t\t\t\t<\/div>\n\t\t\t\t<\/div>\n\t\t<div class=\"elementor-element elementor-element-de9f98e e-con-full e-flex e-con e-child\" data-id=\"de9f98e\" data-element_type=\"container\" data-e-type=\"container\" data-settings=\"{&quot;jet_parallax_layout_list&quot;:[]}\">\n\t\t\t\t<div class=\"elementor-element elementor-element-7ebf34c subtitle-position-above elementor-widget__width-initial elementor-mobile-align-center elementor-widget-mobile__width-initial elementor-widget-tablet__width-inherit elementor-align-center elementor-widget elementor-widget-hnice-heading\" data-id=\"7ebf34c\" data-element_type=\"widget\" data-e-type=\"widget\" data-widget_type=\"hnice-heading.default\">\n\t\t\t\t<div class=\"elementor-widget-container\">\n\t\t\t\t\t<div class=\"elementor-heading-wrapper-inner\"><h2 class=\"elementor-heading-title elementor-size-default\">La excelencia de Geografico<\/h2><div class=\"elementor-sub-title\">El arte de la tradici\u00f3n toscana<\/div><\/div>\t\t\t\t<\/div>\n\t\t\t\t<\/div>\n\t\t<div class=\"elementor-element elementor-element-89568c0 e-con-full e-flex e-con e-child\" data-id=\"89568c0\" data-element_type=\"container\" data-e-type=\"container\" data-settings=\"{&quot;jet_parallax_layout_list&quot;:[]}\">\n\t\t\t\t<div class=\"elementor-element elementor-element-97367cf elementor-widget-laptop__width-inherit elementor-widget-mobile__width-initial elementor-widget elementor-widget-text-editor\" data-id=\"97367cf\" data-element_type=\"widget\" data-e-type=\"widget\" data-widget_type=\"text-editor.default\">\n\t\t\t\t<div class=\"elementor-widget-container\">\n\t\t\t\t\t\t\t\t\t<p>La tradici\u00f3n siempre ha sido el punto de partida de nuestro trabajo, sin dejar de gui\u00f1ar el ojo a las nuevas t\u00e9cnicas de vinificaci\u00f3n capaces de realzar el perfil de las uvas. El objetivo declarado sigue siendo el de seguir el camino de la valorizaci\u00f3n y la defensa del inmenso patrimonio vin\u00edcola de las tierras del Chianti. Hija de esta filosof\u00eda es La Pevera, vino elaborado mediante t\u00e9cnicas de microvinificaci\u00f3n, adoptando pr\u00e1cticas enol\u00f3gicas no invasivas.<\/p>\t\t\t\t\t\t\t\t<\/div>\n\t\t\t\t<\/div>\n\t\t\t\t<\/div>\n\t\t\t\t<\/div>\n\t\t\t\t<\/div>\n\t\t\t\t\t<\/div>\n\t\t\t\t<\/div>\n\t\t<div class=\"elementor-element elementor-element-e4abbb3 e-con-full e-flex e-con e-parent\" data-id=\"e4abbb3\" data-element_type=\"container\" data-e-type=\"container\" data-settings=\"{&quot;jet_parallax_layout_list&quot;:[]}\">\n\t\t\t\t<div class=\"elementor-element elementor-element-a990d91 elementor-widget elementor-widget-image\" data-id=\"a990d91\" data-element_type=\"widget\" data-e-type=\"widget\" data-widget_type=\"image.default\">\n\t\t\t\t<div class=\"elementor-widget-container\">\n\t\t\t\t\t\t\t\t\t\t\t\t\t\t\t<img loading=\"lazy\" decoding=\"async\" width=\"2000\" height=\"1333\" src=\"https:\/\/compassionate-germain.37-27-136-151.plesk.page\/wp-content\/uploads\/2025\/11\/PICCINI-Pevera_2-copy.jpg\" class=\"attachment-full size-full wp-image-39618\" alt=\"\" srcset=\"https:\/\/compassionate-germain.37-27-136-151.plesk.page\/wp-content\/uploads\/2025\/11\/PICCINI-Pevera_2-copy.jpg 2000w, https:\/\/compassionate-germain.37-27-136-151.plesk.page\/wp-content\/uploads\/2025\/11\/PICCINI-Pevera_2-copy-300x200.jpg 300w, https:\/\/compassionate-germain.37-27-136-151.plesk.page\/wp-content\/uploads\/2025\/11\/PICCINI-Pevera_2-copy-1024x682.jpg 1024w, https:\/\/compassionate-germain.37-27-136-151.plesk.page\/wp-content\/uploads\/2025\/11\/PICCINI-Pevera_2-copy-768x512.jpg 768w, https:\/\/compassionate-germain.37-27-136-151.plesk.page\/wp-content\/uploads\/2025\/11\/PICCINI-Pevera_2-copy-1536x1024.jpg 1536w, https:\/\/compassionate-germain.37-27-136-151.plesk.page\/wp-content\/uploads\/2025\/11\/PICCINI-Pevera_2-copy-800x533.jpg 800w\" sizes=\"auto, (max-width: 2000px) 100vw, 2000px\" \/>\t\t\t\t\t\t\t\t\t\t\t\t\t\t\t<\/div>\n\t\t\t\t<\/div>\n\t\t\t\t<\/div>\n\t\t<div class=\"elementor-element elementor-element-1fd97fc e-flex e-con-boxed e-con e-parent\" data-id=\"1fd97fc\" data-element_type=\"container\" data-e-type=\"container\" data-settings=\"{&quot;jet_parallax_layout_list&quot;:[]}\">\n\t\t\t\t\t<div class=\"e-con-inner\">\n\t\t\t\t<div class=\"elementor-element elementor-element-9991460 elementor-widget-laptop__width-inherit elementor-widget-mobile__width-initial elementor-widget elementor-widget-text-editor\" data-id=\"9991460\" data-element_type=\"widget\" data-e-type=\"widget\" data-widget_type=\"text-editor.default\">\n\t\t\t\t<div class=\"elementor-widget-container\">\n\t\t\t\t\t\t\t\t\t<p>La Pevera rinde homenaje a la rica tradici\u00f3n vitivin\u00edcola toscana, tomando su nombre de una antigua herramienta de vinificaci\u00f3n. En la antig\u00fcedad, de hecho, la \u00abpevera\u00bb era un embudo de madera que se utilizaba para verter el vino en los barriles y que a\u00fan se conserva en la bodega de Geografico. Recordando este glorioso pasado, La Pevera se presenta como un prestigioso Supertoscano que reinterpreta con estilo la antigua tradici\u00f3n vin\u00edcola.<\/p>\n<p>Con Pevera, Geogr\u00e1fico entrega a los amantes del vino un vino de extrema gracia, nacido con la intenci\u00f3n precisa de difundir la excelencia enol\u00f3gica de Geogr\u00e1fico. El resultado es una Toscana IGT que lleva la firma de su en\u00f3logo, gracias a una elegante mezcla que combina Sangiovese y Cabernet Sauvignon con la abanderada del Valle del R\u00f3dano, la Syrah, capaz de alcanzar cotas de absoluto refinamiento en estas tierras.<\/p>\t\t\t\t\t\t\t\t<\/div>\n\t\t\t\t<\/div>\n\t\t\t\t\t<\/div>\n\t\t\t\t<\/div>\n\t\t\t\t<\/div>\n\t\t","protected":false},"excerpt":{"rendered":"<p>La excelencia de Geografico El arte de la tradici\u00f3n toscana La tradici\u00f3n siempre ha sido el punto de partida de nuestro trabajo, sin dejar de gui\u00f1ar el ojo a las nuevas t\u00e9cnicas de vinificaci\u00f3n capaces de realzar el perfil de las uvas. El objetivo declarado sigue siendo el de seguir el camino de la valorizaci\u00f3n [&hellip;]<\/p>\n","protected":false},"author":1,"featured_media":0,"parent":36389,"menu_order":0,"comment_status":"closed","ping_status":"closed","template":"","meta":{"_acf_changed":false,"footnotes":""},"class_list":["post-37242","page","type-page","status-publish","hentry"],"acf":[],"_links":{"self":[{"href":"https:\/\/compassionate-germain.37-27-136-151.plesk.page\/es\/wp-json\/wp\/v2\/pages\/37242","targetHints":{"allow":["GET"]}}],"collection":[{"href":"https:\/\/compassionate-germain.37-27-136-151.plesk.page\/es\/wp-json\/wp\/v2\/pages"}],"about":[{"href":"https:\/\/compassionate-germain.37-27-136-151.plesk.page\/es\/wp-json\/wp\/v2\/types\/page"}],"author":[{"embeddable":true,"href":"https:\/\/compassionate-germain.37-27-136-151.plesk.page\/es\/wp-json\/wp\/v2\/users\/1"}],"replies":[{"embeddable":true,"href":"https:\/\/compassionate-germain.37-27-136-151.plesk.page\/es\/wp-json\/wp\/v2\/comments?post=37242"}],"version-history":[{"count":13,"href":"https:\/\/compassionate-germain.37-27-136-151.plesk.page\/es\/wp-json\/wp\/v2\/pages\/37242\/revisions"}],"predecessor-version":[{"id":39634,"href":"https:\/\/compassionate-germain.37-27-136-151.plesk.page\/es\/wp-json\/wp\/v2\/pages\/37242\/revisions\/39634"}],"up":[{"embeddable":true,"href":"https:\/\/compassionate-germain.37-27-136-151.plesk.page\/es\/wp-json\/wp\/v2\/pages\/36389"}],"wp:attachment":[{"href":"https:\/\/compassionate-germain.37-27-136-151.plesk.page\/es\/wp-json\/wp\/v2\/media?parent=37242"}],"curies":[{"name":"wp","href":"https:\/\/api.w.org\/{rel}","templated":true}]}}