{"id":37441,"date":"2025-03-31T16:11:45","date_gmt":"2025-03-31T14:11:45","guid":{"rendered":"https:\/\/compassionate-germain.37-27-136-151.plesk.page\/experiencias\/juego-de-la-cata-de-aceite-de-oliva-castellina\/"},"modified":"2026-01-19T18:02:14","modified_gmt":"2026-01-19T17:02:14","slug":"juego-de-la-cata-de-aceite-de-oliva-castellina","status":"publish","type":"page","link":"https:\/\/compassionate-germain.37-27-136-151.plesk.page\/es\/experiencias\/juego-de-la-cata-de-aceite-de-oliva-castellina\/","title":{"rendered":"Juego de la Cata de Aceite de Oliva &#8211; Castellina"},"content":{"rendered":"\t\t<div data-elementor-type=\"wp-page\" data-elementor-id=\"37441\" class=\"elementor elementor-37441 elementor-31219\" data-elementor-post-type=\"page\">\n\t\t\t\t<div class=\"elementor-element elementor-element-475ec97 e-con-full e-flex e-con e-parent\" data-id=\"475ec97\" data-element_type=\"container\" data-e-type=\"container\" data-settings=\"{&quot;jet_parallax_layout_list&quot;:[]}\">\n\t\t\t\t<div class=\"elementor-element elementor-element-c67517d elementor-widget elementor-widget-image\" data-id=\"c67517d\" data-element_type=\"widget\" data-e-type=\"widget\" data-widget_type=\"image.default\">\n\t\t\t\t<div class=\"elementor-widget-container\">\n\t\t\t\t\t\t\t\t\t\t\t\t\t\t\t<img loading=\"lazy\" decoding=\"async\" width=\"2560\" height=\"1049\" src=\"https:\/\/compassionate-germain.37-27-136-151.plesk.page\/wp-content\/uploads\/2025\/04\/wwwwwafafmobile-exper.jpg\" class=\"attachment-full size-full wp-image-37449\" alt=\"\" srcset=\"https:\/\/compassionate-germain.37-27-136-151.plesk.page\/wp-content\/uploads\/2025\/04\/wwwwwafafmobile-exper.jpg 2560w, https:\/\/compassionate-germain.37-27-136-151.plesk.page\/wp-content\/uploads\/2025\/04\/wwwwwafafmobile-exper-300x123.jpg 300w, https:\/\/compassionate-germain.37-27-136-151.plesk.page\/wp-content\/uploads\/2025\/04\/wwwwwafafmobile-exper-1024x420.jpg 1024w, https:\/\/compassionate-germain.37-27-136-151.plesk.page\/wp-content\/uploads\/2025\/04\/wwwwwafafmobile-exper-768x315.jpg 768w, https:\/\/compassionate-germain.37-27-136-151.plesk.page\/wp-content\/uploads\/2025\/04\/wwwwwafafmobile-exper-1536x629.jpg 1536w, https:\/\/compassionate-germain.37-27-136-151.plesk.page\/wp-content\/uploads\/2025\/04\/wwwwwafafmobile-exper-2048x839.jpg 2048w, https:\/\/compassionate-germain.37-27-136-151.plesk.page\/wp-content\/uploads\/2025\/04\/wwwwwafafmobile-exper-800x328.jpg 800w\" sizes=\"auto, (max-width: 2560px) 100vw, 2560px\" \/>\t\t\t\t\t\t\t\t\t\t\t\t\t\t\t<\/div>\n\t\t\t\t<\/div>\n\t\t\t\t<\/div>\n\t\t<div class=\"elementor-element elementor-element-6798810 e-flex e-con-boxed e-con e-parent\" data-id=\"6798810\" data-element_type=\"container\" data-e-type=\"container\" data-settings=\"{&quot;jet_parallax_layout_list&quot;:[]}\">\n\t\t\t\t\t<div class=\"e-con-inner\">\n\t\t<div class=\"elementor-element elementor-element-f55383f elementor-hidden-tablet elementor-hidden-mobile_extra e-con-full e-flex e-con e-child\" data-id=\"f55383f\" data-element_type=\"container\" data-e-type=\"container\" data-settings=\"{&quot;jet_parallax_layout_list&quot;:[]}\">\n\t\t<div class=\"elementor-element elementor-element-a1337b0 e-con-full e-flex e-con e-child\" data-id=\"a1337b0\" data-element_type=\"container\" data-e-type=\"container\" data-settings=\"{&quot;jet_parallax_layout_list&quot;:[]}\">\n\t\t<div class=\"elementor-element elementor-element-aff2bbf e-con-full e-flex e-con e-child\" data-id=\"aff2bbf\" data-element_type=\"container\" data-e-type=\"container\" data-settings=\"{&quot;jet_parallax_layout_list&quot;:[]}\">\n\t\t\t\t<div class=\"elementor-element elementor-element-48ba888 subtitle-position-above elementor-widget__width-initial elementor-mobile-align-center elementor-widget-mobile__width-inherit elementor-widget-tablet__width-inherit elementor-align-center elementor-widget elementor-widget-hnice-heading\" data-id=\"48ba888\" data-element_type=\"widget\" data-e-type=\"widget\" data-widget_type=\"hnice-heading.default\">\n\t\t\t\t<div class=\"elementor-widget-container\">\n\t\t\t\t\t<div class=\"elementor-heading-wrapper-inner\"><h2 class=\"elementor-heading-title elementor-size-default\">Juego de cata de aceite de oliva<\/h2><div class=\"elementor-sub-title\">CASTELLINA IN CHIANTI<\/div><\/div>\t\t\t\t<\/div>\n\t\t\t\t<\/div>\n\t\t\t\t<div class=\"elementor-element elementor-element-a52f448 elementor-widget-laptop__width-inherit elementor-widget elementor-widget-text-editor\" data-id=\"a52f448\" data-element_type=\"widget\" data-e-type=\"widget\" data-widget_type=\"text-editor.default\">\n\t\t\t\t<div class=\"elementor-widget-container\">\n\t\t\t\t\t\t\t\t\t<p>Descubre el arte del aceite de oliva virgen extra con catas guiadas y un juego sensorial \u00fanico y atractivo.<\/p>\t\t\t\t\t\t\t\t<\/div>\n\t\t\t\t<\/div>\n\t\t\t\t<div class=\"elementor-element elementor-element-18e6a3e elementor-widget-laptop__width-inherit elementor-widget elementor-widget-text-editor\" data-id=\"18e6a3e\" data-element_type=\"widget\" data-e-type=\"widget\" data-widget_type=\"text-editor.default\">\n\t\t\t\t<div class=\"elementor-widget-container\">\n\t\t\t\t\t\t\t\t\t<p><strong>\u00bfAlguna vez has querido descubrir los secretos de un buen aceite de oliva virgen extra?  <\/strong><\/p><p>Con esta experiencia interactiva, aprender\u00e1s a reconocer un aceite de excelente calidad y a comprender las opciones de producci\u00f3n que influyen en el sabor y el aroma. Cataremos cuatro aceites distintos, explorando las diferencias de producci\u00f3n, estructura y estilo, y pondremos a prueba tus habilidades sensoriales mediante un divertido juego de cata. <\/p><p>Desaf\u00eda tus sentidos, aprende a distinguir olores y sabores, y convi\u00e9rtete en un aut\u00e9ntico experto del oro verde italiano.<\/p><p><strong>\u00a1Reserva ahora para descubrir c\u00f3mo el arte del aceite se une al sabor!<\/strong><\/p>\t\t\t\t\t\t\t\t<\/div>\n\t\t\t\t<\/div>\n\t\t\t\t<div class=\"elementor-element elementor-element-bd0bbfb elementor-widget-laptop__width-inherit elementor-hidden-tablet elementor-hidden-mobile_extra elementor-widget elementor-widget-text-editor\" data-id=\"bd0bbfb\" data-element_type=\"widget\" data-e-type=\"widget\" data-widget_type=\"text-editor.default\">\n\t\t\t\t<div class=\"elementor-widget-container\">\n\t\t\t\t\t\t\t\t\t<p><strong>\u00bfD\u00d3NDE? <\/strong><a href=\"https:\/\/maps.app.goo.gl\/iar315uXa6B5n6re8\">GEOGRAFICO DI CASTELLINA, LOC. PIAZZOLE, CASTELLINA IN CHIANTI<\/a><\/p>\t\t\t\t\t\t\t\t<\/div>\n\t\t\t\t<\/div>\n\t\t\t\t<div class=\"elementor-element elementor-element-375432a elementor-align-center elementor-button-outline elementor-widget elementor-widget-button\" data-id=\"375432a\" data-element_type=\"widget\" data-e-type=\"widget\" data-widget_type=\"button.default\">\n\t\t\t\t<div class=\"elementor-widget-container\">\n\t\t\t\t\t\t\t\t\t<div class=\"elementor-button-wrapper\">\n\t\t\t\t\t<a class=\"elementor-button elementor-button-link elementor-size-sm\" href=\"https:\/\/fareharbor.com\/embeds\/book\/chiantigeografico\/items\/613547\/?full-items=yes&#038;flow=1349075\">\n\t\t\t\t\t\t<span class=\"elementor-button-content-wrapper\">\n\t\t\t\t\t\t<span class=\"elementor-button-icon\">\n\t\t\t\t<i aria-hidden=\"true\" class=\"hnice-icon- hnice-icon-right-arrow\"><\/i>\t\t\t<\/span>\n\t\t\t\t\t\t\t\t\t<span class=\"elementor-button-text\">EXPERIENCIA DEL LIBRO<\/span>\n\t\t\t\t\t<\/span>\n\t\t\t\t\t<\/a>\n\t\t\t\t<\/div>\n\t\t\t\t\t\t\t\t<\/div>\n\t\t\t\t<\/div>\n\t\t\t\t<div class=\"elementor-element elementor-element-7a3ee86 elementor-widget-laptop__width-inherit elementor-hidden-tablet_extra elementor-widget elementor-widget-text-editor\" data-id=\"7a3ee86\" data-element_type=\"widget\" data-e-type=\"widget\" data-widget_type=\"text-editor.default\">\n\t\t\t\t<div class=\"elementor-widget-container\">\n\t\t\t\t\t\t\t\t\t<p><strong>DURACI\u00d3N DE LA EXPERIENCIA: <\/strong>45 MINUTOS | <strong> CU\u00c1NDO: <\/strong>DEL 1 DE MAYO DE 2025 AL 31 DE OCTUBRE DE 2025 | <strong> D\u00cdAS Y HORAS:<\/strong> DE LUNES A VIERNES A LAS 10 H.<\/p>\t\t\t\t\t\t\t\t<\/div>\n\t\t\t\t<\/div>\n\t\t\t\t<div class=\"elementor-element elementor-element-1115e6b elementor-widget-laptop__width-inherit elementor-hidden-desktop elementor-hidden-laptop elementor-hidden-tablet elementor-hidden-mobile_extra elementor-hidden-mobile elementor-widget elementor-widget-text-editor\" data-id=\"1115e6b\" data-element_type=\"widget\" data-e-type=\"widget\" data-widget_type=\"text-editor.default\">\n\t\t\t\t<div class=\"elementor-widget-container\">\n\t\t\t\t\t\t\t\t\t<p><strong>DURACI\u00d3N DE LA EXPERIENCIA: <\/strong>45 MINUTOS | <strong> CU\u00c1NDO: <\/strong>DEL 1 DE MAYO DE 2025 AL 31 DE OCTUBRE DE 2025<\/p><p><strong>D\u00cdAS Y HORARIOS:<\/strong> DE LUNES A VIERNES A LAS 10 H.<\/p>\t\t\t\t\t\t\t\t<\/div>\n\t\t\t\t<\/div>\n\t\t\t\t<\/div>\n\t\t\t\t<\/div>\n\t\t\t\t<\/div>\n\t\t\t\t\t<\/div>\n\t\t\t\t<\/div>\n\t\t<div class=\"elementor-element elementor-element-a923e51 e-flex e-con-boxed e-con e-parent\" data-id=\"a923e51\" data-element_type=\"container\" data-e-type=\"container\" data-settings=\"{&quot;jet_parallax_layout_list&quot;:[]}\">\n\t\t\t\t\t<div class=\"e-con-inner\">\n\t\t<div class=\"elementor-element elementor-element-b6ecb32 elementor-hidden-mobile e-con-full elementor-hidden-desktop elementor-hidden-laptop elementor-hidden-tablet_extra e-flex e-con e-child\" data-id=\"b6ecb32\" data-element_type=\"container\" data-e-type=\"container\" data-settings=\"{&quot;jet_parallax_layout_list&quot;:[]}\">\n\t\t<div class=\"elementor-element elementor-element-802b6e4 e-con-full e-flex e-con e-child\" data-id=\"802b6e4\" data-element_type=\"container\" data-e-type=\"container\" data-settings=\"{&quot;jet_parallax_layout_list&quot;:[]}\">\n\t\t<div class=\"elementor-element elementor-element-5d3ca2d e-con-full e-flex e-con e-child\" data-id=\"5d3ca2d\" data-element_type=\"container\" data-e-type=\"container\" data-settings=\"{&quot;jet_parallax_layout_list&quot;:[]}\">\n\t\t\t\t<div class=\"elementor-element elementor-element-1731d19 subtitle-position-above elementor-widget__width-initial elementor-mobile-align-center elementor-widget-mobile__width-inherit elementor-widget-tablet__width-inherit elementor-align-center elementor-widget elementor-widget-hnice-heading\" data-id=\"1731d19\" data-element_type=\"widget\" data-e-type=\"widget\" data-widget_type=\"hnice-heading.default\">\n\t\t\t\t<div class=\"elementor-widget-container\">\n\t\t\t\t\t<div class=\"elementor-heading-wrapper-inner\"><h2 class=\"elementor-heading-title elementor-size-default\">Juego de cata de aceite de oliva<\/h2><div class=\"elementor-sub-title\">CASTELLINA IN CHIANTI<\/div><\/div>\t\t\t\t<\/div>\n\t\t\t\t<\/div>\n\t\t\t\t<div class=\"elementor-element elementor-element-daf0eb2 elementor-widget-laptop__width-inherit elementor-widget elementor-widget-text-editor\" data-id=\"daf0eb2\" data-element_type=\"widget\" data-e-type=\"widget\" data-widget_type=\"text-editor.default\">\n\t\t\t\t<div class=\"elementor-widget-container\">\n\t\t\t\t\t\t\t\t\t<p>Descubre el arte del aceite de oliva virgen extra con catas guiadas y un juego sensorial \u00fanico y atractivo.<\/p>\t\t\t\t\t\t\t\t<\/div>\n\t\t\t\t<\/div>\n\t\t\t\t<div class=\"elementor-element elementor-element-4657571 elementor-widget-laptop__width-inherit elementor-widget elementor-widget-text-editor\" data-id=\"4657571\" data-element_type=\"widget\" data-e-type=\"widget\" data-widget_type=\"text-editor.default\">\n\t\t\t\t<div class=\"elementor-widget-container\">\n\t\t\t\t\t\t\t\t\t<p><strong>\u00bfAlguna vez has querido descubrir los secretos de un buen aceite de oliva virgen extra?  <\/strong><\/p><p>Con esta experiencia interactiva, aprender\u00e1s a reconocer un aceite de excelente calidad y a comprender las opciones de producci\u00f3n que influyen en el sabor y el aroma. Cataremos cuatro aceites distintos, explorando las diferencias de producci\u00f3n, estructura y estilo, y pondremos a prueba tus habilidades sensoriales mediante un divertido juego de cata. <\/p><p>Desaf\u00eda tus sentidos, aprende a distinguir olores y sabores, y convi\u00e9rtete en un aut\u00e9ntico experto del oro verde italiano.<\/p><p><strong>\u00a1Reserva ahora para descubrir c\u00f3mo el arte del aceite se une al sabor!<\/strong><\/p>\t\t\t\t\t\t\t\t<\/div>\n\t\t\t\t<\/div>\n\t\t\t\t<div class=\"elementor-element elementor-element-4a2f73a elementor-widget-laptop__width-inherit elementor-widget elementor-widget-text-editor\" data-id=\"4a2f73a\" data-element_type=\"widget\" data-e-type=\"widget\" data-widget_type=\"text-editor.default\">\n\t\t\t\t<div class=\"elementor-widget-container\">\n\t\t\t\t\t\t\t\t\t<p><strong>\u00bfD\u00d3NDE? <\/strong><a href=\"https:\/\/maps.app.goo.gl\/iar315uXa6B5n6re8\">GEOGRAFICO DI CASTELLINA, LOC. PIAZZOLE, CASTELLINA IN CHIANTI<\/a><\/p>\t\t\t\t\t\t\t\t<\/div>\n\t\t\t\t<\/div>\n\t\t\t\t<div class=\"elementor-element elementor-element-be9b236 elementor-align-center elementor-button-outline elementor-widget elementor-widget-button\" data-id=\"be9b236\" data-element_type=\"widget\" data-e-type=\"widget\" data-widget_type=\"button.default\">\n\t\t\t\t<div class=\"elementor-widget-container\">\n\t\t\t\t\t\t\t\t\t<div class=\"elementor-button-wrapper\">\n\t\t\t\t\t<a class=\"elementor-button elementor-button-link elementor-size-sm\" href=\"https:\/\/fareharbor.com\/embeds\/book\/chiantigeografico\/items\/613547\/?full-items=yes&#038;flow=1349075\">\n\t\t\t\t\t\t<span class=\"elementor-button-content-wrapper\">\n\t\t\t\t\t\t<span class=\"elementor-button-icon\">\n\t\t\t\t<i aria-hidden=\"true\" class=\"hnice-icon- hnice-icon-right-arrow\"><\/i>\t\t\t<\/span>\n\t\t\t\t\t\t\t\t\t<span class=\"elementor-button-text\">EXPERIENCIA DEL LIBRO<\/span>\n\t\t\t\t\t<\/span>\n\t\t\t\t\t<\/a>\n\t\t\t\t<\/div>\n\t\t\t\t\t\t\t\t<\/div>\n\t\t\t\t<\/div>\n\t\t\t\t<div class=\"elementor-element elementor-element-24ad61a elementor-widget-laptop__width-inherit elementor-hidden-tablet_extra elementor-hidden-tablet elementor-hidden-mobile_extra elementor-hidden-mobile elementor-widget elementor-widget-text-editor\" data-id=\"24ad61a\" data-element_type=\"widget\" data-e-type=\"widget\" data-widget_type=\"text-editor.default\">\n\t\t\t\t<div class=\"elementor-widget-container\">\n\t\t\t\t\t\t\t\t\t<p><strong>DURACI\u00d3N DE LA EXPERIENCIA: <\/strong>45 MINUTOS | <strong> CU\u00c1NDO: <\/strong>DEL 1 DE MAYO DE 2025 AL 31 DE OCTUBRE DE 2025 | <strong> D\u00cdAS Y HORAS:<\/strong> DE LUNES A VIERNES A LAS 10 H.<\/p>\t\t\t\t\t\t\t\t<\/div>\n\t\t\t\t<\/div>\n\t\t\t\t<div class=\"elementor-element elementor-element-e6c61cf elementor-widget-laptop__width-inherit elementor-hidden-desktop elementor-hidden-laptop elementor-widget elementor-widget-text-editor\" data-id=\"e6c61cf\" data-element_type=\"widget\" data-e-type=\"widget\" data-widget_type=\"text-editor.default\">\n\t\t\t\t<div class=\"elementor-widget-container\">\n\t\t\t\t\t\t\t\t\t<p><strong>DURACI\u00d3N DE LA EXPERIENCIA: <\/strong>45 MINUTOS | <strong> CU\u00c1NDO: <\/strong>DEL 1 DE MAYO DE 2025 AL 31 DE OCTUBRE DE 2025<\/p><p><strong>D\u00cdAS Y HORARIOS:<\/strong> DE LUNES A VIERNES A LAS 10 H.<\/p>\t\t\t\t\t\t\t\t<\/div>\n\t\t\t\t<\/div>\n\t\t\t\t<\/div>\n\t\t\t\t<\/div>\n\t\t\t\t<\/div>\n\t\t\t\t\t<\/div>\n\t\t\t\t<\/div>\n\t\t<div class=\"elementor-element elementor-element-b1b7235 e-con-full e-flex e-con e-parent\" data-id=\"b1b7235\" data-element_type=\"container\" data-e-type=\"container\" data-settings=\"{&quot;jet_parallax_layout_list&quot;:[]}\">\n\t\t<div class=\"elementor-element elementor-element-18e310e e-con-full e-flex e-con e-child\" data-id=\"18e310e\" data-element_type=\"container\" data-e-type=\"container\" data-settings=\"{&quot;jet_parallax_layout_list&quot;:[]}\">\n\t\t\t\t<div class=\"elementor-element elementor-element-b286863 elementor-widget elementor-widget-image\" data-id=\"b286863\" data-element_type=\"widget\" data-e-type=\"widget\" data-widget_type=\"image.default\">\n\t\t\t\t<div class=\"elementor-widget-container\">\n\t\t\t\t\t\t\t\t\t\t\t\t\t\t\t<img loading=\"lazy\" decoding=\"async\" width=\"820\" height=\"500\" src=\"https:\/\/compassionate-germain.37-27-136-151.plesk.page\/wp-content\/uploads\/2025\/04\/WhatsApp-Image-2025-04-16-at-10.54.04.jpg\" class=\"attachment-large size-large wp-image-37443\" alt=\"\" srcset=\"https:\/\/compassionate-germain.37-27-136-151.plesk.page\/wp-content\/uploads\/2025\/04\/WhatsApp-Image-2025-04-16-at-10.54.04.jpg 820w, https:\/\/compassionate-germain.37-27-136-151.plesk.page\/wp-content\/uploads\/2025\/04\/WhatsApp-Image-2025-04-16-at-10.54.04-300x183.jpg 300w, https:\/\/compassionate-germain.37-27-136-151.plesk.page\/wp-content\/uploads\/2025\/04\/WhatsApp-Image-2025-04-16-at-10.54.04-768x468.jpg 768w, https:\/\/compassionate-germain.37-27-136-151.plesk.page\/wp-content\/uploads\/2025\/04\/WhatsApp-Image-2025-04-16-at-10.54.04-800x488.jpg 800w\" sizes=\"auto, (max-width: 820px) 100vw, 820px\" \/>\t\t\t\t\t\t\t\t\t\t\t\t\t\t\t<\/div>\n\t\t\t\t<\/div>\n\t\t\t\t<\/div>\n\t\t<div class=\"elementor-element elementor-element-be575c2 e-con-full e-flex e-con e-child\" data-id=\"be575c2\" data-element_type=\"container\" data-e-type=\"container\" data-settings=\"{&quot;jet_parallax_layout_list&quot;:[]}\">\n\t\t\t\t<div class=\"elementor-element elementor-element-95431f3 elementor-widget elementor-widget-image\" data-id=\"95431f3\" data-element_type=\"widget\" data-e-type=\"widget\" data-widget_type=\"image.default\">\n\t\t\t\t<div class=\"elementor-widget-container\">\n\t\t\t\t\t\t\t\t\t\t\t\t\t\t\t<img loading=\"lazy\" decoding=\"async\" width=\"820\" height=\"500\" src=\"https:\/\/compassionate-germain.37-27-136-151.plesk.page\/wp-content\/uploads\/2025\/04\/WhatsApp-Image-2025-04-16-at-10.54.05.jpg\" class=\"attachment-large size-large wp-image-37446\" alt=\"\" srcset=\"https:\/\/compassionate-germain.37-27-136-151.plesk.page\/wp-content\/uploads\/2025\/04\/WhatsApp-Image-2025-04-16-at-10.54.05.jpg 820w, https:\/\/compassionate-germain.37-27-136-151.plesk.page\/wp-content\/uploads\/2025\/04\/WhatsApp-Image-2025-04-16-at-10.54.05-300x183.jpg 300w, https:\/\/compassionate-germain.37-27-136-151.plesk.page\/wp-content\/uploads\/2025\/04\/WhatsApp-Image-2025-04-16-at-10.54.05-768x468.jpg 768w, https:\/\/compassionate-germain.37-27-136-151.plesk.page\/wp-content\/uploads\/2025\/04\/WhatsApp-Image-2025-04-16-at-10.54.05-800x488.jpg 800w\" sizes=\"auto, (max-width: 820px) 100vw, 820px\" \/>\t\t\t\t\t\t\t\t\t\t\t\t\t\t\t<\/div>\n\t\t\t\t<\/div>\n\t\t\t\t<\/div>\n\t\t<div class=\"elementor-element elementor-element-462784d e-con-full e-flex e-con e-child\" data-id=\"462784d\" data-element_type=\"container\" data-e-type=\"container\" data-settings=\"{&quot;jet_parallax_layout_list&quot;:[]}\">\n\t\t\t\t<div class=\"elementor-element elementor-element-6f26017 elementor-widget elementor-widget-image\" data-id=\"6f26017\" data-element_type=\"widget\" data-e-type=\"widget\" data-widget_type=\"image.default\">\n\t\t\t\t<div class=\"elementor-widget-container\">\n\t\t\t\t\t\t\t\t\t\t\t\t\t\t\t<img loading=\"lazy\" decoding=\"async\" width=\"820\" height=\"500\" src=\"https:\/\/compassionate-germain.37-27-136-151.plesk.page\/wp-content\/uploads\/2025\/04\/WhatsApp-Image-2025-04-16-at-10.54.04-3.jpg\" class=\"attachment-large size-large wp-image-37442\" alt=\"\" srcset=\"https:\/\/compassionate-germain.37-27-136-151.plesk.page\/wp-content\/uploads\/2025\/04\/WhatsApp-Image-2025-04-16-at-10.54.04-3.jpg 820w, https:\/\/compassionate-germain.37-27-136-151.plesk.page\/wp-content\/uploads\/2025\/04\/WhatsApp-Image-2025-04-16-at-10.54.04-3-300x183.jpg 300w, https:\/\/compassionate-germain.37-27-136-151.plesk.page\/wp-content\/uploads\/2025\/04\/WhatsApp-Image-2025-04-16-at-10.54.04-3-768x468.jpg 768w, https:\/\/compassionate-germain.37-27-136-151.plesk.page\/wp-content\/uploads\/2025\/04\/WhatsApp-Image-2025-04-16-at-10.54.04-3-800x488.jpg 800w\" sizes=\"auto, (max-width: 820px) 100vw, 820px\" \/>\t\t\t\t\t\t\t\t\t\t\t\t\t\t\t<\/div>\n\t\t\t\t<\/div>\n\t\t\t\t<\/div>\n\t\t\t\t<\/div>\n\t\t\t\t<\/div>\n\t\t","protected":false},"excerpt":{"rendered":"<p>Juego de cata de aceite de oliva CASTELLINA IN CHIANTI Descubre el arte del aceite de oliva virgen extra con catas guiadas y un juego sensorial \u00fanico y atractivo. \u00bfAlguna vez has querido descubrir los secretos de un buen aceite de oliva virgen extra? Con esta experiencia interactiva, aprender\u00e1s a reconocer un aceite de excelente [&hellip;]<\/p>\n","protected":false},"author":1,"featured_media":0,"parent":36696,"menu_order":0,"comment_status":"closed","ping_status":"closed","template":"","meta":{"_acf_changed":false,"footnotes":""},"class_list":["post-37441","page","type-page","status-publish","hentry"],"acf":[],"_links":{"self":[{"href":"https:\/\/compassionate-germain.37-27-136-151.plesk.page\/es\/wp-json\/wp\/v2\/pages\/37441","targetHints":{"allow":["GET"]}}],"collection":[{"href":"https:\/\/compassionate-germain.37-27-136-151.plesk.page\/es\/wp-json\/wp\/v2\/pages"}],"about":[{"href":"https:\/\/compassionate-germain.37-27-136-151.plesk.page\/es\/wp-json\/wp\/v2\/types\/page"}],"author":[{"embeddable":true,"href":"https:\/\/compassionate-germain.37-27-136-151.plesk.page\/es\/wp-json\/wp\/v2\/users\/1"}],"replies":[{"embeddable":true,"href":"https:\/\/compassionate-germain.37-27-136-151.plesk.page\/es\/wp-json\/wp\/v2\/comments?post=37441"}],"version-history":[{"count":1,"href":"https:\/\/compassionate-germain.37-27-136-151.plesk.page\/es\/wp-json\/wp\/v2\/pages\/37441\/revisions"}],"predecessor-version":[{"id":37450,"href":"https:\/\/compassionate-germain.37-27-136-151.plesk.page\/es\/wp-json\/wp\/v2\/pages\/37441\/revisions\/37450"}],"up":[{"embeddable":true,"href":"https:\/\/compassionate-germain.37-27-136-151.plesk.page\/es\/wp-json\/wp\/v2\/pages\/36696"}],"wp:attachment":[{"href":"https:\/\/compassionate-germain.37-27-136-151.plesk.page\/es\/wp-json\/wp\/v2\/media?parent=37441"}],"curies":[{"name":"wp","href":"https:\/\/api.w.org\/{rel}","templated":true}]}}