{"id":37461,"date":"2025-03-31T16:11:45","date_gmt":"2025-03-31T14:11:45","guid":{"rendered":"https:\/\/compassionate-germain.37-27-136-151.plesk.page\/experiencias\/reyes-de-la-toscana-castellina\/"},"modified":"2026-01-19T18:02:14","modified_gmt":"2026-01-19T17:02:14","slug":"reyes-de-la-toscana-castellina","status":"publish","type":"page","link":"https:\/\/compassionate-germain.37-27-136-151.plesk.page\/es\/experiencias\/reyes-de-la-toscana-castellina\/","title":{"rendered":"Reyes de la Toscana &#8211; Castellina"},"content":{"rendered":"\t\t<div data-elementor-type=\"wp-page\" data-elementor-id=\"37461\" class=\"elementor elementor-37461 elementor-31202\" data-elementor-post-type=\"page\">\n\t\t\t\t<div class=\"elementor-element elementor-element-52ce16a e-con-full e-flex e-con e-parent\" data-id=\"52ce16a\" data-element_type=\"container\" data-e-type=\"container\" data-settings=\"{&quot;jet_parallax_layout_list&quot;:[]}\">\n\t\t\t\t<div class=\"elementor-element elementor-element-4f8176d elementor-widget elementor-widget-image\" data-id=\"4f8176d\" data-element_type=\"widget\" data-e-type=\"widget\" data-widget_type=\"image.default\">\n\t\t\t\t<div class=\"elementor-widget-container\">\n\t\t\t\t\t\t\t\t\t\t\t\t\t\t\t<img loading=\"lazy\" decoding=\"async\" width=\"2560\" height=\"1049\" src=\"https:\/\/compassionate-germain.37-27-136-151.plesk.page\/wp-content\/uploads\/2025\/04\/king-of-tuscany-copertinamobile-exper.jpg\" class=\"attachment-full size-full wp-image-37698\" alt=\"\" srcset=\"https:\/\/compassionate-germain.37-27-136-151.plesk.page\/wp-content\/uploads\/2025\/04\/king-of-tuscany-copertinamobile-exper.jpg 2560w, https:\/\/compassionate-germain.37-27-136-151.plesk.page\/wp-content\/uploads\/2025\/04\/king-of-tuscany-copertinamobile-exper-300x123.jpg 300w, https:\/\/compassionate-germain.37-27-136-151.plesk.page\/wp-content\/uploads\/2025\/04\/king-of-tuscany-copertinamobile-exper-1024x420.jpg 1024w, https:\/\/compassionate-germain.37-27-136-151.plesk.page\/wp-content\/uploads\/2025\/04\/king-of-tuscany-copertinamobile-exper-768x315.jpg 768w, https:\/\/compassionate-germain.37-27-136-151.plesk.page\/wp-content\/uploads\/2025\/04\/king-of-tuscany-copertinamobile-exper-1536x629.jpg 1536w, https:\/\/compassionate-germain.37-27-136-151.plesk.page\/wp-content\/uploads\/2025\/04\/king-of-tuscany-copertinamobile-exper-2048x839.jpg 2048w, https:\/\/compassionate-germain.37-27-136-151.plesk.page\/wp-content\/uploads\/2025\/04\/king-of-tuscany-copertinamobile-exper-800x328.jpg 800w\" sizes=\"auto, (max-width: 2560px) 100vw, 2560px\" \/>\t\t\t\t\t\t\t\t\t\t\t\t\t\t\t<\/div>\n\t\t\t\t<\/div>\n\t\t\t\t<\/div>\n\t\t<div class=\"elementor-element elementor-element-2678c9c e-flex e-con-boxed e-con e-parent\" data-id=\"2678c9c\" data-element_type=\"container\" data-e-type=\"container\" data-settings=\"{&quot;jet_parallax_layout_list&quot;:[]}\">\n\t\t\t\t\t<div class=\"e-con-inner\">\n\t\t<div class=\"elementor-element elementor-element-3d157c0 e-con-full e-flex e-con e-child\" data-id=\"3d157c0\" data-element_type=\"container\" data-e-type=\"container\" data-settings=\"{&quot;jet_parallax_layout_list&quot;:[]}\">\n\t\t<div class=\"elementor-element elementor-element-9033096 e-con-full e-flex e-con e-child\" data-id=\"9033096\" data-element_type=\"container\" data-e-type=\"container\" data-settings=\"{&quot;jet_parallax_layout_list&quot;:[]}\">\n\t\t<div class=\"elementor-element elementor-element-2a76790 e-con-full e-flex e-con e-child\" data-id=\"2a76790\" data-element_type=\"container\" data-e-type=\"container\" data-settings=\"{&quot;jet_parallax_layout_list&quot;:[]}\">\n\t\t\t\t<div class=\"elementor-element elementor-element-c68174f subtitle-position-above elementor-widget__width-initial elementor-mobile-align-center elementor-widget-mobile__width-inherit elementor-widget-tablet__width-inherit elementor-align-center elementor-widget elementor-widget-hnice-heading\" data-id=\"c68174f\" data-element_type=\"widget\" data-e-type=\"widget\" data-widget_type=\"hnice-heading.default\">\n\t\t\t\t<div class=\"elementor-widget-container\">\n\t\t\t\t\t<div class=\"elementor-heading-wrapper-inner\"><h2 class=\"elementor-heading-title elementor-size-default\">Reyes de Toscana<\/h2><div class=\"elementor-sub-title\">CASTELLINA IN CHIANTI<\/div><\/div>\t\t\t\t<\/div>\n\t\t\t\t<\/div>\n\t\t\t\t<div class=\"elementor-element elementor-element-6ea5f90 elementor-widget-laptop__width-inherit elementor-widget elementor-widget-text-editor\" data-id=\"6ea5f90\" data-element_type=\"widget\" data-e-type=\"widget\" data-widget_type=\"text-editor.default\">\n\t\t\t\t<div class=\"elementor-widget-container\">\n\t\t\t\t\t\t\t\t\t<p>Un viaje fascinante entre los cinco vinos que simbolizan la elegancia toscana<br>presentados como nunca antes.<\/p>\t\t\t\t\t\t\t\t<\/div>\n\t\t\t\t<\/div>\n\t\t\t\t<div class=\"elementor-element elementor-element-dca1c0e elementor-widget-laptop__width-inherit elementor-widget elementor-widget-text-editor\" data-id=\"dca1c0e\" data-element_type=\"widget\" data-e-type=\"widget\" data-widget_type=\"text-editor.default\">\n\t\t\t\t<div class=\"elementor-widget-container\">\n\t\t\t\t\t\t\t\t\t<p><strong>Deja que te llevemos en un viaje regio por los vinos m\u00e1s c\u00e9lebres de la Toscana. Descubre los matices de elegancia y potencia del Chianti Classico, el Vino Nobile di Montepulciano, el Brunello di Montalcino y el Bolgheri. <\/strong><\/p><p>Estos vinos son los verdaderos iconos del territorio, cada uno con su propia historia y car\u00e1cter inconfundibles. Acompa\u00f1an a esta experiencia \u00fanica delicias de reposter\u00eda salada gourmet, dise\u00f1adas para realzar las caracter\u00edsticas de cada copa, y un homenaje a la tradici\u00f3n con una degustaci\u00f3n de Vernaccia di San Gimignano, la variedad de uva blanca reina de la regi\u00f3n. <\/p><p>Aprende los secretos para apreciar mejor estas obras maestras de la enolog\u00eda y enriquece tus conocimientos con historias fascinantes sobre los or\u00edgenes y la evoluci\u00f3n de los reyes de la Toscana. Descubre y saborea en una sola experiencia todos los grandes vinos toscanos que han marcado la historia de Geografico <\/p><p>Reserva ahora y reg\u00e1late una experiencia irrepetible en el coraz\u00f3n del Chianti.<\/p>\t\t\t\t\t\t\t\t<\/div>\n\t\t\t\t<\/div>\n\t\t\t\t<div class=\"elementor-element elementor-element-1413754 elementor-widget-laptop__width-inherit elementor-widget elementor-widget-text-editor\" data-id=\"1413754\" data-element_type=\"widget\" data-e-type=\"widget\" data-widget_type=\"text-editor.default\">\n\t\t\t\t<div class=\"elementor-widget-container\">\n\t\t\t\t\t\t\t\t\t<p><strong>\u00bfD\u00d3NDE? <\/strong><a href=\"https:\/\/maps.app.goo.gl\/iar315uXa6B5n6re8\">GEOGRAFICO DI CASTELLINA, LOC. PIAZZOLE, CASTELLINA IN CHIANTI<\/a><\/p>\t\t\t\t\t\t\t\t<\/div>\n\t\t\t\t<\/div>\n\t\t\t\t<div class=\"elementor-element elementor-element-0d6e8d8 elementor-align-center elementor-button-outline elementor-widget elementor-widget-button\" data-id=\"0d6e8d8\" data-element_type=\"widget\" data-e-type=\"widget\" data-widget_type=\"button.default\">\n\t\t\t\t<div class=\"elementor-widget-container\">\n\t\t\t\t\t\t\t\t\t<div class=\"elementor-button-wrapper\">\n\t\t\t\t\t<a class=\"elementor-button elementor-button-link elementor-size-sm\" href=\"https:\/\/fareharbor.com\/embeds\/book\/chiantigeografico\/items\/613545\/?full-items=yes&#038;flow=1349075\">\n\t\t\t\t\t\t<span class=\"elementor-button-content-wrapper\">\n\t\t\t\t\t\t<span class=\"elementor-button-icon\">\n\t\t\t\t<i aria-hidden=\"true\" class=\"hnice-icon- hnice-icon-right-arrow\"><\/i>\t\t\t<\/span>\n\t\t\t\t\t\t\t\t\t<span class=\"elementor-button-text\">EXPERIENCIA DEL LIBRO<\/span>\n\t\t\t\t\t<\/span>\n\t\t\t\t\t<\/a>\n\t\t\t\t<\/div>\n\t\t\t\t\t\t\t\t<\/div>\n\t\t\t\t<\/div>\n\t\t\t\t<div class=\"elementor-element elementor-element-4908b2a elementor-widget-laptop__width-inherit elementor-hidden-tablet_extra elementor-hidden-laptop elementor-hidden-tablet elementor-hidden-mobile_extra elementor-hidden-mobile elementor-widget elementor-widget-text-editor\" data-id=\"4908b2a\" data-element_type=\"widget\" data-e-type=\"widget\" data-widget_type=\"text-editor.default\">\n\t\t\t\t<div class=\"elementor-widget-container\">\n\t\t\t\t\t\t\t\t\t<p><strong>DURACI\u00d3N DE LA EXPERIENCIA: <\/strong>1 HORA | <strong> CU\u00c1NDO: <\/strong>DEL 1 DE MAYO DE 2025 AL 31 DE OCTUBRE DE 2025 |<strong> D\u00cdAS Y HORARIOS: <\/strong>DE LUNES A VIERNES A LAS 11 H Y A LAS 15 H.<\/p>\t\t\t\t\t\t\t\t<\/div>\n\t\t\t\t<\/div>\n\t\t\t\t<div class=\"elementor-element elementor-element-fca2d37 elementor-widget-laptop__width-inherit elementor-hidden-desktop elementor-widget elementor-widget-text-editor\" data-id=\"fca2d37\" data-element_type=\"widget\" data-e-type=\"widget\" data-widget_type=\"text-editor.default\">\n\t\t\t\t<div class=\"elementor-widget-container\">\n\t\t\t\t\t\t\t\t\t<p><strong>DURACI\u00d3N DE LA EXPERIENCIA: <\/strong>1 HORA | <strong> CU\u00c1NDO: <\/strong>DEL 1 DE MAYO DE 2025 AL 31 DE OCTUBRE DE 2025<strong> <\/strong><\/p><p><strong>D\u00cdAS Y HORARIOS: <\/strong>DE LUNES A VIERNES A LAS 11 H Y A LAS 15 H.<\/p>\t\t\t\t\t\t\t\t<\/div>\n\t\t\t\t<\/div>\n\t\t\t\t<\/div>\n\t\t\t\t<\/div>\n\t\t\t\t<\/div>\n\t\t\t\t\t<\/div>\n\t\t\t\t<\/div>\n\t\t<div class=\"elementor-element elementor-element-fe0b403 e-con-full e-flex e-con e-parent\" data-id=\"fe0b403\" data-element_type=\"container\" data-e-type=\"container\" data-settings=\"{&quot;jet_parallax_layout_list&quot;:[]}\">\n\t\t<div class=\"elementor-element elementor-element-c4a72c3 e-con-full e-flex e-con e-child\" data-id=\"c4a72c3\" data-element_type=\"container\" data-e-type=\"container\" data-settings=\"{&quot;jet_parallax_layout_list&quot;:[]}\">\n\t\t\t\t<div class=\"elementor-element elementor-element-d20655d elementor-widget elementor-widget-image\" data-id=\"d20655d\" data-element_type=\"widget\" data-e-type=\"widget\" data-widget_type=\"image.default\">\n\t\t\t\t<div class=\"elementor-widget-container\">\n\t\t\t\t\t\t\t\t\t\t\t\t\t\t\t<img loading=\"lazy\" decoding=\"async\" width=\"820\" height=\"500\" src=\"https:\/\/compassionate-germain.37-27-136-151.plesk.page\/wp-content\/uploads\/2025\/04\/KOT-2-int.jpg\" class=\"attachment-large size-large wp-image-31804\" alt=\"\" srcset=\"https:\/\/compassionate-germain.37-27-136-151.plesk.page\/wp-content\/uploads\/2025\/04\/KOT-2-int.jpg 820w, https:\/\/compassionate-germain.37-27-136-151.plesk.page\/wp-content\/uploads\/2025\/04\/KOT-2-int-300x183.jpg 300w, https:\/\/compassionate-germain.37-27-136-151.plesk.page\/wp-content\/uploads\/2025\/04\/KOT-2-int-768x468.jpg 768w, https:\/\/compassionate-germain.37-27-136-151.plesk.page\/wp-content\/uploads\/2025\/04\/KOT-2-int-800x488.jpg 800w\" sizes=\"auto, (max-width: 820px) 100vw, 820px\" \/>\t\t\t\t\t\t\t\t\t\t\t\t\t\t\t<\/div>\n\t\t\t\t<\/div>\n\t\t\t\t<\/div>\n\t\t<div class=\"elementor-element elementor-element-196b5a1 e-con-full e-flex e-con e-child\" data-id=\"196b5a1\" data-element_type=\"container\" data-e-type=\"container\" data-settings=\"{&quot;jet_parallax_layout_list&quot;:[]}\">\n\t\t\t\t<div class=\"elementor-element elementor-element-84da929 elementor-widget elementor-widget-image\" data-id=\"84da929\" data-element_type=\"widget\" data-e-type=\"widget\" data-widget_type=\"image.default\">\n\t\t\t\t<div class=\"elementor-widget-container\">\n\t\t\t\t\t\t\t\t\t\t\t\t\t\t\t<img loading=\"lazy\" decoding=\"async\" width=\"820\" height=\"500\" src=\"https:\/\/compassionate-germain.37-27-136-151.plesk.page\/wp-content\/uploads\/2025\/04\/kot-3-int.jpg\" class=\"attachment-large size-large wp-image-31808\" alt=\"\" srcset=\"https:\/\/compassionate-germain.37-27-136-151.plesk.page\/wp-content\/uploads\/2025\/04\/kot-3-int.jpg 820w, https:\/\/compassionate-germain.37-27-136-151.plesk.page\/wp-content\/uploads\/2025\/04\/kot-3-int-300x183.jpg 300w, https:\/\/compassionate-germain.37-27-136-151.plesk.page\/wp-content\/uploads\/2025\/04\/kot-3-int-768x468.jpg 768w, https:\/\/compassionate-germain.37-27-136-151.plesk.page\/wp-content\/uploads\/2025\/04\/kot-3-int-800x488.jpg 800w\" sizes=\"auto, (max-width: 820px) 100vw, 820px\" \/>\t\t\t\t\t\t\t\t\t\t\t\t\t\t\t<\/div>\n\t\t\t\t<\/div>\n\t\t\t\t<\/div>\n\t\t<div class=\"elementor-element elementor-element-9767da1 e-con-full e-flex e-con e-child\" data-id=\"9767da1\" data-element_type=\"container\" data-e-type=\"container\" data-settings=\"{&quot;jet_parallax_layout_list&quot;:[]}\">\n\t\t\t\t<div class=\"elementor-element elementor-element-7b8b02d elementor-widget elementor-widget-image\" data-id=\"7b8b02d\" data-element_type=\"widget\" data-e-type=\"widget\" data-widget_type=\"image.default\">\n\t\t\t\t<div class=\"elementor-widget-container\">\n\t\t\t\t\t\t\t\t\t\t\t\t\t\t\t<img loading=\"lazy\" decoding=\"async\" width=\"820\" height=\"500\" src=\"https:\/\/compassionate-germain.37-27-136-151.plesk.page\/wp-content\/uploads\/2025\/04\/KOF-2.jpg\" class=\"attachment-large size-large wp-image-32189\" alt=\"\" srcset=\"https:\/\/compassionate-germain.37-27-136-151.plesk.page\/wp-content\/uploads\/2025\/04\/KOF-2.jpg 820w, https:\/\/compassionate-germain.37-27-136-151.plesk.page\/wp-content\/uploads\/2025\/04\/KOF-2-300x183.jpg 300w, https:\/\/compassionate-germain.37-27-136-151.plesk.page\/wp-content\/uploads\/2025\/04\/KOF-2-768x468.jpg 768w, https:\/\/compassionate-germain.37-27-136-151.plesk.page\/wp-content\/uploads\/2025\/04\/KOF-2-800x488.jpg 800w\" sizes=\"auto, (max-width: 820px) 100vw, 820px\" \/>\t\t\t\t\t\t\t\t\t\t\t\t\t\t\t<\/div>\n\t\t\t\t<\/div>\n\t\t\t\t<\/div>\n\t\t\t\t<\/div>\n\t\t\t\t<\/div>\n\t\t","protected":false},"excerpt":{"rendered":"<p>Reyes de Toscana CASTELLINA IN CHIANTI Un viaje fascinante entre los cinco vinos que simbolizan la elegancia toscanapresentados como nunca antes. Deja que te llevemos en un viaje regio por los vinos m\u00e1s c\u00e9lebres de la Toscana. Descubre los matices de elegancia y potencia del Chianti Classico, el Vino Nobile di Montepulciano, el Brunello di [&hellip;]<\/p>\n","protected":false},"author":1,"featured_media":0,"parent":36696,"menu_order":0,"comment_status":"closed","ping_status":"closed","template":"","meta":{"_acf_changed":false,"footnotes":""},"class_list":["post-37461","page","type-page","status-publish","hentry"],"acf":[],"_links":{"self":[{"href":"https:\/\/compassionate-germain.37-27-136-151.plesk.page\/es\/wp-json\/wp\/v2\/pages\/37461","targetHints":{"allow":["GET"]}}],"collection":[{"href":"https:\/\/compassionate-germain.37-27-136-151.plesk.page\/es\/wp-json\/wp\/v2\/pages"}],"about":[{"href":"https:\/\/compassionate-germain.37-27-136-151.plesk.page\/es\/wp-json\/wp\/v2\/types\/page"}],"author":[{"embeddable":true,"href":"https:\/\/compassionate-germain.37-27-136-151.plesk.page\/es\/wp-json\/wp\/v2\/users\/1"}],"replies":[{"embeddable":true,"href":"https:\/\/compassionate-germain.37-27-136-151.plesk.page\/es\/wp-json\/wp\/v2\/comments?post=37461"}],"version-history":[{"count":1,"href":"https:\/\/compassionate-germain.37-27-136-151.plesk.page\/es\/wp-json\/wp\/v2\/pages\/37461\/revisions"}],"predecessor-version":[{"id":37462,"href":"https:\/\/compassionate-germain.37-27-136-151.plesk.page\/es\/wp-json\/wp\/v2\/pages\/37461\/revisions\/37462"}],"up":[{"embeddable":true,"href":"https:\/\/compassionate-germain.37-27-136-151.plesk.page\/es\/wp-json\/wp\/v2\/pages\/36696"}],"wp:attachment":[{"href":"https:\/\/compassionate-germain.37-27-136-151.plesk.page\/es\/wp-json\/wp\/v2\/media?parent=37461"}],"curies":[{"name":"wp","href":"https:\/\/api.w.org\/{rel}","templated":true}]}}