{"id":38272,"date":"2024-08-29T10:22:09","date_gmt":"2024-08-29T08:22:09","guid":{"rendered":"https:\/\/compassionate-germain.37-27-136-151.plesk.page\/product\/condesa-de-radda-3\/"},"modified":"2026-04-27T09:33:56","modified_gmt":"2026-04-27T07:33:56","slug":"condesa-de-radda-3","status":"publish","type":"product","link":"https:\/\/compassionate-germain.37-27-136-151.plesk.page\/es\/producto\/condesa-de-radda-3\/","title":{"rendered":"Contessa di Radda"},"content":{"rendered":"","protected":false},"excerpt":{"rendered":"<div class=\"page\" title=\"P\u00e1gina 1\">\n<div class=\"layoutArea\">\n<div class=\"column\">\n<div class=\"page\" title=\"P\u00e1gina 1\">\n<div class=\"layoutArea\">\n<div class=\"column\">\n<div class=\"page\" title=\"P\u00e1gina 1\">\n<div class=\"layoutArea\">\n<div class=\"column\">\n<div class=\"page\" title=\"P\u00e1gina 1\">\n<div class=\"layoutArea\">\n<div class=\"column\">\n<div class=\"page\" title=\"P\u00e1gina 1\">\n<div class=\"layoutArea\">\n<div class=\"column\">\n<div class=\"page\" title=\"P\u00e1gina 1\">\n<div class=\"layoutArea\">\n<div class=\"column\">\n<div class=\"page\" title=\"P\u00e1gina 1\">\n<div class=\"layoutArea\">\n<div class=\"column\">\n<div class=\"page\" title=\"P\u00e1gina 1\">\n<div class=\"layoutArea\">\n<div class=\"column\">\n<div class=\"page\" title=\"P\u00e1gina 1\">\n<div class=\"layoutArea\">\n<div class=\"column\">\n<p>El buque insignia de Geografico, la l\u00ednea \u00abContessa di Radda\u00bb, presume de una tradici\u00f3n antigua y gloriosa. El nombre celebra la historia del Chianti Classico, rindiendo homenaje a la ilustre Willa de Toscana. Mujer fuerte y valiente, Willa llev\u00f3 el tim\u00f3n de la Toscana durante los dif\u00edciles a\u00f1os del siglo X, junto con su hijo Ugo, recordado por Dante en la Divina Comedia como el \u00abGran Bar\u00f3n\u00bb.<\/p>\n<\/div>\n<\/div>\n<\/div>\n<\/div>\n<\/div>\n<\/div>\n<\/div>\n<\/div>\n<\/div>\n<\/div>\n<\/div>\n<\/div>\n<\/div>\n<\/div>\n<\/div>\n<\/div>\n<\/div>\n<\/div>\n<\/div>\n<\/div>\n<\/div>\n<\/div>\n<\/div>\n<\/div>\n<\/div>\n<\/div>\n<\/div>\n","protected":false},"featured_media":38273,"template":"","meta":{"_acf_changed":false},"product_cat":[501,470,499,468],"product_tag":[],"class_list":{"0":"post-38272","1":"product","2":"type-product","3":"status-publish","4":"has-post-thumbnail","6":"product_cat-condesa-de-radda","7":"product_cat-docg-es","8":"product_cat-geografico","9":"product_cat-rojo","11":"first","12":"instock","13":"shipping-taxable","14":"product-type-external"},"acf":[],"_links":{"self":[{"href":"https:\/\/compassionate-germain.37-27-136-151.plesk.page\/es\/wp-json\/wp\/v2\/product\/38272","targetHints":{"allow":["GET"]}}],"collection":[{"href":"https:\/\/compassionate-germain.37-27-136-151.plesk.page\/es\/wp-json\/wp\/v2\/product"}],"about":[{"href":"https:\/\/compassionate-germain.37-27-136-151.plesk.page\/es\/wp-json\/wp\/v2\/types\/product"}],"wp:featuredmedia":[{"embeddable":true,"href":"https:\/\/compassionate-germain.37-27-136-151.plesk.page\/es\/wp-json\/wp\/v2\/media\/38273"}],"wp:attachment":[{"href":"https:\/\/compassionate-germain.37-27-136-151.plesk.page\/es\/wp-json\/wp\/v2\/media?parent=38272"}],"wp:term":[{"taxonomy":"product_cat","embeddable":true,"href":"https:\/\/compassionate-germain.37-27-136-151.plesk.page\/es\/wp-json\/wp\/v2\/product_cat?post=38272"},{"taxonomy":"product_tag","embeddable":true,"href":"https:\/\/compassionate-germain.37-27-136-151.plesk.page\/es\/wp-json\/wp\/v2\/product_tag?post=38272"}],"curies":[{"name":"wp","href":"https:\/\/api.w.org\/{rel}","templated":true}]}}