{"id":38560,"date":"2024-08-29T12:05:23","date_gmt":"2024-08-29T10:05:23","guid":{"rendered":"https:\/\/compassionate-germain.37-27-136-151.plesk.page\/product\/tribunal-pazzi-4\/"},"modified":"2026-04-27T10:13:20","modified_gmt":"2026-04-27T08:13:20","slug":"tribunal-pazzi-4","status":"publish","type":"product","link":"https:\/\/compassionate-germain.37-27-136-151.plesk.page\/es\/producto\/tribunal-pazzi-4\/","title":{"rendered":"Corte dei Pazzi"},"content":{"rendered":"","protected":false},"excerpt":{"rendered":"<div class=\"page\" title=\"P\u00e1gina 1\">\n<div class=\"layoutArea\">\n<div class=\"column\">\n<div class=\"page\" title=\"P\u00e1gina 1\">\n<div class=\"layoutArea\">\n<div class=\"column\">\n<div class=\"page\" title=\"P\u00e1gina 1\">\n<div class=\"layoutArea\">\n<div class=\"column\">\n<div class=\"page\" title=\"P\u00e1gina 1\">\n<div class=\"layoutArea\">\n<div class=\"column\">\n<div class=\"page\" title=\"P\u00e1gina 1\">\n<div class=\"layoutArea\">\n<div class=\"column\">\n<div class=\"page\" title=\"P\u00e1gina 1\">\n<div class=\"layoutArea\">\n<div class=\"column\">\n<div class=\"page\" title=\"P\u00e1gina 1\">\n<div class=\"layoutArea\">\n<div class=\"column\">\n<div class=\"page\" title=\"P\u00e1gina 1\">\n<div class=\"layoutArea\">\n<div class=\"column\">\n<div class=\"page\" title=\"P\u00e1gina 1\">\n<div class=\"layoutArea\">\n<div class=\"column\">\n<div class=\"page\" title=\"P\u00e1gina 1\">\n<div class=\"layoutArea\">\n<div class=\"column\">\n<div class=\"page\" title=\"P\u00e1gina 1\">\n<div class=\"layoutArea\">\n<div class=\"column\">\n<div class=\"page\" title=\"P\u00e1gina 1\">\n<div class=\"layoutArea\">\n<div class=\"column\">\n<div class=\"page\" title=\"P\u00e1gina 1\">\n<div class=\"layoutArea\">\n<div class=\"column\">\n<div class=\"page\" title=\"P\u00e1gina 1\">\n<div class=\"layoutArea\">\n<div class=\"column\">\n<div class=\"page\" title=\"P\u00e1gina 1\">\n<div class=\"layoutArea\">\n<div class=\"column\">\n<div class=\"page\" title=\"P\u00e1gina 1\">\n<div class=\"layoutArea\">\n<div class=\"column\">\n<div class=\"page\" title=\"P\u00e1gina 1\">\n<div class=\"layoutArea\">\n<div class=\"column\">\n<div class=\"page\" title=\"P\u00e1gina 1\">\n<div class=\"layoutArea\">\n<div class=\"column\">\n<div class=\"page\" title=\"P\u00e1gina 1\">\n<div class=\"layoutArea\">\n<div class=\"column\">\n<div class=\"page\" title=\"P\u00e1gina 1\">\n<div class=\"layoutArea\">\n<div class=\"column\">\n<p>Montepulciano expresa todo el potencial de una regi\u00f3n a trav\u00e9s de su vino emblem\u00e1tico, el Vino Nobile di Montepulciano. Bien estructurado, con longevidad y aromas intensos, expresa fielmente las profundas ra\u00edces toscanas y el antiguo v\u00ednculo entre la tierra y el hombre.<\/p>\n<\/div>\n<\/div>\n<\/div>\n<\/div>\n<\/div>\n<\/div>\n<\/div>\n<\/div>\n<\/div>\n<\/div>\n<\/div>\n<\/div>\n<\/div>\n<\/div>\n<\/div>\n<\/div>\n<\/div>\n<\/div>\n<\/div>\n<\/div>\n<\/div>\n<\/div>\n<\/div>\n<\/div>\n<\/div>\n<\/div>\n<\/div>\n<\/div>\n<\/div>\n<\/div>\n<\/div>\n<\/div>\n<\/div>\n<\/div>\n<\/div>\n<\/div>\n<\/div>\n<\/div>\n<\/div>\n<\/div>\n<\/div>\n<\/div>\n<\/div>\n<\/div>\n<\/div>\n<\/div>\n<\/div>\n<\/div>\n<\/div>\n<\/div>\n<\/div>\n<\/div>\n<\/div>\n<\/div>\n<\/div>\n<\/div>\n<\/div>\n<\/div>\n<\/div>\n<\/div>\n","protected":false},"featured_media":39904,"template":"","meta":{"_acf_changed":false},"product_cat":[470,499,468,526],"product_tag":[],"class_list":{"0":"post-38560","1":"product","2":"type-product","3":"status-publish","4":"has-post-thumbnail","6":"product_cat-docg-es","7":"product_cat-geografico","8":"product_cat-rojo","9":"product_cat-tribunal-pazzi","11":"first","12":"instock","13":"shipping-taxable","14":"product-type-external"},"acf":[],"_links":{"self":[{"href":"https:\/\/compassionate-germain.37-27-136-151.plesk.page\/es\/wp-json\/wp\/v2\/product\/38560","targetHints":{"allow":["GET"]}}],"collection":[{"href":"https:\/\/compassionate-germain.37-27-136-151.plesk.page\/es\/wp-json\/wp\/v2\/product"}],"about":[{"href":"https:\/\/compassionate-germain.37-27-136-151.plesk.page\/es\/wp-json\/wp\/v2\/types\/product"}],"wp:featuredmedia":[{"embeddable":true,"href":"https:\/\/compassionate-germain.37-27-136-151.plesk.page\/es\/wp-json\/wp\/v2\/media\/39904"}],"wp:attachment":[{"href":"https:\/\/compassionate-germain.37-27-136-151.plesk.page\/es\/wp-json\/wp\/v2\/media?parent=38560"}],"wp:term":[{"taxonomy":"product_cat","embeddable":true,"href":"https:\/\/compassionate-germain.37-27-136-151.plesk.page\/es\/wp-json\/wp\/v2\/product_cat?post=38560"},{"taxonomy":"product_tag","embeddable":true,"href":"https:\/\/compassionate-germain.37-27-136-151.plesk.page\/es\/wp-json\/wp\/v2\/product_tag?post=38560"}],"curies":[{"name":"wp","href":"https:\/\/api.w.org\/{rel}","templated":true}]}}