{"id":38585,"date":"2024-08-29T11:13:02","date_gmt":"2024-08-29T09:13:02","guid":{"rendered":"https:\/\/compassionate-germain.37-27-136-151.plesk.page\/product\/borgo-alla-terra-3\/"},"modified":"2026-04-27T09:15:10","modified_gmt":"2026-04-27T07:15:10","slug":"borgo-alla-terra-3","status":"publish","type":"product","link":"https:\/\/compassionate-germain.37-27-136-151.plesk.page\/es\/producto\/borgo-alla-terra-3\/","title":{"rendered":"Borgo alla Terra"},"content":{"rendered":"","protected":false},"excerpt":{"rendered":"<div class=\"page\" title=\"P\u00e1gina 1\">\n<div class=\"layoutArea\">\n<div class=\"column\">\n<div class=\"page\" title=\"P\u00e1gina 1\">\n<div class=\"layoutArea\">\n<div class=\"column\">\n<div class=\"page\" title=\"P\u00e1gina 1\">\n<div class=\"layoutArea\">\n<div class=\"column\">\n<div class=\"page\" title=\"P\u00e1gina 1\">\n<div class=\"layoutArea\">\n<div class=\"column\">\n<div class=\"page\" title=\"P\u00e1gina 1\">\n<div class=\"layoutArea\">\n<div class=\"column\">\n<div class=\"page\" title=\"P\u00e1gina 1\">\n<div class=\"layoutArea\">\n<div class=\"column\">\n<div class=\"page\" title=\"P\u00e1gina 1\">\n<div class=\"layoutArea\">\n<div class=\"column\">\n<div class=\"page\" title=\"P\u00e1gina 1\">\n<div class=\"layoutArea\">\n<div class=\"column\">\n<div class=\"page\" title=\"P\u00e1gina 1\">\n<div class=\"layoutArea\">\n<div class=\"column\">\n<div class=\"page\" title=\"P\u00e1gina 1\">\n<div class=\"layoutArea\">\n<div class=\"column\">\n<div class=\"page\" title=\"P\u00e1gina 1\">\n<div class=\"layoutArea\">\n<div class=\"column\">\n<div class=\"page\" title=\"P\u00e1gina 1\">\n<div class=\"layoutArea\">\n<div class=\"column\">\n<div class=\"page\" title=\"P\u00e1gina 1\">\n<div class=\"layoutArea\">\n<div class=\"column\">\n<div class=\"page\" title=\"P\u00e1gina 1\">\n<div class=\"layoutArea\">\n<div class=\"column\">\n<div class=\"page\" title=\"P\u00e1gina 1\">\n<div class=\"layoutArea\">\n<div class=\"column\">\n<p>Borgo alla Terra Governo se elabora siguiendo fielmente la antigua receta tradicional toscana. El m\u00e9todo \u00abgoverno\u00bb, que consiste en inducir una segunda fermentaci\u00f3n del vino mediante la adici\u00f3n de uvas pasas, es el punto de encuentro ideal entre el orgulloso pasado y las nuevas t\u00e9cnicas de vinificaci\u00f3n, una combinaci\u00f3n que permite alcanzar cotas cualitativas excepcionales.<\/p>\n<\/div>\n<\/div>\n<\/div>\n<\/div>\n<\/div>\n<\/div>\n<\/div>\n<\/div>\n<\/div>\n<\/div>\n<\/div>\n<\/div>\n<\/div>\n<\/div>\n<\/div>\n<\/div>\n<\/div>\n<\/div>\n<\/div>\n<\/div>\n<\/div>\n<\/div>\n<\/div>\n<\/div>\n<\/div>\n<\/div>\n<\/div>\n<\/div>\n<\/div>\n<\/div>\n<\/div>\n<\/div>\n<\/div>\n<\/div>\n<\/div>\n<\/div>\n<\/div>\n<\/div>\n<\/div>\n<\/div>\n<\/div>\n<\/div>\n<\/div>\n<\/div>\n<\/div>\n","protected":false},"featured_media":39896,"template":"","meta":{"_acf_changed":false},"product_cat":[528,470,499,468],"product_tag":[],"class_list":{"0":"post-38585","1":"product","2":"type-product","3":"status-publish","4":"has-post-thumbnail","6":"product_cat-borgo-alla-terra-es","7":"product_cat-docg-es","8":"product_cat-geografico","9":"product_cat-rojo","11":"first","12":"instock","13":"shipping-taxable","14":"product-type-external"},"acf":[],"_links":{"self":[{"href":"https:\/\/compassionate-germain.37-27-136-151.plesk.page\/es\/wp-json\/wp\/v2\/product\/38585","targetHints":{"allow":["GET"]}}],"collection":[{"href":"https:\/\/compassionate-germain.37-27-136-151.plesk.page\/es\/wp-json\/wp\/v2\/product"}],"about":[{"href":"https:\/\/compassionate-germain.37-27-136-151.plesk.page\/es\/wp-json\/wp\/v2\/types\/product"}],"wp:featuredmedia":[{"embeddable":true,"href":"https:\/\/compassionate-germain.37-27-136-151.plesk.page\/es\/wp-json\/wp\/v2\/media\/39896"}],"wp:attachment":[{"href":"https:\/\/compassionate-germain.37-27-136-151.plesk.page\/es\/wp-json\/wp\/v2\/media?parent=38585"}],"wp:term":[{"taxonomy":"product_cat","embeddable":true,"href":"https:\/\/compassionate-germain.37-27-136-151.plesk.page\/es\/wp-json\/wp\/v2\/product_cat?post=38585"},{"taxonomy":"product_tag","embeddable":true,"href":"https:\/\/compassionate-germain.37-27-136-151.plesk.page\/es\/wp-json\/wp\/v2\/product_tag?post=38585"}],"curies":[{"name":"wp","href":"https:\/\/api.w.org\/{rel}","templated":true}]}}