{"id":38597,"date":"2024-08-29T11:06:59","date_gmt":"2024-08-29T09:06:59","guid":{"rendered":"https:\/\/compassionate-germain.37-27-136-151.plesk.page\/product\/borgo-alla-terra-5\/"},"modified":"2026-04-27T09:16:28","modified_gmt":"2026-04-27T07:16:28","slug":"borgo-alla-terra-5","status":"publish","type":"product","link":"https:\/\/compassionate-germain.37-27-136-151.plesk.page\/es\/producto\/borgo-alla-terra-5\/","title":{"rendered":"Borgo alla Terra"},"content":{"rendered":"","protected":false},"excerpt":{"rendered":"<div class=\"page\" title=\"P\u00e1gina 1\">\n<div class=\"layoutArea\">\n<div class=\"column\">\n<div class=\"page\" title=\"P\u00e1gina 1\">\n<div class=\"layoutArea\">\n<div class=\"column\">\n<div class=\"page\" title=\"P\u00e1gina 1\">\n<div class=\"layoutArea\">\n<div class=\"column\">\n<div class=\"page\" title=\"P\u00e1gina 1\">\n<div class=\"layoutArea\">\n<div class=\"column\">\n<div class=\"page\" title=\"P\u00e1gina 1\">\n<div class=\"layoutArea\">\n<div class=\"column\">\n<div class=\"page\" title=\"P\u00e1gina 1\">\n<div class=\"layoutArea\">\n<div class=\"column\">\n<div class=\"page\" title=\"P\u00e1gina 1\">\n<div class=\"layoutArea\">\n<div class=\"column\">\n<div class=\"page\" title=\"P\u00e1gina 1\">\n<div class=\"layoutArea\">\n<div class=\"column\">\n<div class=\"page\" title=\"P\u00e1gina 1\">\n<div class=\"layoutArea\">\n<div class=\"column\">\n<div class=\"page\" title=\"P\u00e1gina 1\">\n<div class=\"layoutArea\">\n<div class=\"column\">\n<div class=\"page\" title=\"P\u00e1gina 1\">\n<div class=\"layoutArea\">\n<div class=\"column\">\n<div class=\"page\" title=\"P\u00e1gina 1\">\n<div class=\"layoutArea\">\n<div class=\"column\">\n<div class=\"page\" title=\"P\u00e1gina 1\">\n<div class=\"layoutArea\">\n<div class=\"column\">\n<div class=\"page\" title=\"P\u00e1gina 1\">\n<div class=\"layoutArea\">\n<div class=\"column\">\n<p>Dentro de la prestigiosa l\u00ednea \u00abBorgo alla Terra\u00bb no pod\u00eda faltar el rey de los vinos toscanos: el Chianti Riserva. Esta menci\u00f3n, reciente incorporaci\u00f3n a la rica familia de los vinos de Chianti, exige una larga y severa crianza de al menos dos a\u00f1os.<\/p>\n<\/div>\n<\/div>\n<\/div>\n<\/div>\n<\/div>\n<\/div>\n<\/div>\n<\/div>\n<\/div>\n<\/div>\n<\/div>\n<\/div>\n<\/div>\n<\/div>\n<\/div>\n<\/div>\n<\/div>\n<\/div>\n<\/div>\n<\/div>\n<\/div>\n<\/div>\n<\/div>\n<\/div>\n<\/div>\n<\/div>\n<\/div>\n<\/div>\n<\/div>\n<\/div>\n<\/div>\n<\/div>\n<\/div>\n<\/div>\n<\/div>\n<\/div>\n<\/div>\n<\/div>\n<\/div>\n<\/div>\n<\/div>\n<\/div>\n","protected":false},"featured_media":39894,"template":"","meta":{"_acf_changed":false},"product_cat":[528,470,499,468],"product_tag":[],"class_list":{"0":"post-38597","1":"product","2":"type-product","3":"status-publish","4":"has-post-thumbnail","6":"product_cat-borgo-alla-terra-es","7":"product_cat-docg-es","8":"product_cat-geografico","9":"product_cat-rojo","11":"first","12":"instock","13":"shipping-taxable","14":"product-type-external"},"acf":[],"_links":{"self":[{"href":"https:\/\/compassionate-germain.37-27-136-151.plesk.page\/es\/wp-json\/wp\/v2\/product\/38597","targetHints":{"allow":["GET"]}}],"collection":[{"href":"https:\/\/compassionate-germain.37-27-136-151.plesk.page\/es\/wp-json\/wp\/v2\/product"}],"about":[{"href":"https:\/\/compassionate-germain.37-27-136-151.plesk.page\/es\/wp-json\/wp\/v2\/types\/product"}],"wp:featuredmedia":[{"embeddable":true,"href":"https:\/\/compassionate-germain.37-27-136-151.plesk.page\/es\/wp-json\/wp\/v2\/media\/39894"}],"wp:attachment":[{"href":"https:\/\/compassionate-germain.37-27-136-151.plesk.page\/es\/wp-json\/wp\/v2\/media?parent=38597"}],"wp:term":[{"taxonomy":"product_cat","embeddable":true,"href":"https:\/\/compassionate-germain.37-27-136-151.plesk.page\/es\/wp-json\/wp\/v2\/product_cat?post=38597"},{"taxonomy":"product_tag","embeddable":true,"href":"https:\/\/compassionate-germain.37-27-136-151.plesk.page\/es\/wp-json\/wp\/v2\/product_tag?post=38597"}],"curies":[{"name":"wp","href":"https:\/\/api.w.org\/{rel}","templated":true}]}}